{"id":5928,"date":"2023-12-19T12:28:32","date_gmt":"2023-12-19T11:28:32","guid":{"rendered":"https:\/\/cleopatra.nl\/?page_id=5928"},"modified":"2024-01-09T10:11:13","modified_gmt":"2024-01-09T09:11:13","slug":"stoomtechniek-installatie-checklist","status":"publish","type":"page","link":"https:\/\/cleopatra.nl\/fr\/stoomtechniek-installatie-checklist\/","title":{"rendered":"Liste de contr\u00f4le pour l'installation de la technologie de la vapeur"},"content":{"rendered":"<h3>Liste de contr\u00f4le de l'emplacement des cabines<\/h3>\n<ul>\n<li>-Lisez le manuel d'installation de la cabine que vous pouvez trouver en ligne.<\/li>\n<li>Les dimensions indiqu\u00e9es sont des dimensions minimales nettes de la cabine et sont sujettes \u00e0 des tol\u00e9rances.<\/li>\n<li>En raison des tol\u00e9rances, avant d'installer la cabine, pr\u00e9voyez environ 100 mm tout autour des dimensions nettes de la cabine.<\/li>\n<li>V\u00e9rifiez qu'il y a suffisamment d'espace pour les robinets et la tuyauterie.<\/li>\n<li>Pour le raccordement de la ventilation et de l'\u00e9clairage, ajoutez au moins 100 \u00e0 150 mm \u00e0 la dimension de la hauteur nette.<\/li>\n<li>Demandez \u00e0 l'installateur de d\u00e9terminer au pr\u00e9alable si la capacit\u00e9 de votre alimentation en eau chaude est suffisante. Cela vaut pour la pression et la quantit\u00e9 d'eau, en particulier pour les douches lat\u00e9rales.<\/li>\n<li>L'alimentation \u00e9lectrique doit se trouver \u00e0 moins d'un m\u00e8tre de la technologie de la vapeur. - Alimentation \u00e9lectrique : pour un g\u00e9n\u00e9rateur de vapeur \u00e0 partir de 6,0 kW, une connexion de 400 volts est n\u00e9cessaire. Pour 3 kW, une connexion de 230 V est suffisante, 4,5 kW peut \u00eatre connect\u00e9 \u00e0 une connexion de 400 V ou 2 x 230 V. Veillez \u00e0 ce qu'il y ait toujours un interrupteur d'isolement.<\/li>\n<li>Si vous avez choisi l'option de dosage de la poussi\u00e8re de parfum : la pi\u00e8ce de raccordement de la poussi\u00e8re de parfum se monte dans la partie du tuyau de vapeur qui descend le long de la pente jusqu'\u00e0 l'entr\u00e9e de vapeur, \u00e0 un endroit accessible. Ainsi, la poussi\u00e8re de parfum ne peut jamais p\u00e9n\u00e9trer dans le g\u00e9n\u00e9rateur de vapeur.<\/li>\n<\/ul>\n<h3>Technologie de la vapeur<\/h3>\n<p>La production de vapeur est contr\u00f4l\u00e9e par l'unit\u00e9 de vapeur plac\u00e9e \u00e0 l'ext\u00e9rieur de la cabine. Cela signifie qu'il faut pr\u00e9voir un espace o\u00f9 l'unit\u00e9 de vapeur et la technologie connexe sont plac\u00e9es (la longueur du tuyau de vapeur peut aller jusqu'\u00e0 3,5 m). Cet espace doit toujours \u00eatre accessible. Naturellement, la technologie compl\u00e8te est \u00e9quip\u00e9e de tous les dispositifs de s\u00e9curit\u00e9 n\u00e9cessaires ; lisez toujours le manuel avant l'installation, qui peut \u00eatre t\u00e9l\u00e9charg\u00e9 en ligne.<\/p>\n<h3>Facilit\u00e9s d'installation<\/h3>\n<ul>\n<li>La douche \u00e0 vapeur peut \u00eatre install\u00e9e comme :<\/li>\n<li>Il y a un raccordement pour l'eau chaude et froide dans la chambre.<\/li>\n<li>Il y a une \u00e9vacuation de l'eau de la douche.<\/li>\n<li>Il y a une ventilation naturelle\/m\u00e9canique.<\/li>\n<li>Veillez \u00e0 ce que les sols et les murs soient de niveau. - Dans le cas d'une cabine structurelle, isolez les murs.<\/li>\n<li>Une connexion \u00e9lectrique de 230V ou 400V est pr\u00e9sente derri\u00e8re un interrupteur d'isolement.<\/li>\n<li>Un drain r\u00e9sistant \u00e0 la chaleur est pr\u00e9sent dans la salle d'installation de la technologie de la vapeur.<\/li>\n<\/ul>\n<h3>Garantie<\/h3>\n<p>Toutes les cabines de bien-\u00eatre Cleopatra sont assorties d'une garantie du fabricant de deux ans.<\/p>","protected":false},"excerpt":{"rendered":"<p>Checklist plaatsing cabines \u2022Lees de montage handleiding van de cabine deze vindt u online. Aangegeven maten zijn minimale netto cabinematen en onderhevig aan toleranties. Reken in verband met toleranties, voordat u de cabine gaat installeren, bij de netto cabinematen ongeveer 100 mm rondom. Controleer of er voldoende ruimte is voor kranen en leidingwerk. Reken voor [&hellip;]<\/p>\n","protected":false},"author":1,"featured_media":0,"parent":0,"menu_order":0,"comment_status":"closed","ping_status":"closed","template":"","meta":{"_acf_changed":false,"footnotes":""},"hf_cat_page":[],"class_list":["post-5928","page","type-page","status-publish","format-standard","hentry"],"acf":[],"_links":{"self":[{"href":"https:\/\/cleopatra.nl\/fr\/wp-json\/wp\/v2\/pages\/5928","targetHints":{"allow":["GET"]}}],"collection":[{"href":"https:\/\/cleopatra.nl\/fr\/wp-json\/wp\/v2\/pages"}],"about":[{"href":"https:\/\/cleopatra.nl\/fr\/wp-json\/wp\/v2\/types\/page"}],"author":[{"embeddable":true,"href":"https:\/\/cleopatra.nl\/fr\/wp-json\/wp\/v2\/users\/1"}],"replies":[{"embeddable":true,"href":"https:\/\/cleopatra.nl\/fr\/wp-json\/wp\/v2\/comments?post=5928"}],"version-history":[{"count":0,"href":"https:\/\/cleopatra.nl\/fr\/wp-json\/wp\/v2\/pages\/5928\/revisions"}],"wp:attachment":[{"href":"https:\/\/cleopatra.nl\/fr\/wp-json\/wp\/v2\/media?parent=5928"}],"wp:term":[{"taxonomy":"hf_cat_page","embeddable":true,"href":"https:\/\/cleopatra.nl\/fr\/wp-json\/wp\/v2\/hf_cat_page?post=5928"}],"curies":[{"name":"wp","href":"https:\/\/api.w.org\/{rel}","templated":true}]}}