{"id":7882,"date":"2024-11-06T11:06:55","date_gmt":"2024-11-06T10:06:55","guid":{"rendered":"https:\/\/cleopatra.nl\/?page_id=7882"},"modified":"2024-11-06T11:20:31","modified_gmt":"2024-11-06T10:20:31","slug":"salt-rooms","status":"publish","type":"page","link":"https:\/\/cleopatra.nl\/fr\/salt-rooms\/","title":{"rendered":"Salles de sel"},"content":{"rendered":"<p>La th\u00e9rapie par le sel existe depuis des si\u00e8cles et est toujours d'actualit\u00e9, \u00e0 juste titre. Cette activit\u00e9 peut contribuer \u00e0 am\u00e9liorer la sant\u00e9 pulmonaire, la d\u00e9pression et l'anxi\u00e9t\u00e9.<\/p>\n<div style=\"width:100%; padding-top:56%; position:relative\">\n<iframe loading=\"lazy\" src=\"https:\/\/cleopatra1234.sirv.com\/Salt%20room\/Salt%20room.spin\" width=\"100%\" height=\"100%\" style=\"position: absolute; inset: 0;\" frameborder=\"0\" allowfullscreen><\/iframe>\n<\/div>\n<p>&nbsp;<\/p>\n<h3>Histoire de l'haloth\u00e9rapie<\/h3>\n<p>Le premier appareil d'haloth\u00e9rapie a \u00e9t\u00e9 mis au point en 1980 par l'Institut de recherche scientifique d'Odessa. La machine (halog\u00e9nateur) a \u00e9t\u00e9 con\u00e7ue pour moudre et broyer du sel et lib\u00e9rer les particules dans l'air afin d'imiter l'environnement d'une mine de sel souterraine.<\/p>\n<h3>Qu'est-ce que l'haloth\u00e9rapie ?<\/h3>\n<p>L'haloth\u00e9rapie, ou th\u00e9rapie par le sel, est une activit\u00e9 qui consiste \u00e0 inhaler des particules de sel microscopiques cens\u00e9es am\u00e9liorer les probl\u00e8mes pulmonaires tels que l'asthme, la bronchite et la toux. Il existe deux types de chambres d'haloth\u00e9rapie : les chambres actives et les chambres passives.<\/p>\n<h3>Salle de sel active<\/h3>\n<p>Cette chambre utilise une machine appel\u00e9e halog\u00e9nateur. Un halog\u00e9nateur est une machine qui broie du sel en particules microscopiques et les lib\u00e8re dans l'air d'une chambre. Les particules de sel sont cens\u00e9es absorber les irritants, y compris les allerg\u00e8nes et les toxines, dans les voies respiratoires, am\u00e9liorant ainsi la sant\u00e9 globale des poumons.<\/p>\n<h3>Chambre saline passive<\/h3>\n<p>Contrairement aux chambres de sel actives, cette chambre n'est pas \u00e9quip\u00e9e d'un g\u00e9n\u00e9rateur d'halog\u00e8ne. Les chambres passives sont plut\u00f4t remplies de diff\u00e9rents types de panneaux de sel, tels que les panneaux muraux de sel de l'Himalaya. Ces chambres de sel passives sont souvent con\u00e7ues pour contr\u00f4ler l'environnement en r\u00e9gulant le flux d'air, l'humidit\u00e9 et la temp\u00e9rature afin de cr\u00e9er un environnement exempt d'allerg\u00e8nes et de polluants.<\/p>\n<h2>AVANTAGES POUR LA SANT\u00c9<\/h2>\n<h3>D\u00e9bouche les voies respiratoires<\/h3>\n<p>Lorsque vous inhalez des particules de sel sec dans vos poumons, vos voies respiratoires les absorbent. Ce processus nettoie les particules nocives qui provoquent le r\u00e9tr\u00e9cissement des voies respiratoires et facilite la respiration. C'est pourquoi les m\u00e9decins recommandent l'haloth\u00e9rapie comme un \"plus\" pour les personnes souffrant d'asthme.<\/p>\n<h3>Nettoie les bact\u00e9ries<\/h3>\n<p>Le sel est un remarquable agent antibact\u00e9rien, antimicrobien et antiviral naturel. C'est pourquoi il \u00e9tait autrefois utilis\u00e9 comme conservateur. Lorsque le sel p\u00e9n\u00e8tre dans les poumons, il d\u00e9shydrate les bact\u00e9ries ; sans eau, les bact\u00e9ries ne peuvent pas fonctionner correctement et finissent par mourir.<\/p>\n<h3>Excellent anti-inflammatoire<\/h3>\n<p>L'inflammation se produit lorsque les globules blancs tentent de prot\u00e9ger l'organisme contre les bact\u00e9ries, les infections ou d'autres organismes \u00e9trangers. Le sel est un excellent anti-inflammatoire car il peut nettoyer les toxines des fosses nasales et des voies respiratoires, r\u00e9duisant ainsi les gonflements.<\/p>\n<h3>Am\u00e9liore la peau<\/h3>\n<p>Le sel peut aider \u00e0 stabiliser le PH de la peau et am\u00e9liorer la r\u00e9g\u00e9n\u00e9ration et l'\u00e9lasticit\u00e9 de la peau. En outre, l'haloth\u00e9rapie peut contribuer \u00e0 r\u00e9duire les affections cutan\u00e9es telles que la dermatite, l'acn\u00e9 et les \u00e9ruptions cutan\u00e9es.<\/p>\n<h3>R\u00e9duit l'anxi\u00e9t\u00e9 et la d\u00e9pression<\/h3>\n<p>L'inhalation de particules de sel microscopiques inonde le corps d'ions n\u00e9gatifs. Les ions n\u00e9gatifs d\u00e9clenchent une r\u00e9action biochimique qui augmente le taux de s\u00e9rotonine dans le cerveau. La s\u00e9rotonine, connue sous le nom de \"substance chimique du bien-\u00eatre\", est responsable de notre humeur. Des niveaux plus \u00e9lev\u00e9s de s\u00e9rotonine contribuent \u00e0 att\u00e9nuer la d\u00e9pression et \u00e0 soulager le stress et l'anxi\u00e9t\u00e9.<\/p>\n<h3>Clause de non-responsabilit\u00e9<\/h3>\n<p>Bien que l'haloth\u00e9rapie soit consid\u00e9r\u00e9e comme s\u00fbre et efficace dans le cadre de soins de sant\u00e9 pr\u00e9ventifs et r\u00e9parateurs, il ne s'agit pas d'un traitement m\u00e9dical ni d'une gu\u00e9rison. Vous devez consulter votre m\u00e9decin pour savoir si l'haloth\u00e9rapie vous convient si vous avez de la fi\u00e8vre, des plaies ouvertes, un cancer, une hypertension art\u00e9rielle s\u00e9v\u00e8re, des troubles mentaux, une tuberculose active ou si vous \u00eates enceinte.<\/p>\n<h2>INFORMATIONS TECHNIQUES<\/h2>\n<ul>\n<li>Dimensions des pierres de sel de l'Himalaya 200x100x50 mm<\/li>\n<li>Les chambres \u00e0 sel sont fabriqu\u00e9es sur mesure en fonction des sp\u00e9cifications du client.<\/li>\n<li>Atomiseur optionnel 230V (chambre active ou passive)<\/li>\n<li>Il doit toujours y avoir une ventilation et un apport d'air chaud dans la pi\u00e8ce.<\/li>\n<li>Eclairage color\u00e9 LED derri\u00e8re le mur de sel (230V)<\/li>\n<li>100% Pierres de sel naturelles de l'Himalaya<\/li>\n<\/ul>","protected":false},"excerpt":{"rendered":"<p>Zouttherapie bestaat al eeuwen en is vandaag de dag nog steeds relevant; met goede reden Deze activiteit kan de gezondheid van de longen, depressie en angst helpen verbeteren. &nbsp; Geschiedenis van halotherapie Het eerste halotherapie apparaat werd in 1980 ontwikkeld door het Odesa Science Research Institute. De machine (halogenerator) is ontworpen voor het malen en [&hellip;]<\/p>\n","protected":false},"author":1,"featured_media":7802,"parent":0,"menu_order":0,"comment_status":"closed","ping_status":"closed","template":"","meta":{"_acf_changed":false,"footnotes":""},"hf_cat_page":[],"class_list":["post-7882","page","type-page","status-publish","format-standard","has-post-thumbnail","hentry"],"acf":[],"_links":{"self":[{"href":"https:\/\/cleopatra.nl\/fr\/wp-json\/wp\/v2\/pages\/7882","targetHints":{"allow":["GET"]}}],"collection":[{"href":"https:\/\/cleopatra.nl\/fr\/wp-json\/wp\/v2\/pages"}],"about":[{"href":"https:\/\/cleopatra.nl\/fr\/wp-json\/wp\/v2\/types\/page"}],"author":[{"embeddable":true,"href":"https:\/\/cleopatra.nl\/fr\/wp-json\/wp\/v2\/users\/1"}],"replies":[{"embeddable":true,"href":"https:\/\/cleopatra.nl\/fr\/wp-json\/wp\/v2\/comments?post=7882"}],"version-history":[{"count":0,"href":"https:\/\/cleopatra.nl\/fr\/wp-json\/wp\/v2\/pages\/7882\/revisions"}],"wp:featuredmedia":[{"embeddable":true,"href":"https:\/\/cleopatra.nl\/fr\/wp-json\/wp\/v2\/media\/7802"}],"wp:attachment":[{"href":"https:\/\/cleopatra.nl\/fr\/wp-json\/wp\/v2\/media?parent=7882"}],"wp:term":[{"taxonomy":"hf_cat_page","embeddable":true,"href":"https:\/\/cleopatra.nl\/fr\/wp-json\/wp\/v2\/hf_cat_page?post=7882"}],"curies":[{"name":"wp","href":"https:\/\/api.w.org\/{rel}","templated":true}]}}