{"id":10135,"date":"2026-03-10T20:37:12","date_gmt":"2026-03-10T19:37:12","guid":{"rendered":"https:\/\/cleopatra.nl\/?post_type=product&#038;p=10135"},"modified":"2026-03-10T20:50:07","modified_gmt":"2026-03-10T19:50:07","slug":"tuscany-orange-tree-100ml","status":"publish","type":"product","link":"https:\/\/cleopatra.nl\/fr\/shop\/cleopatra-scents\/tuscany-orange-tree-100ml\/","title":{"rendered":"Tuscany Orange Tree &#8211; 100ml"},"content":{"rendered":"<p><strong>Sp\u00e9cifications<\/strong><\/p>\n<p>Tuscany Orange Tree is een levendige en opbeurende geur die de essentie van zonovergoten Italiaanse boomgaarden vastlegt. Het bevat frisse, pittige tonen van rijpe sinaasappel en citrusvruchten, aangevuld met subtiele groene en bloemige hints van oranjebloesem. De geur is helder, vrolijk en verkwikkend en doet denken aan de warme briesjes en weelderige landschappen van Toscane. Perfect voor het uitstralen van energie, vreugde en een vleugje mediterrane elegantie.<\/p>\n<p>&nbsp;<\/p>\n<h4>Emballage<\/h4>\n<p>Emballage luxueux avec fermeture magn\u00e9tique. Le volume du flacon est de 100 ml. Le flacon et l'emballage sont recyclables.<\/p>\n<h4><\/h4>\n<h4>Avertissement<\/h4>\n<p><strong>NL- Recharge diffuseur de parfum<\/strong>.<\/p>\n<p>AVERTISSEMENT : Provoque une irritation de la peau. Peut provoquer une r\u00e9action allergique de la peau. Provoque une irritation s\u00e9v\u00e8re des yeux. Toxique pour les organismes aquatiques, avec des effets durables. Lors de l'obtention d'un avis m\u00e9dical, garder le r\u00e9cipient ou l'\u00e9tiquette \u00e0 port\u00e9e de main. Tenir hors de port\u00e9e des enfants. \u00c9viter l'inhalation des vapeurs. \u00c9viter le rejet dans l'environnement. EN CAS DE CONTACT AVEC LA PEAU : laver abondamment \u00e0 l'eau\/au savon. EN CAS DE CONTACT AVEC LES YEUX : rincer prudemment avec de l'eau pendant plusieurs minutes ; retirer si possible les lentilles de contact ; continuer \u00e0 rincer. En cas d'irritation de la peau ou d'\u00e9ruption cutan\u00e9e : consulter un m\u00e9decin. \u00c9liminer le contenu\/l'emballage aupr\u00e8s d'une entreprise de traitement des d\u00e9chets agr\u00e9\u00e9e. \u00c9viter le contact du parfum avec les meubles, le cuir ou les surfaces en bois trait\u00e9es. En cas de d\u00e9versement de liquide, nettoyer imm\u00e9diatement.<\/p>","protected":false},"excerpt":{"rendered":"<p>Specificatie Tuscany Orange Tree is een levendige en opbeurende geur die de essentie van zonovergoten Italiaanse boomgaarden vastlegt. Het bevat frisse, pittige tonen van rijpe sinaasappel en citrusvruchten, aangevuld met subtiele groene en bloemige hints van oranjebloesem. De geur is helder, vrolijk en verkwikkend en doet denken aan de warme briesjes en weelderige landschappen van [&hellip;]<\/p>\n","protected":false},"featured_media":10114,"template":"","format":"standard","meta":{"_acf_changed":false},"product_brand":[],"product_cat":[298,328],"product_tag":[],"class_list":{"0":"post-10135","1":"product","2":"type-product","3":"status-publish","4":"format-standard","5":"has-post-thumbnail","7":"product_cat-cleopatra-scents","8":"product_cat-scents-100ml","10":"first","11":"instock","12":"taxable","13":"shipping-taxable","14":"purchasable","15":"product-type-simple"},"acf":[],"_links":{"self":[{"href":"https:\/\/cleopatra.nl\/fr\/wp-json\/wp\/v2\/product\/10135","targetHints":{"allow":["GET"]}}],"collection":[{"href":"https:\/\/cleopatra.nl\/fr\/wp-json\/wp\/v2\/product"}],"about":[{"href":"https:\/\/cleopatra.nl\/fr\/wp-json\/wp\/v2\/types\/product"}],"wp:featuredmedia":[{"embeddable":true,"href":"https:\/\/cleopatra.nl\/fr\/wp-json\/wp\/v2\/media\/10114"}],"wp:attachment":[{"href":"https:\/\/cleopatra.nl\/fr\/wp-json\/wp\/v2\/media?parent=10135"}],"wp:term":[{"taxonomy":"product_brand","embeddable":true,"href":"https:\/\/cleopatra.nl\/fr\/wp-json\/wp\/v2\/product_brand?post=10135"},{"taxonomy":"product_cat","embeddable":true,"href":"https:\/\/cleopatra.nl\/fr\/wp-json\/wp\/v2\/product_cat?post=10135"},{"taxonomy":"product_tag","embeddable":true,"href":"https:\/\/cleopatra.nl\/fr\/wp-json\/wp\/v2\/product_tag?post=10135"}],"curies":[{"name":"wp","href":"https:\/\/api.w.org\/{rel}","templated":true}]}}