{"id":10229,"date":"2026-03-28T15:54:05","date_gmt":"2026-03-28T14:54:05","guid":{"rendered":"https:\/\/cleopatra.nl\/?post_type=product&#038;p=10229"},"modified":"2026-04-26T22:54:16","modified_gmt":"2026-04-26T20:54:16","slug":"verwarmde-lounger","status":"publish","type":"product","link":"https:\/\/cleopatra.nl\/fr\/shop\/verwarmde-lounger\/","title":{"rendered":"Verwarmde loungers | betegelbaar"},"content":{"rendered":"<p data-start=\"0\" data-end=\"374\">Cette chaise longue chauffante est con\u00e7ue pour un confort et une d\u00e9tente optimaux. Le canap\u00e9 est \u00e9quip\u00e9 d'un tapis chauffant int\u00e9gr\u00e9 qui assure une r\u00e9partition uniforme et agr\u00e9able de la chaleur. Le thermostat et la minuterie vous permettent de r\u00e9gler facilement la temp\u00e9rature et la dur\u00e9e d'utilisation souhait\u00e9es. Avec une puissance de 2300W, la chaise longue peut \u00eatre branch\u00e9e directement sur un groupe 230V propre.<\/p>\n<p data-start=\"376\" data-end=\"592\">La chaleur du canap\u00e9 a un effet profond\u00e9ment relaxant : les muscles se d\u00e9tendent, la circulation est stimul\u00e9e et le corps peut r\u00e9cup\u00e9rer pleinement. Cette chaise longue est donc id\u00e9ale pour les environnements de bien-\u00eatre et de spa.<\/p>\n<p data-start=\"594\" data-end=\"730\">L'\u00e9lectronique et les connexions sont facilement accessibles via une trappe de service, et vous d\u00e9terminez la position du bouton-poussoir enti\u00e8rement comme vous le souhaitez.<\/p>\n<p data-start=\"732\" data-end=\"904\" data-is-last-node=\"\" data-is-only-node=\"\"><strong data-start=\"732\" data-end=\"743\">Remarque :<\/strong> l'illustration pr\u00e9sent\u00e9e est une version carrel\u00e9e. Nous livrons ce mod\u00e8le pr\u00eat \u00e0 carreler, c'est-\u00e0-dire sans carreaux, afin que vous puissiez le finir dans votre propre style.<\/p>\n<h3 data-start=\"732\" data-end=\"904\">Utiliser des chaises longues<\/h3>\n<p>Les chaises longues chauff\u00e9es sont l'un des endroits les plus populaires pour se d\u00e9tendre pour de nombreux visiteurs de saunas. Apr\u00e8s une s\u00e9ance de sauna intense ou une douche froide rafra\u00eechissante, elles offrent le juste \u00e9quilibre entre confort et r\u00e9cup\u00e9ration.<\/p>\n<p>Lorsque vous sortez du sauna, votre corps est r\u00e9chauff\u00e9 et vos pores sont ouverts. Votre rythme cardiaque est plus \u00e9lev\u00e9 et votre circulation sanguine est active. En vous asseyant ensuite sur une chaise longue en pierre chauff\u00e9e, vous donnez \u00e0 votre corps la possibilit\u00e9 de se refroidir progressivement. La chaleur douce et homog\u00e8ne des dalles favorise ce processus de mani\u00e8re naturelle, sans \u00eatre brusque ou inconfortable.<\/p>\n<p>Apr\u00e8s une douche froide, c'est l'inverse qui se produit, mais c'est tout aussi agr\u00e9able. Votre corps a \u00e9t\u00e9 stimul\u00e9 par le froid et r\u00e9agit en augmentant le flux sanguin. La chaleur de la chaise longue aide les muscles \u00e0 se d\u00e9tendre et r\u00e9\u00e9quilibre le corps. Le contraste entre le froid et le chaud cr\u00e9e \u00e9galement une sensation agr\u00e9able que de nombreuses personnes trouvent revigorante.<\/p>\n<p>En outre, le confort joue un r\u00f4le majeur. Les chaises longues lisses, souvent de forme ergonomique, soutiennent enti\u00e8rement votre corps. Vous pouvez rel\u00e2cher vos muscles, ralentir votre respiration et ne rien faire pendant un certain temps. Ce moment de repos favorise non seulement la r\u00e9cup\u00e9ration physique, mais aussi la d\u00e9tente mentale. En r\u00e9sum\u00e9, les chaises longues chauff\u00e9es sont un \u00e9l\u00e9ment essentiel de l'exp\u00e9rience du sauna. Elles prolongent la sensation de bien-\u00eatre, favorisent la r\u00e9cup\u00e9ration du corps et rendent le rituel plus complet et plus agr\u00e9able.<\/p>","protected":false},"excerpt":{"rendered":"<p>Deze verwarmde lounger is ontworpen voor optimaal comfort en ontspanning. De bank is voorzien van een ge\u00efntegreerde verwarmingsmat die zorgt voor een gelijkmatige, aangename warmteverdeling. Via de thermostaat en timer stelt u eenvoudig de gewenste temperatuur en gebruiksduur in. Met een vermogen van 2300W kan de lounger direct worden aangesloten op een schone 230V groep. [&hellip;]<\/p>\n","protected":false},"featured_media":10231,"template":"","format":"standard","meta":{"_acf_changed":false},"product_brand":[347],"product_cat":[71,333],"product_tag":[],"class_list":{"0":"post-10229","1":"product","2":"type-product","3":"status-publish","4":"format-standard","5":"has-post-thumbnail","7":"product_brand-cleopatra","8":"product_cat-shop","9":"product_cat-heated_loungers","11":"first","12":"instock","13":"taxable","14":"shipping-taxable","15":"purchasable","16":"product-type-simple"},"acf":[],"_links":{"self":[{"href":"https:\/\/cleopatra.nl\/fr\/wp-json\/wp\/v2\/product\/10229","targetHints":{"allow":["GET"]}}],"collection":[{"href":"https:\/\/cleopatra.nl\/fr\/wp-json\/wp\/v2\/product"}],"about":[{"href":"https:\/\/cleopatra.nl\/fr\/wp-json\/wp\/v2\/types\/product"}],"wp:featuredmedia":[{"embeddable":true,"href":"https:\/\/cleopatra.nl\/fr\/wp-json\/wp\/v2\/media\/10231"}],"wp:attachment":[{"href":"https:\/\/cleopatra.nl\/fr\/wp-json\/wp\/v2\/media?parent=10229"}],"wp:term":[{"taxonomy":"product_brand","embeddable":true,"href":"https:\/\/cleopatra.nl\/fr\/wp-json\/wp\/v2\/product_brand?post=10229"},{"taxonomy":"product_cat","embeddable":true,"href":"https:\/\/cleopatra.nl\/fr\/wp-json\/wp\/v2\/product_cat?post=10229"},{"taxonomy":"product_tag","embeddable":true,"href":"https:\/\/cleopatra.nl\/fr\/wp-json\/wp\/v2\/product_tag?post=10229"}],"curies":[{"name":"wp","href":"https:\/\/api.w.org\/{rel}","templated":true}]}}