{"id":10684,"date":"2026-04-26T21:54:51","date_gmt":"2026-04-26T19:54:51","guid":{"rendered":"https:\/\/cleopatra.nl\/?post_type=product&#038;p=10684"},"modified":"2026-04-26T21:59:40","modified_gmt":"2026-04-26T19:59:40","slug":"stoombadmelk-eucamint-1-liter","status":"publish","type":"product","link":"https:\/\/cleopatra.nl\/fr\/shop\/bad-sauna-stoombad-geuren\/stoombadmelk-eucamint-1-liter\/","title":{"rendered":"Stoombadmelk Eucamint | 1 Liter"},"content":{"rendered":"<h4>CLEOPATRA STOOMBAD MELK<\/h4>\n<p>La Cl\u00e9op\u00e2tre\u00a0<strong>parfum de bain de vapeur<\/strong> est un parfum innovant et tr\u00e8s \u00e9conomique \u00e0 utiliser. Le parfum de bain de vapeur est compos\u00e9 d'huile essentielle pure 100% et d'adjuvants inodores. Il convient \u00e0 un usage priv\u00e9 et professionnel. L'ajout du nom \"lait\" indique que le produit est blanc.<\/p>\n<p>Les parfums suivants sont disponibles :<\/p>\n<ul>\n<li>Lait d'eucalyptus<\/li>\n<li>Lait d'eucaminte<\/li>\n<\/ul>\n<p>Le parfum pour bain de vapeur est pr\u00e9sent\u00e9 dans d'\u00e9l\u00e9gantes bouteilles de 1 litre.<\/p>\n<p>Dosage : Diluer avec de l'eau (1 part de parfum pour 4 parts d'eau).<\/p>","protected":false},"excerpt":{"rendered":"<p>La Cl\u00e9op\u00e2tre\u00a0<strong>parfum de bain de vapeur<\/strong> est un parfum innovant et tr\u00e8s \u00e9conomique \u00e0 utiliser. Le parfum de bain de vapeur est compos\u00e9 d'huile essentielle pure 100% et d'adjuvants inodores. Il convient \u00e0 un usage priv\u00e9 et professionnel. L'ajout du nom \"lait\" indique que le produit est blanc.<\/p>","protected":false},"featured_media":3181,"template":"","format":"standard","meta":{"_acf_changed":false},"product_brand":[347],"product_cat":[77,71],"product_tag":[],"class_list":{"0":"post-10684","1":"product","2":"type-product","3":"status-publish","4":"format-standard","5":"has-post-thumbnail","7":"product_brand-cleopatra","8":"product_cat-bad-sauna-stoombad-geuren","9":"product_cat-shop","11":"first","12":"instock","13":"taxable","14":"shipping-taxable","15":"purchasable","16":"product-type-simple"},"acf":[],"_links":{"self":[{"href":"https:\/\/cleopatra.nl\/fr\/wp-json\/wp\/v2\/product\/10684","targetHints":{"allow":["GET"]}}],"collection":[{"href":"https:\/\/cleopatra.nl\/fr\/wp-json\/wp\/v2\/product"}],"about":[{"href":"https:\/\/cleopatra.nl\/fr\/wp-json\/wp\/v2\/types\/product"}],"wp:featuredmedia":[{"embeddable":true,"href":"https:\/\/cleopatra.nl\/fr\/wp-json\/wp\/v2\/media\/3181"}],"wp:attachment":[{"href":"https:\/\/cleopatra.nl\/fr\/wp-json\/wp\/v2\/media?parent=10684"}],"wp:term":[{"taxonomy":"product_brand","embeddable":true,"href":"https:\/\/cleopatra.nl\/fr\/wp-json\/wp\/v2\/product_brand?post=10684"},{"taxonomy":"product_cat","embeddable":true,"href":"https:\/\/cleopatra.nl\/fr\/wp-json\/wp\/v2\/product_cat?post=10684"},{"taxonomy":"product_tag","embeddable":true,"href":"https:\/\/cleopatra.nl\/fr\/wp-json\/wp\/v2\/product_tag?post=10684"}],"curies":[{"name":"wp","href":"https:\/\/api.w.org\/{rel}","templated":true}]}}