{"id":10690,"date":"2026-04-27T08:18:25","date_gmt":"2026-04-27T06:18:25","guid":{"rendered":"https:\/\/cleopatra.nl\/?post_type=product&#038;p=10690"},"modified":"2026-04-27T10:15:44","modified_gmt":"2026-04-27T08:15:44","slug":"badrandcombinatie-mengkraan","status":"publish","type":"product","link":"https:\/\/cleopatra.nl\/fr\/shop\/ligbaden-whirlpools\/ligbad-accessoires\/badrandcombinatie-mengkraan\/","title":{"rendered":"Badrandcombinatie Mengkraan Metropol"},"content":{"rendered":"<p><strong>Badrandcombinatie Mengkraan<\/strong><\/p>\n<p>Les robinets (raccords) des baignoires Cleopatra sont de marque Axor, la marque de Hansgrohe, le plus grand fabricant de robinets.<br \/>\nCe thermostat de bord de baignoire pr\u00e9-assembl\u00e9 avec douchette est disponible dans les mod\u00e8les Axor les plus courants et est livr\u00e9 complet :<\/p>\n<ul>\n<li>Mengkraan<\/li>\n<li>Verzonken handdouche in beschermhuls (secuflex)<\/li>\n<li>Badinloop<\/li>\n<li>Overloop, leegloop<\/li>\n<\/ul>\n<p>De overloop combinatie is een veiligheid waarmee bij een te hoge waterstand het water via een gat verdwijnt naar de afvoer. De leegloop dient om het bad leeg te laten lopen.<\/p>\n<p>&nbsp;<\/p>\n<p><em>Pour plus de pr\u00e9cisions, veuillez <a href=\"https:\/\/cleopatra.nl\/wp-content\/uploads\/CLEOPATRA_BADEN_WHIRLPOOLS_2026.pdf\"><strong>ici<\/strong> <\/a>de brochure vinden van baden &amp; whirlpools (bezoek bladzijde 73 voor kranen<strong>)<\/strong><\/em><\/p>\n<p>&nbsp;<\/p>\n<p>Pour plus d'informations sur les diff\u00e9rentes couleurs de rev\u00eatement, veuillez nous contacter.<\/p>","protected":false},"excerpt":{"rendered":"<p>Badrandcombinatie Mengkraan De kranen (armaturen) op Cleopatra baden zijn van Axor, h\u00e9t merk van Hansgrohe, de topfabrikant van kranen. Deze voorgemonteerde badrandthermostaat met handdouche is verkrijgbaar in de meest voorkomende Axor uitvoeringen en wordt compleet geleverd met: Mengkraan Verzonken handdouche in beschermhuls (secuflex) Badinloop Overloop, leegloop De overloop combinatie is een veiligheid waarmee bij een [&hellip;]<\/p>\n","protected":false},"featured_media":10693,"template":"","format":"standard","meta":{"_acf_changed":false},"product_brand":[347],"product_cat":[72,71],"product_tag":[],"class_list":{"0":"post-10690","1":"product","2":"type-product","3":"status-publish","4":"format-standard","5":"has-post-thumbnail","7":"product_brand-cleopatra","8":"product_cat-ligbad-accessoires","9":"product_cat-shop","11":"first","12":"instock","13":"taxable","14":"shipping-taxable","15":"purchasable","16":"product-type-simple"},"acf":[],"_links":{"self":[{"href":"https:\/\/cleopatra.nl\/fr\/wp-json\/wp\/v2\/product\/10690","targetHints":{"allow":["GET"]}}],"collection":[{"href":"https:\/\/cleopatra.nl\/fr\/wp-json\/wp\/v2\/product"}],"about":[{"href":"https:\/\/cleopatra.nl\/fr\/wp-json\/wp\/v2\/types\/product"}],"wp:featuredmedia":[{"embeddable":true,"href":"https:\/\/cleopatra.nl\/fr\/wp-json\/wp\/v2\/media\/10693"}],"wp:attachment":[{"href":"https:\/\/cleopatra.nl\/fr\/wp-json\/wp\/v2\/media?parent=10690"}],"wp:term":[{"taxonomy":"product_brand","embeddable":true,"href":"https:\/\/cleopatra.nl\/fr\/wp-json\/wp\/v2\/product_brand?post=10690"},{"taxonomy":"product_cat","embeddable":true,"href":"https:\/\/cleopatra.nl\/fr\/wp-json\/wp\/v2\/product_cat?post=10690"},{"taxonomy":"product_tag","embeddable":true,"href":"https:\/\/cleopatra.nl\/fr\/wp-json\/wp\/v2\/product_tag?post=10690"}],"curies":[{"name":"wp","href":"https:\/\/api.w.org\/{rel}","templated":true}]}}