{"id":10703,"date":"2026-04-27T09:04:56","date_gmt":"2026-04-27T07:04:56","guid":{"rendered":"https:\/\/cleopatra.nl\/?post_type=product&#038;p=10703"},"modified":"2026-04-27T10:14:04","modified_gmt":"2026-04-27T08:14:04","slug":"badrandcombinatie-thermostaatkraan-starck","status":"publish","type":"product","link":"https:\/\/cleopatra.nl\/fr\/shop\/ligbaden-whirlpools\/ligbad-accessoires\/badrandcombinatie-thermostaatkraan-starck\/","title":{"rendered":"Badrandcombinatie Thermostaatkraan Starck"},"content":{"rendered":"<p><strong>Badrandcombinatie Thermostaatkraan Starck<\/strong><\/p>\n<p>Les robinets (raccords) des baignoires Cleopatra sont de marque Axor, la marque de Hansgrohe, le plus grand fabricant de robinets.<br \/>\nCe thermostat de bord de baignoire pr\u00e9-assembl\u00e9 avec douchette est disponible dans les mod\u00e8les Axor les plus courants et est livr\u00e9 complet :<\/p>\n<ul>\n<li>Thermostaat<\/li>\n<li>Verzonken handdouche in beschermhuls (secuflex)<\/li>\n<li>Stop en omstelkraan<\/li>\n<li>Overloop, leegloop en inloopcombinatie<\/li>\n<\/ul>\n<p>De overloop combinatie is een veiligheid waarmee bij een te hoge waterstand het water via een gat verdwijnt naar de afvoer. De leegloop dient om het bad leeg te laten lopen en bij de inloop wordt het water het bad ingelaten. Een elegante en fijne manier om het bad te vullen.<\/p>\n<p>&nbsp;<\/p>\n<p><em>Pour plus de pr\u00e9cisions, veuillez <a href=\"https:\/\/cleopatra.nl\/wp-content\/uploads\/CLEOPATRA_BADEN_WHIRLPOOLS_2026.pdf\"><strong>ici<\/strong> <\/a>de brochure vinden van baden &amp; whirlpools (bezoek bladzijde 73 voor kranen<strong>)<\/strong><\/em><\/p>\n<p>&nbsp;<\/p>\n<p>Pour plus d'informations sur les diff\u00e9rentes couleurs de rev\u00eatement, veuillez nous contacter.<\/p>","protected":false},"excerpt":{"rendered":"<p>Badrandcombinatie Thermostaatkraan Starck De kranen (armaturen) op Cleopatra baden zijn van Axor, h\u00e9t merk van Hansgrohe, de topfabrikant van kranen. Deze voorgemonteerde badrandthermostaat met handdouche is verkrijgbaar in de meest voorkomende Axor uitvoeringen en wordt compleet geleverd met: Thermostaat Verzonken handdouche in beschermhuls (secuflex) Stop en omstelkraan Overloop, leegloop en inloopcombinatie De overloop combinatie is [&hellip;]<\/p>\n","protected":false},"featured_media":10699,"template":"","format":"standard","meta":{"_acf_changed":false},"product_brand":[347],"product_cat":[72,71],"product_tag":[],"class_list":{"0":"post-10703","1":"product","2":"type-product","3":"status-publish","4":"format-standard","5":"has-post-thumbnail","7":"product_brand-cleopatra","8":"product_cat-ligbad-accessoires","9":"product_cat-shop","11":"first","12":"instock","13":"taxable","14":"shipping-taxable","15":"purchasable","16":"product-type-simple"},"acf":[],"_links":{"self":[{"href":"https:\/\/cleopatra.nl\/fr\/wp-json\/wp\/v2\/product\/10703","targetHints":{"allow":["GET"]}}],"collection":[{"href":"https:\/\/cleopatra.nl\/fr\/wp-json\/wp\/v2\/product"}],"about":[{"href":"https:\/\/cleopatra.nl\/fr\/wp-json\/wp\/v2\/types\/product"}],"wp:featuredmedia":[{"embeddable":true,"href":"https:\/\/cleopatra.nl\/fr\/wp-json\/wp\/v2\/media\/10699"}],"wp:attachment":[{"href":"https:\/\/cleopatra.nl\/fr\/wp-json\/wp\/v2\/media?parent=10703"}],"wp:term":[{"taxonomy":"product_brand","embeddable":true,"href":"https:\/\/cleopatra.nl\/fr\/wp-json\/wp\/v2\/product_brand?post=10703"},{"taxonomy":"product_cat","embeddable":true,"href":"https:\/\/cleopatra.nl\/fr\/wp-json\/wp\/v2\/product_cat?post=10703"},{"taxonomy":"product_tag","embeddable":true,"href":"https:\/\/cleopatra.nl\/fr\/wp-json\/wp\/v2\/product_tag?post=10703"}],"curies":[{"name":"wp","href":"https:\/\/api.w.org\/{rel}","templated":true}]}}