{"id":10704,"date":"2026-04-27T09:13:22","date_gmt":"2026-04-27T07:13:22","guid":{"rendered":"https:\/\/cleopatra.nl\/?post_type=product&#038;p=10704"},"modified":"2026-04-27T09:51:24","modified_gmt":"2026-04-27T07:51:24","slug":"special-finishes-bad-whirlpool","status":"publish","type":"product","link":"https:\/\/cleopatra.nl\/fr\/shop\/ligbaden-whirlpools\/ligbad-accessoires\/special-finishes-bad-whirlpool\/","title":{"rendered":"Special finishes bad &#038; whirlpool"},"content":{"rendered":"<h3>FINITIONS SP\u00c9CIALES<\/h3>\n<p>Parfois, les produits et les s\u00e9ries ont besoin d'un petit changement pour que la salle de bains soit encore plus \u00e0 votre go\u00fbt. Avec les finitions sp\u00e9ciales Cleopatra, nous personnalisons nos produits avec le souci du d\u00e9tail, selon les souhaits personnels du client. Il peut s'agir de surfaces acryliques, mais aussi de pi\u00e8ces encastr\u00e9es sp\u00e9cialement color\u00e9es pour la baignoire ou le bain \u00e0 remous. Les finitions sp\u00e9ciales sont possibles pour toutes les baignoires et tous les bains \u00e0 remous (\u00e0 l'exception des baignoires autoportantes). Les couleurs de finition de haute qualit\u00e9 sont fabriqu\u00e9es sur la base de la technologie PVD : un proc\u00e9d\u00e9 moderne et respectueux de l'environnement pour la fabrication de surfaces sp\u00e9ciales.<\/p>\n<p>Par rapport aux surfaces chrom\u00e9es galvanis\u00e9es, ce rev\u00eatement est plus r\u00e9sistant aux rayures et aux d\u00e9tergents et moins sujet \u00e0 la corrosion. Personnalisez votre baignoire avec les diff\u00e9rentes couleurs de notre finition sp\u00e9ciale.\u00a0<a href=\"https:\/\/cleopatra.nl\/fr\/configurator\/special-finishes-visualisator\/\">configurateur<\/a>\u00a0.<\/p>\n<p>&nbsp;<\/p>\n<p><strong>CONFIGURATEUR DE FINITION SP\u00c9CIALE<\/strong><\/p>\n<p>Si vous voulez voir toutes les couleurs par vous-m\u00eame, vous pouvez le faire dans notre\u00a0<a href=\"https:\/\/cleopatra.nl\/fr\/configurator\/special-finishes-visualisator\/\">configurateur de finition sp\u00e9ciale<\/a><\/p>\n<p>&nbsp;<\/p>\n<h4>COULEURS<\/h4>\n<ul>\n<li>Chrome poli 020<\/li>\n<li>RVS Optics 800<\/li>\n<li>Optique or poli 990<\/li>\n<li>Optique or bross\u00e9 250<\/li>\n<li>Or rouge poli 300<\/li>\n<li>Rouge bross\u00e9 Or 310<\/li>\n<li>Bronze bross\u00e9 140<\/li>\n<li>Noir poli Chrome 330<\/li>\n<li>Noir bross\u00e9 Chrome 340<\/li>\n<\/ul>\n<p><em>Pour plus de pr\u00e9cisions, veuillez <a href=\"https:\/\/cleopatra.nl\/wp-content\/uploads\/CLEOPATRA_BADEN_WHIRLPOOLS_2026.pdf\"><strong>ici<\/strong> <\/a>de brochure vinden van baden &amp; whirlpools.<\/em><\/p>\n<p>&nbsp;<\/p>\n<p>Pour plus d'informations sur les diff\u00e9rentes couleurs de rev\u00eatement, veuillez nous contacter.<\/p>","protected":false},"excerpt":{"rendered":"<p>SPECIALE AFWERKINGEN Soms hebben producten en series een kleine verandering nodig om de badkamer nog meer naar uw smaak te maken. Met Cleopatra special finishes individualiseren wij onze producten met oog voor detail volgens de persoonlijke wensen van de klant. Dit kunnen acryl oppervlakken zijn, maar ook speciaal gekleurde inbouwdelen voor het bad of de [&hellip;]<\/p>\n","protected":false},"featured_media":2446,"template":"","format":"standard","meta":{"_acf_changed":false},"product_brand":[347],"product_cat":[72,71],"product_tag":[],"class_list":{"0":"post-10704","1":"product","2":"type-product","3":"status-publish","4":"format-standard","5":"has-post-thumbnail","7":"product_brand-cleopatra","8":"product_cat-ligbad-accessoires","9":"product_cat-shop","11":"first","12":"instock","13":"taxable","14":"shipping-taxable","15":"purchasable","16":"product-type-simple"},"acf":[],"_links":{"self":[{"href":"https:\/\/cleopatra.nl\/fr\/wp-json\/wp\/v2\/product\/10704","targetHints":{"allow":["GET"]}}],"collection":[{"href":"https:\/\/cleopatra.nl\/fr\/wp-json\/wp\/v2\/product"}],"about":[{"href":"https:\/\/cleopatra.nl\/fr\/wp-json\/wp\/v2\/types\/product"}],"wp:featuredmedia":[{"embeddable":true,"href":"https:\/\/cleopatra.nl\/fr\/wp-json\/wp\/v2\/media\/2446"}],"wp:attachment":[{"href":"https:\/\/cleopatra.nl\/fr\/wp-json\/wp\/v2\/media?parent=10704"}],"wp:term":[{"taxonomy":"product_brand","embeddable":true,"href":"https:\/\/cleopatra.nl\/fr\/wp-json\/wp\/v2\/product_brand?post=10704"},{"taxonomy":"product_cat","embeddable":true,"href":"https:\/\/cleopatra.nl\/fr\/wp-json\/wp\/v2\/product_cat?post=10704"},{"taxonomy":"product_tag","embeddable":true,"href":"https:\/\/cleopatra.nl\/fr\/wp-json\/wp\/v2\/product_tag?post=10704"}],"curies":[{"name":"wp","href":"https:\/\/api.w.org\/{rel}","templated":true}]}}