{"id":2763,"date":"2022-04-21T10:30:30","date_gmt":"2022-04-21T08:30:30","guid":{"rendered":"https:\/\/cleopatra.medialoods.com\/?post_type=product&#038;p=2763"},"modified":"2026-04-26T08:55:56","modified_gmt":"2026-04-26T06:55:56","slug":"zeefje-v-leegloop-vernikkeld-tbv-zitje-d-11-x-20mm-oud-2","status":"publish","type":"product","link":"https:\/\/cleopatra.nl\/fr\/spare-parts\/zeefje-v-leegloop-vernikkeld-tbv-zitje-d-11-x-20mm-oud\/","title":{"rendered":"Vidange | Filtre nickel\u00e9 | en faveur du si\u00e8ge | D.11 x 20mm | ancien"},"content":{"rendered":"<p>Cr\u00e9pine de vidange Nickel\u00e9e pour si\u00e8ge D.11 x 20mm (ancien)<\/p>","protected":false},"excerpt":{"rendered":"<p>Cr\u00e9pine de vidange Nickel\u00e9e pour si\u00e8ge D.11 x 20mm (ancien)<\/p>","protected":false},"featured_media":2762,"template":"","format":"standard","meta":{"_acf_changed":false},"product_brand":[347],"product_cat":[60,106,102],"product_tag":[],"class_list":{"0":"post-2763","1":"product","2":"type-product","3":"status-publish","4":"format-standard","5":"has-post-thumbnail","7":"product_brand-cleopatra","8":"product_cat-spare-parts","9":"product_cat-afvoer","10":"product_cat-baden-onderdelen","11":"product_shipping_class-gratis-verzending","13":"first","14":"instock","15":"taxable","16":"shipping-taxable","17":"purchasable","18":"product-type-simple"},"acf":[],"_links":{"self":[{"href":"https:\/\/cleopatra.nl\/fr\/wp-json\/wp\/v2\/product\/2763","targetHints":{"allow":["GET"]}}],"collection":[{"href":"https:\/\/cleopatra.nl\/fr\/wp-json\/wp\/v2\/product"}],"about":[{"href":"https:\/\/cleopatra.nl\/fr\/wp-json\/wp\/v2\/types\/product"}],"wp:featuredmedia":[{"embeddable":true,"href":"https:\/\/cleopatra.nl\/fr\/wp-json\/wp\/v2\/media\/2762"}],"wp:attachment":[{"href":"https:\/\/cleopatra.nl\/fr\/wp-json\/wp\/v2\/media?parent=2763"}],"wp:term":[{"taxonomy":"product_brand","embeddable":true,"href":"https:\/\/cleopatra.nl\/fr\/wp-json\/wp\/v2\/product_brand?post=2763"},{"taxonomy":"product_cat","embeddable":true,"href":"https:\/\/cleopatra.nl\/fr\/wp-json\/wp\/v2\/product_cat?post=2763"},{"taxonomy":"product_tag","embeddable":true,"href":"https:\/\/cleopatra.nl\/fr\/wp-json\/wp\/v2\/product_tag?post=2763"}],"curies":[{"name":"wp","href":"https:\/\/api.w.org\/{rel}","templated":true}]}}