{"id":2768,"date":"2022-04-21T10:34:15","date_gmt":"2022-04-21T08:34:15","guid":{"rendered":"https:\/\/cleopatra.medialoods.com\/?post_type=product&#038;p=2768"},"modified":"2026-04-26T08:55:55","modified_gmt":"2026-04-26T06:55:55","slug":"electr-box-m-trafo-v-minipoolmaster-pm10-2","status":"publish","type":"product","link":"https:\/\/cleopatra.nl\/fr\/spare-parts\/electr-box-m-trafo-v-minipoolmaster-pm10\/","title":{"rendered":"Bo\u00eetier \u00e9lectronique | avec transformateur | Minipoolmaster PM10"},"content":{"rendered":"<p>Bo\u00eete \u00e9lectrique avec transformateur pour Mini Pole Master PM10<\/p>","protected":false},"excerpt":{"rendered":"<p>Vous voulez savoir comment remplacer ce produit ? <a href=\"https:\/\/cleopatra.nl\/wp-content\/uploads\/90543101_Steuerung-Poolmaster.pdf\" target=\"_blank\" rel=\"noopener\">Cliquez ensuite sur le manuel de service<\/a><\/p>","protected":false},"featured_media":2769,"template":"","format":"standard","meta":{"_acf_changed":false},"product_brand":[347],"product_cat":[60,102,107],"product_tag":[],"class_list":{"0":"post-2768","1":"product","2":"type-product","3":"status-publish","4":"format-standard","5":"has-post-thumbnail","7":"product_brand-cleopatra","8":"product_cat-spare-parts","9":"product_cat-baden-onderdelen","10":"product_cat-elektronica","11":"product_shipping_class-gratis-verzending","13":"first","14":"instock","15":"taxable","16":"shipping-taxable","17":"purchasable","18":"product-type-simple"},"acf":[],"_links":{"self":[{"href":"https:\/\/cleopatra.nl\/fr\/wp-json\/wp\/v2\/product\/2768","targetHints":{"allow":["GET"]}}],"collection":[{"href":"https:\/\/cleopatra.nl\/fr\/wp-json\/wp\/v2\/product"}],"about":[{"href":"https:\/\/cleopatra.nl\/fr\/wp-json\/wp\/v2\/types\/product"}],"wp:featuredmedia":[{"embeddable":true,"href":"https:\/\/cleopatra.nl\/fr\/wp-json\/wp\/v2\/media\/2769"}],"wp:attachment":[{"href":"https:\/\/cleopatra.nl\/fr\/wp-json\/wp\/v2\/media?parent=2768"}],"wp:term":[{"taxonomy":"product_brand","embeddable":true,"href":"https:\/\/cleopatra.nl\/fr\/wp-json\/wp\/v2\/product_brand?post=2768"},{"taxonomy":"product_cat","embeddable":true,"href":"https:\/\/cleopatra.nl\/fr\/wp-json\/wp\/v2\/product_cat?post=2768"},{"taxonomy":"product_tag","embeddable":true,"href":"https:\/\/cleopatra.nl\/fr\/wp-json\/wp\/v2\/product_tag?post=2768"}],"curies":[{"name":"wp","href":"https:\/\/api.w.org\/{rel}","templated":true}]}}