{"id":2796,"date":"2022-04-21T11:00:03","date_gmt":"2022-04-21T09:00:03","guid":{"rendered":"https:\/\/cleopatra.medialoods.com\/?post_type=product&#038;p=2796"},"modified":"2025-09-11T10:13:14","modified_gmt":"2025-09-11T08:13:14","slug":"thermostaat-element-2","status":"publish","type":"product","link":"https:\/\/cleopatra.nl\/fr\/spare-parts\/thermostaat-element\/","title":{"rendered":"\u00c9l\u00e9ment du thermostat"},"content":{"rendered":"<p>Unit\u00e9 de contr\u00f4le HG MTC pour Ecostat 1001<\/p>\n<p>Convient pour :<\/p>\n<ul>\n<li>Blocs de grue V2 \/ DD500\/DD600<\/li>\n<li>Blocs de grue V3 \/ DD500\/DD600<\/li>\n<li>M\u00e9langeurs \u00e0 2 et 3 trous de Hans Grohe (Bains)<\/li>\n<\/ul>","protected":false},"excerpt":{"rendered":"<p>Pour plus d'informations sur le remplacement, lire :<\/p>\n<p><a href=\"https:\/\/cleopatra.nl\/wp-content\/uploads\/16__hrgi0091_pdf.pdf\">Manuel du thermostat 94282000<\/a><\/p>","protected":false},"featured_media":2797,"template":"","format":"standard","meta":{"_acf_changed":false},"product_brand":[],"product_cat":[60,112,103,109],"product_tag":[],"class_list":{"0":"post-2796","1":"product","2":"type-product","3":"status-publish","4":"format-standard","5":"has-post-thumbnail","7":"product_cat-spare-parts","8":"product_cat-kraan-onderdelen","9":"product_cat-stoomcabine-onderdelen","10":"product_cat-overige","12":"first","13":"instock","14":"taxable","15":"shipping-taxable","16":"purchasable","17":"product-type-simple"},"acf":[],"_links":{"self":[{"href":"https:\/\/cleopatra.nl\/fr\/wp-json\/wp\/v2\/product\/2796","targetHints":{"allow":["GET"]}}],"collection":[{"href":"https:\/\/cleopatra.nl\/fr\/wp-json\/wp\/v2\/product"}],"about":[{"href":"https:\/\/cleopatra.nl\/fr\/wp-json\/wp\/v2\/types\/product"}],"wp:featuredmedia":[{"embeddable":true,"href":"https:\/\/cleopatra.nl\/fr\/wp-json\/wp\/v2\/media\/2797"}],"wp:attachment":[{"href":"https:\/\/cleopatra.nl\/fr\/wp-json\/wp\/v2\/media?parent=2796"}],"wp:term":[{"taxonomy":"product_brand","embeddable":true,"href":"https:\/\/cleopatra.nl\/fr\/wp-json\/wp\/v2\/product_brand?post=2796"},{"taxonomy":"product_cat","embeddable":true,"href":"https:\/\/cleopatra.nl\/fr\/wp-json\/wp\/v2\/product_cat?post=2796"},{"taxonomy":"product_tag","embeddable":true,"href":"https:\/\/cleopatra.nl\/fr\/wp-json\/wp\/v2\/product_tag?post=2796"}],"curies":[{"name":"wp","href":"https:\/\/api.w.org\/{rel}","templated":true}]}}