{"id":2907,"date":"2022-04-21T13:00:05","date_gmt":"2022-04-21T11:00:05","guid":{"rendered":"https:\/\/cleopatra.medialoods.com\/?post_type=product&#038;p=2907"},"modified":"2025-09-14T16:28:51","modified_gmt":"2025-09-14T14:28:51","slug":"bg-temperatuursensor-n17-2","status":"publish","type":"product","link":"https:\/\/cleopatra.nl\/fr\/spare-parts\/bg-temperatuursensor-n17\/","title":{"rendered":"R\u00e9glage de service du capteur de temp\u00e9rature N17"},"content":{"rendered":"<p>BG Capteur de temp\u00e9rature N17<\/p>","protected":false},"excerpt":{"rendered":"<p>BG Capteur de temp\u00e9rature N17<\/p>","protected":false},"featured_media":2908,"template":"","format":"standard","meta":{"_acf_changed":false},"product_brand":[],"product_cat":[60,116,118,117,104],"product_tag":[],"class_list":{"0":"post-2907","1":"product","2":"type-product","3":"status-publish","4":"format-standard","5":"has-post-thumbnail","7":"product_cat-spare-parts","8":"product_cat-steam-brain","9":"product_cat-steam-smart","10":"product_cat-steam-one","11":"product_cat-stoomtechniek","13":"first","14":"instock","15":"taxable","16":"shipping-taxable","17":"purchasable","18":"product-type-simple"},"acf":[],"_links":{"self":[{"href":"https:\/\/cleopatra.nl\/fr\/wp-json\/wp\/v2\/product\/2907","targetHints":{"allow":["GET"]}}],"collection":[{"href":"https:\/\/cleopatra.nl\/fr\/wp-json\/wp\/v2\/product"}],"about":[{"href":"https:\/\/cleopatra.nl\/fr\/wp-json\/wp\/v2\/types\/product"}],"wp:featuredmedia":[{"embeddable":true,"href":"https:\/\/cleopatra.nl\/fr\/wp-json\/wp\/v2\/media\/2908"}],"wp:attachment":[{"href":"https:\/\/cleopatra.nl\/fr\/wp-json\/wp\/v2\/media?parent=2907"}],"wp:term":[{"taxonomy":"product_brand","embeddable":true,"href":"https:\/\/cleopatra.nl\/fr\/wp-json\/wp\/v2\/product_brand?post=2907"},{"taxonomy":"product_cat","embeddable":true,"href":"https:\/\/cleopatra.nl\/fr\/wp-json\/wp\/v2\/product_cat?post=2907"},{"taxonomy":"product_tag","embeddable":true,"href":"https:\/\/cleopatra.nl\/fr\/wp-json\/wp\/v2\/product_tag?post=2907"}],"curies":[{"name":"wp","href":"https:\/\/api.w.org\/{rel}","templated":true}]}}