{"id":2909,"date":"2022-04-21T13:03:57","date_gmt":"2022-04-21T11:03:57","guid":{"rendered":"https:\/\/cleopatra.medialoods.com\/?post_type=product&#038;p=2909"},"modified":"2026-04-26T08:55:50","modified_gmt":"2026-04-26T06:55:50","slug":"epdm-pakking-element-n17-verwarming-2","status":"publish","type":"product","link":"https:\/\/cleopatra.nl\/fr\/spare-parts\/epdm-pakking-element-n17-verwarming\/","title":{"rendered":"Joint EPDM | \u00e9l\u00e9ment chauffant N17"},"content":{"rendered":"<p>El\u00e9ment d'\u00e9tanch\u00e9it\u00e9 en EPDM N17 (chauffage)<\/p>","protected":false},"excerpt":{"rendered":"<p>El\u00e9ment d'\u00e9tanch\u00e9it\u00e9 en EPDM N17 (chauffage)<\/p>","protected":false},"featured_media":2910,"template":"","format":"standard","meta":{"_acf_changed":false},"product_brand":[347],"product_cat":[60,116,118,117,104],"product_tag":[],"class_list":{"0":"post-2909","1":"product","2":"type-product","3":"status-publish","4":"format-standard","5":"has-post-thumbnail","7":"product_brand-cleopatra","8":"product_cat-spare-parts","9":"product_cat-steam-brain","10":"product_cat-steam-smart","11":"product_cat-steam-one","12":"product_cat-stoomtechniek","13":"product_shipping_class-gratis-verzending","15":"first","16":"instock","17":"taxable","18":"shipping-taxable","19":"purchasable","20":"product-type-simple"},"acf":[],"_links":{"self":[{"href":"https:\/\/cleopatra.nl\/fr\/wp-json\/wp\/v2\/product\/2909","targetHints":{"allow":["GET"]}}],"collection":[{"href":"https:\/\/cleopatra.nl\/fr\/wp-json\/wp\/v2\/product"}],"about":[{"href":"https:\/\/cleopatra.nl\/fr\/wp-json\/wp\/v2\/types\/product"}],"wp:featuredmedia":[{"embeddable":true,"href":"https:\/\/cleopatra.nl\/fr\/wp-json\/wp\/v2\/media\/2910"}],"wp:attachment":[{"href":"https:\/\/cleopatra.nl\/fr\/wp-json\/wp\/v2\/media?parent=2909"}],"wp:term":[{"taxonomy":"product_brand","embeddable":true,"href":"https:\/\/cleopatra.nl\/fr\/wp-json\/wp\/v2\/product_brand?post=2909"},{"taxonomy":"product_cat","embeddable":true,"href":"https:\/\/cleopatra.nl\/fr\/wp-json\/wp\/v2\/product_cat?post=2909"},{"taxonomy":"product_tag","embeddable":true,"href":"https:\/\/cleopatra.nl\/fr\/wp-json\/wp\/v2\/product_tag?post=2909"}],"curies":[{"name":"wp","href":"https:\/\/api.w.org\/{rel}","templated":true}]}}