{"id":2913,"date":"2022-04-21T13:06:50","date_gmt":"2022-04-21T11:06:50","guid":{"rendered":"https:\/\/cleopatra.medialoods.com\/?post_type=product&#038;p=2913"},"modified":"2026-04-26T08:55:50","modified_gmt":"2026-04-26T06:55:50","slug":"adapterplaat-touchpanelen-chroom-2","status":"publish","type":"product","link":"https:\/\/cleopatra.nl\/fr\/spare-parts\/adapterplaat-touchpanelen-chroom\/","title":{"rendered":"Plaque d'adaptation Panneaux tactiles chrom\u00e9s"},"content":{"rendered":"<p>Plaque d'adaptation \u00c9crans tactiles chrom\u00e9s<\/p>","protected":false},"excerpt":{"rendered":"<p>Plaque d'adaptation \u00c9crans tactiles chrom\u00e9s<\/p>","protected":false},"featured_media":2914,"template":"","format":"standard","meta":{"_acf_changed":false},"product_brand":[347],"product_cat":[60,118,104],"product_tag":[],"class_list":{"0":"post-2913","1":"product","2":"type-product","3":"status-publish","4":"format-standard","5":"has-post-thumbnail","7":"product_brand-cleopatra","8":"product_cat-spare-parts","9":"product_cat-steam-smart","10":"product_cat-stoomtechniek","11":"product_shipping_class-gratis-verzending","13":"first","14":"instock","15":"taxable","16":"shipping-taxable","17":"purchasable","18":"product-type-simple"},"acf":[],"_links":{"self":[{"href":"https:\/\/cleopatra.nl\/fr\/wp-json\/wp\/v2\/product\/2913","targetHints":{"allow":["GET"]}}],"collection":[{"href":"https:\/\/cleopatra.nl\/fr\/wp-json\/wp\/v2\/product"}],"about":[{"href":"https:\/\/cleopatra.nl\/fr\/wp-json\/wp\/v2\/types\/product"}],"wp:featuredmedia":[{"embeddable":true,"href":"https:\/\/cleopatra.nl\/fr\/wp-json\/wp\/v2\/media\/2914"}],"wp:attachment":[{"href":"https:\/\/cleopatra.nl\/fr\/wp-json\/wp\/v2\/media?parent=2913"}],"wp:term":[{"taxonomy":"product_brand","embeddable":true,"href":"https:\/\/cleopatra.nl\/fr\/wp-json\/wp\/v2\/product_brand?post=2913"},{"taxonomy":"product_cat","embeddable":true,"href":"https:\/\/cleopatra.nl\/fr\/wp-json\/wp\/v2\/product_cat?post=2913"},{"taxonomy":"product_tag","embeddable":true,"href":"https:\/\/cleopatra.nl\/fr\/wp-json\/wp\/v2\/product_tag?post=2913"}],"curies":[{"name":"wp","href":"https:\/\/api.w.org\/{rel}","templated":true}]}}