{"id":2936,"date":"2022-04-21T15:10:01","date_gmt":"2022-04-21T13:10:01","guid":{"rendered":"https:\/\/cleopatra.medialoods.com\/?post_type=product&#038;p=2936"},"modified":"2025-04-15T10:46:51","modified_gmt":"2025-04-15T08:46:51","slug":"cilinder-4573","status":"publish","type":"product","link":"https:\/\/cleopatra.nl\/fr\/spare-parts\/cilinder-3262\/","title":{"rendered":"Cylindre 3262"},"content":{"rendered":"<p>Cylindre de la fonction<\/p>\n<ul>\n<li>32 kg de vapeur par heure<\/li>\n<li>6 \u00e9lectrodes<\/li>\n<li>230 Volt<\/li>\n<\/ul>\n<p>Ce cylindre convient aux g\u00e9n\u00e9rateurs de vapeur Cleopatra suivants :<\/p>\n<ul>\n<li>Cleo Basic<\/li>\n<li>Cl\u00e9o Total<\/li>\n<li>Cleo Vital<\/li>\n<li>Cleo Elite<\/li>\n<\/ul>","protected":false},"excerpt":{"rendered":"<p>Caract\u00e9ristiques cylindre 32 kg de vapeur par heure 6 \u00e9lectrodes 230 Volt Ce cylindre convient aux g\u00e9n\u00e9rateurs de vapeur Cleopatra suivants : Cleo Basic Cleo Total Cleo Vital Cleo Elite<\/p>","protected":false},"featured_media":2937,"template":"","format":"standard","meta":{"_acf_changed":false},"product_brand":[],"product_cat":[60,120,105],"product_tag":[],"class_list":{"0":"post-2936","1":"product","2":"type-product","3":"status-publish","4":"format-standard","5":"has-post-thumbnail","7":"product_cat-spare-parts","8":"product_cat-cilinders","9":"product_cat-professioneel","11":"first","12":"instock","13":"taxable","14":"shipping-taxable","15":"purchasable","16":"product-type-simple"},"acf":[],"_links":{"self":[{"href":"https:\/\/cleopatra.nl\/fr\/wp-json\/wp\/v2\/product\/2936","targetHints":{"allow":["GET"]}}],"collection":[{"href":"https:\/\/cleopatra.nl\/fr\/wp-json\/wp\/v2\/product"}],"about":[{"href":"https:\/\/cleopatra.nl\/fr\/wp-json\/wp\/v2\/types\/product"}],"wp:featuredmedia":[{"embeddable":true,"href":"https:\/\/cleopatra.nl\/fr\/wp-json\/wp\/v2\/media\/2937"}],"wp:attachment":[{"href":"https:\/\/cleopatra.nl\/fr\/wp-json\/wp\/v2\/media?parent=2936"}],"wp:term":[{"taxonomy":"product_brand","embeddable":true,"href":"https:\/\/cleopatra.nl\/fr\/wp-json\/wp\/v2\/product_brand?post=2936"},{"taxonomy":"product_cat","embeddable":true,"href":"https:\/\/cleopatra.nl\/fr\/wp-json\/wp\/v2\/product_cat?post=2936"},{"taxonomy":"product_tag","embeddable":true,"href":"https:\/\/cleopatra.nl\/fr\/wp-json\/wp\/v2\/product_tag?post=2936"}],"curies":[{"name":"wp","href":"https:\/\/api.w.org\/{rel}","templated":true}]}}