{"id":2943,"date":"2022-04-21T15:26:43","date_gmt":"2022-04-21T13:26:43","guid":{"rendered":"https:\/\/cleopatra.medialoods.com\/?post_type=product&#038;p=2943"},"modified":"2026-04-26T08:55:49","modified_gmt":"2026-04-26T06:55:49","slug":"cilinder-4568","status":"publish","type":"product","link":"https:\/\/cleopatra.nl\/fr\/spare-parts\/cilinder-822\/","title":{"rendered":"Cylindre 822"},"content":{"rendered":"<p>Cylindre de la fonction<\/p>\n<ul>\n<li>8 Kg de vapeur par heure<\/li>\n<li>2 \u00e9lectrodes<\/li>\n<li>230 Volt<\/li>\n<\/ul>\n<p>Ce cylindre convient aux g\u00e9n\u00e9rateurs de vapeur Cleopatra suivants :<\/p>\n<ul>\n<li>Cleo Basic<\/li>\n<li>Cl\u00e9o Total<\/li>\n<li>Cleo Vital<\/li>\n<li>Cleo Elite<\/li>\n<\/ul>","protected":false},"excerpt":{"rendered":"<p>Caract\u00e9ristiques cylindre 8 Kg de vapeur par heure 2 \u00e9lectrodes 230 Volt Ce cylindre est adapt\u00e9 aux g\u00e9n\u00e9rateurs de vapeur Cleopatra suivants : Cleo Basic Cleo Total Cleo Vital Cleo Elite<\/p>","protected":false},"featured_media":2944,"template":"","format":"standard","meta":{"_acf_changed":false},"product_brand":[347],"product_cat":[60,120,105],"product_tag":[],"class_list":{"0":"post-2943","1":"product","2":"type-product","3":"status-publish","4":"format-standard","5":"has-post-thumbnail","7":"product_brand-cleopatra","8":"product_cat-spare-parts","9":"product_cat-cilinders","10":"product_cat-professioneel","11":"product_shipping_class-gratis-verzending","13":"first","14":"instock","15":"taxable","16":"shipping-taxable","17":"purchasable","18":"product-type-simple"},"acf":[],"_links":{"self":[{"href":"https:\/\/cleopatra.nl\/fr\/wp-json\/wp\/v2\/product\/2943","targetHints":{"allow":["GET"]}}],"collection":[{"href":"https:\/\/cleopatra.nl\/fr\/wp-json\/wp\/v2\/product"}],"about":[{"href":"https:\/\/cleopatra.nl\/fr\/wp-json\/wp\/v2\/types\/product"}],"wp:featuredmedia":[{"embeddable":true,"href":"https:\/\/cleopatra.nl\/fr\/wp-json\/wp\/v2\/media\/2944"}],"wp:attachment":[{"href":"https:\/\/cleopatra.nl\/fr\/wp-json\/wp\/v2\/media?parent=2943"}],"wp:term":[{"taxonomy":"product_brand","embeddable":true,"href":"https:\/\/cleopatra.nl\/fr\/wp-json\/wp\/v2\/product_brand?post=2943"},{"taxonomy":"product_cat","embeddable":true,"href":"https:\/\/cleopatra.nl\/fr\/wp-json\/wp\/v2\/product_cat?post=2943"},{"taxonomy":"product_tag","embeddable":true,"href":"https:\/\/cleopatra.nl\/fr\/wp-json\/wp\/v2\/product_tag?post=2943"}],"curies":[{"name":"wp","href":"https:\/\/api.w.org\/{rel}","templated":true}]}}