{"id":3005,"date":"2022-04-22T12:39:19","date_gmt":"2022-04-22T10:39:19","guid":{"rendered":"https:\/\/cleopatra.medialoods.com\/?post_type=product&#038;p=3005"},"modified":"2026-04-26T08:55:47","modified_gmt":"2026-04-26T06:55:47","slug":"o-ring-uitlaatventiel-10-stuks-2","status":"publish","type":"product","link":"https:\/\/cleopatra.nl\/fr\/spare-parts\/o-ring-uitlaatventiel-10-stuks\/","title":{"rendered":"Joint torique de la soupape d'\u00e9chappement | (10 pi\u00e8ces)"},"content":{"rendered":"<p>Joint torique de la valve d'\u00e9chappement (10 pi\u00e8ces)<\/p>\n<p>Ce joint torique s'adapte au corps de la soupape d'\u00e9chappement des g\u00e9n\u00e9rateurs de vapeur suivants :<\/p>\n<ul>\n<li>Cleo Steam One, Smart et Deluxe<\/li>\n<li>Cleo Total , Cleo Basic<\/li>\n<li>Cleo Elite, Cleo Vital<\/li>\n<\/ul>","protected":false},"excerpt":{"rendered":"<p>Joint torique de la valve d'\u00e9chappement (10 pi\u00e8ces) Ce joint torique s'adapte au corps de la valve d'\u00e9chappement des g\u00e9n\u00e9rateurs de vapeur suivants : Cleo Steam One, Smart et Deluxe Cleo Total , Cleo Basic Cleo Elite, Cleo Vital<\/p>","protected":false},"featured_media":3006,"template":"","format":"standard","meta":{"_acf_changed":false},"product_brand":[347],"product_cat":[60,134,105],"product_tag":[],"class_list":{"0":"post-3005","1":"product","2":"type-product","3":"status-publish","4":"format-standard","5":"has-post-thumbnail","7":"product_brand-cleopatra","8":"product_cat-spare-parts","9":"product_cat-overige-professioneel","10":"product_cat-professioneel","11":"product_shipping_class-gratis-verzending","13":"first","14":"instock","15":"taxable","16":"shipping-taxable","17":"purchasable","18":"product-type-simple"},"acf":[],"_links":{"self":[{"href":"https:\/\/cleopatra.nl\/fr\/wp-json\/wp\/v2\/product\/3005","targetHints":{"allow":["GET"]}}],"collection":[{"href":"https:\/\/cleopatra.nl\/fr\/wp-json\/wp\/v2\/product"}],"about":[{"href":"https:\/\/cleopatra.nl\/fr\/wp-json\/wp\/v2\/types\/product"}],"wp:featuredmedia":[{"embeddable":true,"href":"https:\/\/cleopatra.nl\/fr\/wp-json\/wp\/v2\/media\/3006"}],"wp:attachment":[{"href":"https:\/\/cleopatra.nl\/fr\/wp-json\/wp\/v2\/media?parent=3005"}],"wp:term":[{"taxonomy":"product_brand","embeddable":true,"href":"https:\/\/cleopatra.nl\/fr\/wp-json\/wp\/v2\/product_brand?post=3005"},{"taxonomy":"product_cat","embeddable":true,"href":"https:\/\/cleopatra.nl\/fr\/wp-json\/wp\/v2\/product_cat?post=3005"},{"taxonomy":"product_tag","embeddable":true,"href":"https:\/\/cleopatra.nl\/fr\/wp-json\/wp\/v2\/product_tag?post=3005"}],"curies":[{"name":"wp","href":"https:\/\/api.w.org\/{rel}","templated":true}]}}