{"id":3044,"date":"2022-04-22T13:18:51","date_gmt":"2022-04-22T11:18:51","guid":{"rendered":"https:\/\/cleopatra.medialoods.com\/?post_type=product&#038;p=3044"},"modified":"2026-04-26T08:55:45","modified_gmt":"2026-04-26T06:55:45","slug":"processor-print-afstandsbediening-2","status":"publish","type":"product","link":"https:\/\/cleopatra.nl\/fr\/spare-parts\/processor-print-afstandsbediening\/","title":{"rendered":"Processeur d'impression | t\u00e9l\u00e9commande Cleo Total"},"content":{"rendered":"<p>T\u00e9l\u00e9commande de l'impression du processeur<\/p>","protected":false},"excerpt":{"rendered":"<p>T\u00e9l\u00e9commande de l'impression du processeur<\/p>","protected":false},"featured_media":3045,"template":"","format":"standard","meta":{"_acf_changed":false},"product_brand":[347],"product_cat":[60,134,105],"product_tag":[],"class_list":{"0":"post-3044","1":"product","2":"type-product","3":"status-publish","4":"format-standard","5":"has-post-thumbnail","7":"product_brand-cleopatra","8":"product_cat-spare-parts","9":"product_cat-overige-professioneel","10":"product_cat-professioneel","11":"product_shipping_class-gratis-verzending","13":"first","14":"instock","15":"taxable","16":"shipping-taxable","17":"purchasable","18":"product-type-simple"},"acf":[],"_links":{"self":[{"href":"https:\/\/cleopatra.nl\/fr\/wp-json\/wp\/v2\/product\/3044","targetHints":{"allow":["GET"]}}],"collection":[{"href":"https:\/\/cleopatra.nl\/fr\/wp-json\/wp\/v2\/product"}],"about":[{"href":"https:\/\/cleopatra.nl\/fr\/wp-json\/wp\/v2\/types\/product"}],"wp:featuredmedia":[{"embeddable":true,"href":"https:\/\/cleopatra.nl\/fr\/wp-json\/wp\/v2\/media\/3045"}],"wp:attachment":[{"href":"https:\/\/cleopatra.nl\/fr\/wp-json\/wp\/v2\/media?parent=3044"}],"wp:term":[{"taxonomy":"product_brand","embeddable":true,"href":"https:\/\/cleopatra.nl\/fr\/wp-json\/wp\/v2\/product_brand?post=3044"},{"taxonomy":"product_cat","embeddable":true,"href":"https:\/\/cleopatra.nl\/fr\/wp-json\/wp\/v2\/product_cat?post=3044"},{"taxonomy":"product_tag","embeddable":true,"href":"https:\/\/cleopatra.nl\/fr\/wp-json\/wp\/v2\/product_tag?post=3044"}],"curies":[{"name":"wp","href":"https:\/\/api.w.org\/{rel}","templated":true}]}}