{"id":3082,"date":"2022-04-22T15:34:13","date_gmt":"2022-04-22T13:34:13","guid":{"rendered":"https:\/\/cleopatra.medialoods.com\/?post_type=product&#038;p=3082"},"modified":"2025-11-05T14:34:50","modified_gmt":"2025-11-05T13:34:50","slug":"lugano-340-o-177cm","status":"publish","type":"product","link":"https:\/\/cleopatra.nl\/fr\/shop\/ligbaden-whirlpools\/premium-ligbaden\/cleopatra-ligbad-lugano-340\/","title":{"rendered":"Lugano 340 | \u00d8 177cm"},"content":{"rendered":"<h4><strong>CLEOPATRA LIGBAD LUGANO \u00d8 177cm<br \/>\n<\/strong><\/h4>\n<p>Le site<strong>\u00a0Cleopatra<\/strong>\u00a0<b>bain<\/b>\u00a0Lugano 340 est une baignoire ronde tr\u00e8s spacieuse en acrylique blanc. La baignoire id\u00e9ale pour rendre la salle de bain plus esth\u00e9tique ou pour pouvoir prendre un bain avec toute la famille ! Les dossiers sont construits de mani\u00e8re \u00e0 ce que vous puissiez vraiment vous d\u00e9tendre dans le bain.<\/p>\n<p>Le diam\u00e8tre de la baignoire est de 1770 mm et sa profondeur de 445 mm.  Au bas de cette description de produit, vous trouverez le dessin et les instructions de montage de la baignoire.<\/p>\n<p>Vous voulez voir ou exp\u00e9rimenter la baignoire Lugano ?  Vous \u00eates les bienvenus au Cleopatra\u00a0<a href=\"https:\/\/cleopatra.nl\/fr\/cleopatra-showroom\/\" target=\"_blank\" rel=\"noopener noreferrer\">salle d'exposition<\/a>\u00a0\u00e0 Zaandam ou \u00e0 un\u00a0<a href=\"https:\/\/cleopatra.nl\/fr\/verkooppunten\/\" target=\"_blank\" rel=\"noopener noreferrer\">atelier sanitaire<\/a>\u00a0dans votre quartier !<\/p>\n<p>La salle de bain est \u00e9quip\u00e9e d'un ensemble de baignoires.<\/p>\n<p>Le trop-plein et la vidange doivent \u00eatre command\u00e9s s\u00e9par\u00e9ment (voir Produits correspondants).<\/p>\n<p>Sur cette baignoire de haute qualit\u00e9, il est possible d'installer un robinet de bord de baignoire et une combinaison de douche. Esth\u00e9tique et \u00e9vite l'installation dans les murs.<\/p>\n<h4><\/h4>\n<h4>QUALIT\u00c9 DU BAIN<\/h4>\n<p>La qualit\u00e9 de nos baignoires est d'une importance capitale chez Cleopatra. Gr\u00e2ce \u00e0 la couche d'acrylique de 6 mm, votre baignoire restera belle et blanche pendant des ann\u00e9es, y compris le renforcement robuste de la base de la baignoire.<\/p>\n<h4><\/h4>\n<h4>ACCESSOIRES DE BAIN<\/h4>\n<ul>\n<li><em>Combinaison de d\u00e9bordement et de vidange Cleoplus.<\/em> Produit de haute qualit\u00e9 en finition chrom\u00e9e.<\/li>\n<\/ul>\n<ul>\n<li><em>Combinaison de Cleofill.<\/em> Produit de haute qualit\u00e9 en finition chrom\u00e9e. Au lieu d'un robinet, la baignoire est remplie par une combinaison de trop-plein.<\/li>\n<\/ul>\n<ul>\n<li><em>Robinets de baignoire.<\/em>\u00a0M\u00e9langeurs de baignoire de haute qualit\u00e9 de Hansgrohe avec un choix de plusieurs mod\u00e8les. La finition standard est le chrome, mais d'autres finitions sont \u00e9galement possibles. Les m\u00e9langeurs de bord de baignoire sont install\u00e9s sur votre baignoire dans notre usine, votre baignoire est donc pr\u00eate \u00e0 \u00eatre install\u00e9e !<\/li>\n<\/ul>\n<ul>\n<li><em>Poign\u00e9e.<\/em>\u00a0Poign\u00e9e de belle forme en chrome. Vous pouvez ainsi entrer et sortir du bain plus facilement et en toute s\u00e9curit\u00e9 !<\/li>\n<\/ul>\n<ul>\n<li><em>Lumi\u00e8re color\u00e9e.<\/em>\u00a0\u00c9clairage de la baignoire de haute qualit\u00e9 comprenant deux lampes LED et une commande plac\u00e9e sur le rebord de la baignoire.<\/li>\n<\/ul>\n<ul>\n<li><em>Coussin de nuque.<\/em>\u00a0Coussin confortable qui s'adapte \u00e0 la forme de votre t\u00eate. Indispensable pour le plaisir du bain.<\/li>\n<\/ul>\n<ul>\n<li><em>Huiles de bain.<\/em>\u00a0Soigne la peau, sans danger pour l'acrylique du bain, et disponible en 7 d\u00e9licieux parfums.<\/li>\n<\/ul>\n<h4><\/h4>\n<h4>SYST\u00c8ME HYDROMASSEUR<\/h4>\n<p>Un syst\u00e8me d'hydromassage de haute qualit\u00e9 rend votre bain encore plus agr\u00e9able.<\/p>","protected":false},"excerpt":{"rendered":"<p>Le site<strong>\u00a0Cleopatra<\/strong>\u00a0<b>bain<\/b>\u00a0Lugano 340 est une baignoire ronde tr\u00e8s spacieuse en acrylique blanc. La baignoire id\u00e9ale pour rendre la salle de bain plus esth\u00e9tique ou pour pouvoir prendre un bain avec toute la famille ! Les dossiers sont construits de mani\u00e8re \u00e0 ce que vous puissiez vraiment vous d\u00e9tendre dans le bain.<\/p>","protected":false},"featured_media":3084,"template":"","format":"standard","meta":{"_acf_changed":false},"product_brand":[],"product_cat":[84,76,71],"product_tag":[],"class_list":{"0":"post-3082","1":"product","2":"type-product","3":"status-publish","4":"format-standard","5":"has-post-thumbnail","7":"product_cat-premium-ligbaden","8":"product_cat-ligbaden-whirlpools","9":"product_cat-shop","11":"first","12":"instock","13":"taxable","14":"shipping-taxable","15":"purchasable","16":"product-type-simple"},"acf":[],"_links":{"self":[{"href":"https:\/\/cleopatra.nl\/fr\/wp-json\/wp\/v2\/product\/3082","targetHints":{"allow":["GET"]}}],"collection":[{"href":"https:\/\/cleopatra.nl\/fr\/wp-json\/wp\/v2\/product"}],"about":[{"href":"https:\/\/cleopatra.nl\/fr\/wp-json\/wp\/v2\/types\/product"}],"wp:featuredmedia":[{"embeddable":true,"href":"https:\/\/cleopatra.nl\/fr\/wp-json\/wp\/v2\/media\/3084"}],"wp:attachment":[{"href":"https:\/\/cleopatra.nl\/fr\/wp-json\/wp\/v2\/media?parent=3082"}],"wp:term":[{"taxonomy":"product_brand","embeddable":true,"href":"https:\/\/cleopatra.nl\/fr\/wp-json\/wp\/v2\/product_brand?post=3082"},{"taxonomy":"product_cat","embeddable":true,"href":"https:\/\/cleopatra.nl\/fr\/wp-json\/wp\/v2\/product_cat?post=3082"},{"taxonomy":"product_tag","embeddable":true,"href":"https:\/\/cleopatra.nl\/fr\/wp-json\/wp\/v2\/product_tag?post=3082"}],"curies":[{"name":"wp","href":"https:\/\/api.w.org\/{rel}","templated":true}]}}