{"id":3089,"date":"2022-04-27T19:02:45","date_gmt":"2022-04-27T17:02:45","guid":{"rendered":"https:\/\/cleopatra.medialoods.com\/?post_type=product&#038;p=3089"},"modified":"2026-04-27T09:56:43","modified_gmt":"2026-04-27T07:56:43","slug":"cleofill-overloop-leegloop-inloop","status":"publish","type":"product","link":"https:\/\/cleopatra.nl\/fr\/shop\/ligbad-accessoires\/cleofill-overloop-leegloop-inloop\/","title":{"rendered":"Cleofill Trop-plein, vide &amp; Walk-in"},"content":{"rendered":"<p><strong>Combinaison luxueuse de trop-plein, de drain et d'entr\u00e9e<\/strong><\/p>\n<p>Cette combinaison de trop-plein, de vidange et d'entr\u00e9e est fournie en standard :<br \/>\n- Tous les mitigeurs de baignoire (robinets)<br \/>\n- Au lieu d'un robinet sur le bord de la baignoire, vous pouvez choisir cette combinaison de remplissage de baignoire. Ici, la baignoire est remplie par le trop-plein qui fait \u00e9galement office de combinaison \u00e0 pied et est \u00e9galement une combinaison vide.<\/p>","protected":false},"excerpt":{"rendered":"<p>Combinaison luxueuse de trop-plein, de vidange et d'admission Cette combinaison de trop-plein, de vidange et d'admission est livr\u00e9e en standard avec.. : - Toutes les combinaisons de rebords de baignoire (robinets) - Au lieu d'un bec de robinet sur le rebord de la baignoire, vous pouvez choisir cette combinaison de remplissage de baignoire. Ici, la baignoire est remplie par le trop-plein qui fait \u00e9galement office de combinaison de trop-plein.<\/p>","protected":false},"featured_media":3090,"template":"","format":"standard","meta":{"_acf_changed":false},"product_brand":[347],"product_cat":[72,71],"product_tag":[152,151,150],"class_list":{"0":"post-3089","1":"product","2":"type-product","3":"status-publish","4":"format-standard","5":"has-post-thumbnail","7":"product_brand-cleopatra","8":"product_cat-ligbad-accessoires","9":"product_cat-shop","10":"product_tag-inloop","11":"product_tag-leegloop","12":"product_tag-overloop","14":"first","15":"instock","16":"taxable","17":"shipping-taxable","18":"purchasable","19":"product-type-simple"},"acf":[],"_links":{"self":[{"href":"https:\/\/cleopatra.nl\/fr\/wp-json\/wp\/v2\/product\/3089","targetHints":{"allow":["GET"]}}],"collection":[{"href":"https:\/\/cleopatra.nl\/fr\/wp-json\/wp\/v2\/product"}],"about":[{"href":"https:\/\/cleopatra.nl\/fr\/wp-json\/wp\/v2\/types\/product"}],"wp:featuredmedia":[{"embeddable":true,"href":"https:\/\/cleopatra.nl\/fr\/wp-json\/wp\/v2\/media\/3090"}],"wp:attachment":[{"href":"https:\/\/cleopatra.nl\/fr\/wp-json\/wp\/v2\/media?parent=3089"}],"wp:term":[{"taxonomy":"product_brand","embeddable":true,"href":"https:\/\/cleopatra.nl\/fr\/wp-json\/wp\/v2\/product_brand?post=3089"},{"taxonomy":"product_cat","embeddable":true,"href":"https:\/\/cleopatra.nl\/fr\/wp-json\/wp\/v2\/product_cat?post=3089"},{"taxonomy":"product_tag","embeddable":true,"href":"https:\/\/cleopatra.nl\/fr\/wp-json\/wp\/v2\/product_tag?post=3089"}],"curies":[{"name":"wp","href":"https:\/\/api.w.org\/{rel}","templated":true}]}}