{"id":3099,"date":"2022-04-27T19:02:19","date_gmt":"2022-04-27T17:02:19","guid":{"rendered":"https:\/\/cleopatra.medialoods.com\/?post_type=product&#038;p=3099"},"modified":"2026-04-26T21:18:53","modified_gmt":"2026-04-26T19:18:53","slug":"extra-spa-jets","status":"publish","type":"product","link":"https:\/\/cleopatra.nl\/fr\/shop\/extra-spa-jets\/","title":{"rendered":"Jets de spa suppl\u00e9mentaires"},"content":{"rendered":"<p><strong>Jets de spa suppl\u00e9mentaires<\/strong><\/p>\n<ul>\n<li>Syst\u00e8me de spa<\/li>\n<li>Pour les bains \u00e0 remous de la ligne Comfort ou Deluxe, des jets suppl\u00e9mentaires sont possibles.<\/li>\n<\/ul>\n<p>Des jets suppl\u00e9mentaires peuvent \u00eatre install\u00e9s par paires.<\/p>","protected":false},"excerpt":{"rendered":"<p>Jets de spa suppl\u00e9mentaires avec syst\u00e8me de spa Des jets de spa suppl\u00e9mentaires sont possibles avec les bains \u00e0 remous de la ligne Comfort ou Deluxe. Dans ce cas, l'installation de jets suppl\u00e9mentaires se fait par deux pi\u00e8ces.<\/p>","protected":false},"featured_media":3100,"template":"","format":"standard","meta":{"_acf_changed":false},"product_brand":[347],"product_cat":[71,72],"product_tag":[155],"class_list":{"0":"post-3099","1":"product","2":"type-product","3":"status-publish","4":"format-standard","5":"has-post-thumbnail","7":"product_brand-cleopatra","8":"product_cat-shop","9":"product_cat-ligbad-accessoires","10":"product_tag-spa-jets","12":"first","13":"instock","14":"taxable","15":"shipping-taxable","16":"purchasable","17":"product-type-simple"},"acf":[],"_links":{"self":[{"href":"https:\/\/cleopatra.nl\/fr\/wp-json\/wp\/v2\/product\/3099","targetHints":{"allow":["GET"]}}],"collection":[{"href":"https:\/\/cleopatra.nl\/fr\/wp-json\/wp\/v2\/product"}],"about":[{"href":"https:\/\/cleopatra.nl\/fr\/wp-json\/wp\/v2\/types\/product"}],"wp:featuredmedia":[{"embeddable":true,"href":"https:\/\/cleopatra.nl\/fr\/wp-json\/wp\/v2\/media\/3100"}],"wp:attachment":[{"href":"https:\/\/cleopatra.nl\/fr\/wp-json\/wp\/v2\/media?parent=3099"}],"wp:term":[{"taxonomy":"product_brand","embeddable":true,"href":"https:\/\/cleopatra.nl\/fr\/wp-json\/wp\/v2\/product_brand?post=3099"},{"taxonomy":"product_cat","embeddable":true,"href":"https:\/\/cleopatra.nl\/fr\/wp-json\/wp\/v2\/product_cat?post=3099"},{"taxonomy":"product_tag","embeddable":true,"href":"https:\/\/cleopatra.nl\/fr\/wp-json\/wp\/v2\/product_tag?post=3099"}],"curies":[{"name":"wp","href":"https:\/\/api.w.org\/{rel}","templated":true}]}}