{"id":3103,"date":"2022-04-27T19:02:19","date_gmt":"2022-04-27T17:02:19","guid":{"rendered":"https:\/\/cleopatra.medialoods.com\/?post_type=product&#038;p=3103"},"modified":"2025-01-02T11:31:46","modified_gmt":"2025-01-02T10:31:46","slug":"led-kleurverlichting-2-stuks-2","status":"publish","type":"product","link":"https:\/\/cleopatra.nl\/fr\/shop\/led-kleurverlichting-2-stuks\/","title":{"rendered":"Lumi\u00e8res de couleur LED | 2 pi\u00e8ces"},"content":{"rendered":"<p><strong>Lumi\u00e8re de couleur LED (2 pcs)<\/strong><\/p>\n<p>&nbsp;<\/p>\n<p>Un moment fort pendant que vous vous d\u00e9tendez dans le bain. Une option atmosph\u00e9rique entoure votre corps d'un jeu passionnant de lumi\u00e8res scintillantes et color\u00e9es :<\/p>\n<p>Les couleurs violet, jaune, bleu, rouge et vert peuvent \u00eatre admir\u00e9es en continu ou en succession.<\/p>","protected":false},"excerpt":{"rendered":"<p>Lumi\u00e8re color\u00e9e LED (2 pi\u00e8ces) Un point fort pendant que vous vous d\u00e9tendez dans le bain. Une option atmosph\u00e9rique entoure votre corps d'un jeu passionnant de lumi\u00e8res scintillantes et color\u00e9es : les couleurs violet, jaune, bleu, rouge et vert peuvent \u00eatre admir\u00e9es en continu ou en succession.<\/p>","protected":false},"featured_media":3104,"template":"","format":"standard","meta":{"_acf_changed":false},"product_brand":[],"product_cat":[71,72],"product_tag":[156],"class_list":{"0":"post-3103","1":"product","2":"type-product","3":"status-publish","4":"format-standard","5":"has-post-thumbnail","7":"product_cat-shop","8":"product_cat-ligbad-accessoires","9":"product_tag-kleurverlichting","11":"first","12":"instock","13":"taxable","14":"shipping-taxable","15":"purchasable","16":"product-type-simple"},"acf":[],"_links":{"self":[{"href":"https:\/\/cleopatra.nl\/fr\/wp-json\/wp\/v2\/product\/3103","targetHints":{"allow":["GET"]}}],"collection":[{"href":"https:\/\/cleopatra.nl\/fr\/wp-json\/wp\/v2\/product"}],"about":[{"href":"https:\/\/cleopatra.nl\/fr\/wp-json\/wp\/v2\/types\/product"}],"wp:featuredmedia":[{"embeddable":true,"href":"https:\/\/cleopatra.nl\/fr\/wp-json\/wp\/v2\/media\/3104"}],"wp:attachment":[{"href":"https:\/\/cleopatra.nl\/fr\/wp-json\/wp\/v2\/media?parent=3103"}],"wp:term":[{"taxonomy":"product_brand","embeddable":true,"href":"https:\/\/cleopatra.nl\/fr\/wp-json\/wp\/v2\/product_brand?post=3103"},{"taxonomy":"product_cat","embeddable":true,"href":"https:\/\/cleopatra.nl\/fr\/wp-json\/wp\/v2\/product_cat?post=3103"},{"taxonomy":"product_tag","embeddable":true,"href":"https:\/\/cleopatra.nl\/fr\/wp-json\/wp\/v2\/product_tag?post=3103"}],"curies":[{"name":"wp","href":"https:\/\/api.w.org\/{rel}","templated":true}]}}