{"id":3112,"date":"2022-04-25T14:18:00","date_gmt":"2022-04-25T12:18:00","guid":{"rendered":"https:\/\/cleopatra.medialoods.com\/?post_type=product&#038;p=3112"},"modified":"2026-04-26T21:18:51","modified_gmt":"2026-04-26T19:18:51","slug":"acryl-polish-500-ml","status":"publish","type":"product","link":"https:\/\/cleopatra.nl\/fr\/shop\/bad-sauna-stoombad-geuren\/acryl-polish-500-ml\/","title":{"rendered":"Vernis acrylique | 500 ml"},"content":{"rendered":"<h4>ACRYL POLISH<\/h4>\n<p>La Cl\u00e9op\u00e2tre\u00a0<strong>vernis acrylique<\/strong>\u00a0est sp\u00e9cialement con\u00e7u pour nettoyer en toute s\u00e9curit\u00e9 les surfaces des bains acryliques, des bains de vapeur et des douches \u00e0 vapeur.<\/p>\n<p>Les dommages l\u00e9gers tels que les petites rayures et les taches disparaissent et la brillance d'origine revient. Apr\u00e8s le traitement, il reste une couche protectrice qui emp\u00eache la formation de calcaire et de salet\u00e9s.<\/p>\n<p>Le contenu d'un flacon de vernis acrylique : 500 ml<\/p>\n<h4>MANUEL DE L'UTILISATEUR<\/h4>\n<p>Agitez bien la bouteille avant de l'utiliser.<\/p>\n<p>Utilisez un chiffon humide pour appliquer le produit sur la surface en effectuant des mouvements circulaires. Accordez une attention particuli\u00e8re aux dommages les plus profonds. Attendez quelques minutes pour que la surface s\u00e8che. Puis polissez avec un chiffon sec.<\/p>","protected":false},"excerpt":{"rendered":"<p>La Cl\u00e9op\u00e2tre\u00a0<strong>vernis acrylique<\/strong> est sp\u00e9cialement con\u00e7u pour nettoyer en toute s\u00e9curit\u00e9 les surfaces des baignoires, bains de vapeur et douches \u00e0 vapeur en acrylique. Les dommages l\u00e9gers tels que les petites rayures et les taches disparaissent et la brillance d'origine est r\u00e9tablie. Apr\u00e8s le traitement, il reste une couche protectrice qui emp\u00eache la formation de calcaire et de salissures. Contenu d'un flacon de polish pour acrylique : 500 ml<\/p>","protected":false},"featured_media":3113,"template":"","format":"standard","meta":{"_acf_changed":false},"product_brand":[347],"product_cat":[77,71],"product_tag":[],"class_list":{"0":"post-3112","1":"product","2":"type-product","3":"status-publish","4":"format-standard","5":"has-post-thumbnail","7":"product_brand-cleopatra","8":"product_cat-bad-sauna-stoombad-geuren","9":"product_cat-shop","11":"first","12":"outofstock","13":"taxable","14":"shipping-taxable","15":"purchasable","16":"product-type-simple"},"acf":[],"_links":{"self":[{"href":"https:\/\/cleopatra.nl\/fr\/wp-json\/wp\/v2\/product\/3112","targetHints":{"allow":["GET"]}}],"collection":[{"href":"https:\/\/cleopatra.nl\/fr\/wp-json\/wp\/v2\/product"}],"about":[{"href":"https:\/\/cleopatra.nl\/fr\/wp-json\/wp\/v2\/types\/product"}],"wp:featuredmedia":[{"embeddable":true,"href":"https:\/\/cleopatra.nl\/fr\/wp-json\/wp\/v2\/media\/3113"}],"wp:attachment":[{"href":"https:\/\/cleopatra.nl\/fr\/wp-json\/wp\/v2\/media?parent=3112"}],"wp:term":[{"taxonomy":"product_brand","embeddable":true,"href":"https:\/\/cleopatra.nl\/fr\/wp-json\/wp\/v2\/product_brand?post=3112"},{"taxonomy":"product_cat","embeddable":true,"href":"https:\/\/cleopatra.nl\/fr\/wp-json\/wp\/v2\/product_cat?post=3112"},{"taxonomy":"product_tag","embeddable":true,"href":"https:\/\/cleopatra.nl\/fr\/wp-json\/wp\/v2\/product_tag?post=3112"}],"curies":[{"name":"wp","href":"https:\/\/api.w.org\/{rel}","templated":true}]}}