{"id":3114,"date":"2022-04-25T14:12:29","date_gmt":"2022-04-25T12:12:29","guid":{"rendered":"https:\/\/cleopatra.medialoods.com\/?post_type=product&#038;p=3114"},"modified":"2025-12-03T04:40:10","modified_gmt":"2025-12-03T03:40:10","slug":"bad-whirlpool-olie-set-5-x-250-ml","status":"publish","type":"product","link":"https:\/\/cleopatra.nl\/fr\/shop\/bad-whirlpool-olie-set-5-x-250-ml\/","title":{"rendered":"Coffret d'huiles de bain et d'hydromassage - 5 x 250 ml"},"content":{"rendered":"<h3><b>CLEOPATRA BATH &amp; WHIRLPOOL OIL SET (5 FRAGRANCES)<\/b><\/h3>\n<p>&nbsp;<\/p>\n<p>Le nouveau<b>\u00a0Huile de bain Cl\u00e9op\u00e2tre<\/b>\u00a0est une aromath\u00e9rapie sp\u00e9cialement d\u00e9velopp\u00e9e pour \u00eatre utilis\u00e9e dans les baignoires, les bains \u00e0 remous et les spas ext\u00e9rieurs. L'huile de bain est compos\u00e9e d'huiles essentielles et d'herbes soigneusement s\u00e9lectionn\u00e9es et se dissout compl\u00e8tement dans l'eau du bain.<\/p>\n<p>&nbsp;<\/p>\n<p>Le produit n'est pas gras et n'affecte pas la technologie du bain \u00e0 remous\/spa.<\/p>\n<p>&nbsp;<\/p>\n<p>Ce coffret contient les d\u00e9licieux parfums suivants.<\/p>\n<ul>\n<li><strong><em>BERGAMOT<\/em><\/strong>: Parfum de fond d'agrume utilis\u00e9 en aromath\u00e9rapie pour \u00e9voquer la force et l'\u00e9nergie.<\/li>\n<\/ul>\n<ul>\n<li><strong><em>LE PAFRUM DE CL\u00c9OP\u00c2TRE<\/em>:<\/strong> Une combinaison unique de Yi Yi Ren (herbe chinoise) et de lotus blanc. Le r\u00e9sultat est un parfum doux et l\u00e9g\u00e8rement sucr\u00e9 qui est apaisant.<\/li>\n<\/ul>\n<ul>\n<li><strong><em>BOIS D\u00c9RIV\u00c9<\/em>:<\/strong> Un d\u00e9licieux m\u00e9lange de musc et de bois. Ce parfum chaud et bois\u00e9 apportera un peu de nature dans votre salle de bain !<\/li>\n<\/ul>\n<ul>\n<li><strong><em>EUCALYPTUS<\/em>:<\/strong> Eucalyptus avec une touche de romarin. L'eucalyptus est efficace en cas de rhume et a un effet revigorant.<\/li>\n<\/ul>\n<ul>\n<li><strong><em>MEDITERRANEE<\/em>:<\/strong> Le parfum rafra\u00eechissant des algues, enrichi d'un doux parfum de lotus. A un effet relaxant et apaisant.<\/li>\n<\/ul>\n<p>&nbsp;<\/p>\n<h4>MANUEL DE L'UTILISATEUR<\/h4>\n<p><strong>SOMMAIRE<\/strong><\/p>\n<p>Le contenu d'une bouteille d'huile de bain est de 250 ml ; la bouteille est transparente et a un design attrayant.<\/p>\n<p><strong>POTLIFE<\/strong><\/p>\n<p>Dur\u00e9e de conservation de 12 mois dans l'emballage d'origine. L'huile de bain peut perdre sa couleur sous l'effet des rayons UV.<\/p>\n<p><strong>DOSAGE<\/strong><\/p>\n<p>Si la temp\u00e9rature de l'eau est d'environ 36\u00b0C, ajouter 25 ml d'huile de bain pour 200 litres d'eau de bain.<\/p>\n<p><strong>STOCKAGE<\/strong><\/p>\n<p>Conserver dans l'emballage d'origine, hors de port\u00e9e des enfants.<\/p>\n<p><strong>EN CAS DE CONTACT VISUEL<\/strong><\/p>\n<p>Rincer doucement \u00e0 l'eau pendant plusieurs minutes<\/p>\n<p><strong>HYPERSENSIBILIT\u00c9<\/strong><\/p>\n<p>Peut provoquer des r\u00e9actions allergiques chez l'homme en cas de contact<\/p>\n<p><strong>INGR\u00c9DIENTS INCI<\/strong><\/p>\n<p>Dipropyl\u00e8ne glycol ; parfum ; CI 42090<\/p>\n<p>&nbsp;<\/p>","protected":false},"excerpt":{"rendered":"<p>Le nouveau<b>\u00a0Huile de bain Cl\u00e9op\u00e2tre<\/b>\u00a0est une aromath\u00e9rapie sp\u00e9cialement d\u00e9velopp\u00e9e pour \u00eatre utilis\u00e9e dans les baignoires, les bains \u00e0 remous et les spas ext\u00e9rieurs. L'huile de bain est compos\u00e9e d'huiles essentielles et d'herbes soigneusement s\u00e9lectionn\u00e9es et se dissout compl\u00e8tement dans l'eau du bain.<\/p>","protected":false},"featured_media":3115,"template":"","format":"standard","meta":{"_acf_changed":false},"product_brand":[],"product_cat":[71,77],"product_tag":[],"class_list":{"0":"post-3114","1":"product","2":"type-product","3":"status-publish","4":"format-standard","5":"has-post-thumbnail","7":"product_cat-shop","8":"product_cat-bad-sauna-stoombad-geuren","10":"first","11":"instock","12":"taxable","13":"shipping-taxable","14":"purchasable","15":"product-type-simple"},"acf":[],"_links":{"self":[{"href":"https:\/\/cleopatra.nl\/fr\/wp-json\/wp\/v2\/product\/3114","targetHints":{"allow":["GET"]}}],"collection":[{"href":"https:\/\/cleopatra.nl\/fr\/wp-json\/wp\/v2\/product"}],"about":[{"href":"https:\/\/cleopatra.nl\/fr\/wp-json\/wp\/v2\/types\/product"}],"wp:featuredmedia":[{"embeddable":true,"href":"https:\/\/cleopatra.nl\/fr\/wp-json\/wp\/v2\/media\/3115"}],"wp:attachment":[{"href":"https:\/\/cleopatra.nl\/fr\/wp-json\/wp\/v2\/media?parent=3114"}],"wp:term":[{"taxonomy":"product_brand","embeddable":true,"href":"https:\/\/cleopatra.nl\/fr\/wp-json\/wp\/v2\/product_brand?post=3114"},{"taxonomy":"product_cat","embeddable":true,"href":"https:\/\/cleopatra.nl\/fr\/wp-json\/wp\/v2\/product_cat?post=3114"},{"taxonomy":"product_tag","embeddable":true,"href":"https:\/\/cleopatra.nl\/fr\/wp-json\/wp\/v2\/product_tag?post=3114"}],"curies":[{"name":"wp","href":"https:\/\/api.w.org\/{rel}","templated":true}]}}