{"id":3116,"date":"2022-04-25T14:14:01","date_gmt":"2022-04-25T12:14:01","guid":{"rendered":"https:\/\/cleopatra.medialoods.com\/?post_type=product&#038;p=3116"},"modified":"2025-11-12T11:09:46","modified_gmt":"2025-11-12T10:09:46","slug":"sauna-opgietmiddel-set-3-x-250ml","status":"publish","type":"product","link":"https:\/\/cleopatra.nl\/fr\/shop\/bad-sauna-stoombad-geuren\/sauna-opgietmiddel-set-5-x-250ml\/","title":{"rendered":"Set de d\u00e9tergent pour sauna - 3 x 250ml"},"content":{"rendered":"<h4>SET LIQUIDE SAUNA CLEOPATRA (5 PARFUMS)<\/h4>\n<p>La Cl\u00e9op\u00e2tre<strong>\u00a0sauna moyen<\/strong>\u00a0se compose d'huiles essentielles soigneusement choisies, identiques \u00e0 celles de la nature, et de fines herbes s\u00e9lectionn\u00e9es, sans ajout de substances synth\u00e9tiques. L'additif pour sauna convient parfaitement \u00e0 l'aromath\u00e9rapie dans les saunas priv\u00e9s ou professionnels.<\/p>\n<p>L'ensemble se compose des parfums suivants :<\/p>\n<ul>\n<li>Bergamote<\/li>\n<li>Eucalyptus m\u00e9diterran\u00e9en<\/li>\n<li>Lavande de Provence<\/li>\n<\/ul>\n<p>&nbsp;<\/p>\n<p>Le liquide est pr\u00e9sent\u00e9 dans un \u00e9l\u00e9gant flacon transparent de 250 ml.<\/p>\n<p>Dosering: U dient 25 ml van het opgietmiddel te mengen met ca. 5 liter water. U kunt het mengsel in kleine hoeveelheden voorzichtig op de stenen van de kachel gieten. De saunaolie kan zijn kleur verliezen door UV straling.<\/p>","protected":false},"excerpt":{"rendered":"<p>La Cl\u00e9op\u00e2tre<strong>\u00a0sauna moyen<\/strong>\u00a0se compose d'huiles essentielles soigneusement choisies, identiques \u00e0 celles de la nature, et de fines herbes s\u00e9lectionn\u00e9es, sans ajout de substances synth\u00e9tiques. L'additif pour sauna convient parfaitement \u00e0 l'aromath\u00e9rapie dans les saunas priv\u00e9s ou professionnels.<\/p>","protected":false},"featured_media":3117,"template":"","format":"standard","meta":{"_acf_changed":false},"product_brand":[],"product_cat":[77,71],"product_tag":[160],"class_list":{"0":"post-3116","1":"product","2":"type-product","3":"status-publish","4":"format-standard","5":"has-post-thumbnail","7":"product_cat-bad-sauna-stoombad-geuren","8":"product_cat-shop","9":"product_tag-sauna-opgietmiddel-250-ml","11":"first","12":"outofstock","13":"taxable","14":"shipping-taxable","15":"purchasable","16":"product-type-simple"},"acf":[],"_links":{"self":[{"href":"https:\/\/cleopatra.nl\/fr\/wp-json\/wp\/v2\/product\/3116","targetHints":{"allow":["GET"]}}],"collection":[{"href":"https:\/\/cleopatra.nl\/fr\/wp-json\/wp\/v2\/product"}],"about":[{"href":"https:\/\/cleopatra.nl\/fr\/wp-json\/wp\/v2\/types\/product"}],"wp:featuredmedia":[{"embeddable":true,"href":"https:\/\/cleopatra.nl\/fr\/wp-json\/wp\/v2\/media\/3117"}],"wp:attachment":[{"href":"https:\/\/cleopatra.nl\/fr\/wp-json\/wp\/v2\/media?parent=3116"}],"wp:term":[{"taxonomy":"product_brand","embeddable":true,"href":"https:\/\/cleopatra.nl\/fr\/wp-json\/wp\/v2\/product_brand?post=3116"},{"taxonomy":"product_cat","embeddable":true,"href":"https:\/\/cleopatra.nl\/fr\/wp-json\/wp\/v2\/product_cat?post=3116"},{"taxonomy":"product_tag","embeddable":true,"href":"https:\/\/cleopatra.nl\/fr\/wp-json\/wp\/v2\/product_tag?post=3116"}],"curies":[{"name":"wp","href":"https:\/\/api.w.org\/{rel}","templated":true}]}}