{"id":3118,"date":"2022-04-25T14:16:28","date_gmt":"2022-04-25T12:16:28","guid":{"rendered":"https:\/\/cleopatra.medialoods.com\/?post_type=product&#038;p=3118"},"modified":"2026-04-26T22:25:59","modified_gmt":"2026-04-26T20:25:59","slug":"whirlpool-reiniger-1-liter","status":"publish","type":"product","link":"https:\/\/cleopatra.nl\/fr\/shop\/bad-sauna-stoombad-geuren\/whirlpool-reiniger-1-liter\/","title":{"rendered":"Whirlpool Cleaner | 1 litre"},"content":{"rendered":"<h4>NETTOYEUR DE WHIRLPOOL<\/h4>\n<p>La Cl\u00e9op\u00e2tre\u00a0<strong>nettoyeur de whirlpool<\/strong>\u00a0est sp\u00e9cialement con\u00e7u pour le nettoyage des syst\u00e8mes baln\u00e9o fortement encrass\u00e9s. Il permet de desserrer et d'aplanir les pi\u00e8ces coinc\u00e9es dans le syst\u00e8me. Les tuyaux et les canalisations bloqu\u00e9s sont \u00e0 nouveau ouverts. Le nettoyant pour bains \u00e0 remous est sans danger pour le syst\u00e8me de bains \u00e0 remous et peut \u00eatre utilis\u00e9 aussi bien \u00e0 la maison que dans un environnement professionnel. Le contenu est de 1 litre par bouteille. Selon l'intensit\u00e9 de l'utilisation et la duret\u00e9 de l'eau, nous recommandons de nettoyer le syst\u00e8me baln\u00e9o \u00e0 intervalles de 4 \u00e0 6 semaines.<\/p>\n<h4>MANUEL DE L'UTILISATEUR<\/h4>\n<p>Mode d'emploi pour les bains \u00e0 remous sans syst\u00e8me de nettoyage automatique :<br \/>\n1. Remplissez la baignoire avec de l'eau chaude dont la temp\u00e9rature minimale est de 35\u00b0C.<br \/>\n2. Versez environ 200 ml. WhirlpoolCleaner dans l'eau (ratio de m\u00e9lange 200 ml. pour 100 ltr. d'eau).<br \/>\n3. Fermez (si pr\u00e9sent) le r\u00e9gulateur d'air ou le r\u00e9gulateur de pression massique et d\u00e9marrez le syst\u00e8me baln\u00e9o. Laissez le syst\u00e8me fonctionner pendant environ 5 minutes, afin que le WhirlpoolCleaner se m\u00e9lange bien \u00e0 l'eau de la baignoire.<br \/>\n4. Arr\u00eatez le syst\u00e8me d'hydromassage et laissez-le agir pendant au moins 10 heures.<br \/>\n5. Laissez le syst\u00e8me d'hydromassage fonctionner pendant encore 5 minutes.<br \/>\n6. Videz l'eau et, si n\u00e9cessaire, remplissez \u00e0 nouveau la baignoire d'eau froide pour un dernier rin\u00e7age. Cela n'est n\u00e9cessaire que si le bain \u00e0 remous est s\u00e9rieusement pollu\u00e9.<br \/>\n7. Rincer les emballages vides avant de les \u00e9liminer conform\u00e9ment \u00e0 la r\u00e9glementation en vigueur.<\/p>\n<p>Veuillez noter ! Pendant le cycle de nettoyage, vous ne devez absolument pas utiliser la baignoire.<\/p>","protected":false},"excerpt":{"rendered":"<p>La Cl\u00e9op\u00e2tre\u00a0<strong>nettoyeur de whirlpool<\/strong>\u00a0est sp\u00e9cialement con\u00e7u pour le nettoyage des syst\u00e8mes baln\u00e9o fortement encrass\u00e9s. Il permet de desserrer et d'aplanir les pi\u00e8ces coinc\u00e9es dans le syst\u00e8me. Les tuyaux et les canalisations bloqu\u00e9s sont \u00e0 nouveau ouverts. Le nettoyant pour bains \u00e0 remous est sans danger pour le syst\u00e8me de bains \u00e0 remous et peut \u00eatre utilis\u00e9 aussi bien \u00e0 la maison que dans un environnement professionnel. Le contenu est de 1 litre par bouteille. Selon l'intensit\u00e9 de l'utilisation et la duret\u00e9 de l'eau, nous recommandons de nettoyer le syst\u00e8me baln\u00e9o \u00e0 intervalles de 4 \u00e0 6 semaines.<\/p>","protected":false},"featured_media":3120,"template":"","format":"standard","meta":{"_acf_changed":false},"product_brand":[347],"product_cat":[77,71],"product_tag":[],"class_list":{"0":"post-3118","1":"product","2":"type-product","3":"status-publish","4":"format-standard","5":"has-post-thumbnail","7":"product_brand-cleopatra","8":"product_cat-bad-sauna-stoombad-geuren","9":"product_cat-shop","11":"first","12":"instock","13":"sale","14":"taxable","15":"shipping-taxable","16":"purchasable","17":"product-type-simple"},"acf":[],"_links":{"self":[{"href":"https:\/\/cleopatra.nl\/fr\/wp-json\/wp\/v2\/product\/3118","targetHints":{"allow":["GET"]}}],"collection":[{"href":"https:\/\/cleopatra.nl\/fr\/wp-json\/wp\/v2\/product"}],"about":[{"href":"https:\/\/cleopatra.nl\/fr\/wp-json\/wp\/v2\/types\/product"}],"wp:featuredmedia":[{"embeddable":true,"href":"https:\/\/cleopatra.nl\/fr\/wp-json\/wp\/v2\/media\/3120"}],"wp:attachment":[{"href":"https:\/\/cleopatra.nl\/fr\/wp-json\/wp\/v2\/media?parent=3118"}],"wp:term":[{"taxonomy":"product_brand","embeddable":true,"href":"https:\/\/cleopatra.nl\/fr\/wp-json\/wp\/v2\/product_brand?post=3118"},{"taxonomy":"product_cat","embeddable":true,"href":"https:\/\/cleopatra.nl\/fr\/wp-json\/wp\/v2\/product_cat?post=3118"},{"taxonomy":"product_tag","embeddable":true,"href":"https:\/\/cleopatra.nl\/fr\/wp-json\/wp\/v2\/product_tag?post=3118"}],"curies":[{"name":"wp","href":"https:\/\/api.w.org\/{rel}","templated":true}]}}