{"id":3127,"date":"2022-04-27T19:02:16","date_gmt":"2022-04-27T17:02:16","guid":{"rendered":"https:\/\/cleopatra.medialoods.com\/?post_type=product&#038;p=3127"},"modified":"2026-04-26T21:18:52","modified_gmt":"2026-04-26T19:18:52","slug":"berken-sauna-takken-2","status":"publish","type":"product","link":"https:\/\/cleopatra.nl\/fr\/shop\/sauna-accessoires\/overige-sauna-accessoires\/berken-saunaklopper\/","title":{"rendered":"Branches de bouleau pour sauna"},"content":{"rendered":"<p>Branches de sauna en bois de bouleau<\/p>\n<p>Il est \u00e9troitement li\u00e9, s\u00e9ch\u00e9 et stock\u00e9 de mani\u00e8re normale. Il fonctionne comme un sauna frais. Vous pouvez m\u00eame l'utiliser plusieurs fois en le s\u00e9chant entre les utilisations, et en le stockant \u00e0 sec apr\u00e8s utilisation.<\/p>\n<p>&nbsp;<\/p>\n<ul>\n<li>Branches de bouleau 60 cm<\/li>\n<li>Poids : 0,2 kg<\/li>\n<\/ul>","protected":false},"excerpt":{"rendered":"<p>Les branches de sauna en bouleau sont \u00e9troitement li\u00e9es, s\u00e9ch\u00e9es et conserv\u00e9es de mani\u00e8re normale. Il fonctionne comme un sauna frais. Vous pouvez m\u00eame l'utiliser plusieurs fois en le s\u00e9chant entre les utilisations, et le ranger \u00e0 l'abri de l'humidit\u00e9 apr\u00e8s utilisation.   Branches de bouleau 60 cm Poids : 0,2 kg<\/p>","protected":false},"featured_media":3128,"template":"","format":"standard","meta":{"_acf_changed":false},"product_brand":[347],"product_cat":[95,71,79],"product_tag":[],"class_list":{"0":"post-3127","1":"product","2":"type-product","3":"status-publish","4":"format-standard","5":"has-post-thumbnail","7":"product_brand-cleopatra","8":"product_cat-overige-sauna-accessoires","9":"product_cat-shop","10":"product_cat-sauna-accessoires","12":"first","13":"instock","14":"taxable","15":"shipping-taxable","16":"purchasable","17":"product-type-simple"},"acf":[],"_links":{"self":[{"href":"https:\/\/cleopatra.nl\/fr\/wp-json\/wp\/v2\/product\/3127","targetHints":{"allow":["GET"]}}],"collection":[{"href":"https:\/\/cleopatra.nl\/fr\/wp-json\/wp\/v2\/product"}],"about":[{"href":"https:\/\/cleopatra.nl\/fr\/wp-json\/wp\/v2\/types\/product"}],"wp:featuredmedia":[{"embeddable":true,"href":"https:\/\/cleopatra.nl\/fr\/wp-json\/wp\/v2\/media\/3128"}],"wp:attachment":[{"href":"https:\/\/cleopatra.nl\/fr\/wp-json\/wp\/v2\/media?parent=3127"}],"wp:term":[{"taxonomy":"product_brand","embeddable":true,"href":"https:\/\/cleopatra.nl\/fr\/wp-json\/wp\/v2\/product_brand?post=3127"},{"taxonomy":"product_cat","embeddable":true,"href":"https:\/\/cleopatra.nl\/fr\/wp-json\/wp\/v2\/product_cat?post=3127"},{"taxonomy":"product_tag","embeddable":true,"href":"https:\/\/cleopatra.nl\/fr\/wp-json\/wp\/v2\/product_tag?post=3127"}],"curies":[{"name":"wp","href":"https:\/\/api.w.org\/{rel}","templated":true}]}}