{"id":3133,"date":"2022-04-27T19:02:03","date_gmt":"2022-04-27T17:02:03","guid":{"rendered":"https:\/\/cleopatra.medialoods.com\/?post_type=product&#038;p=3133"},"modified":"2025-01-02T11:31:41","modified_gmt":"2025-01-02T10:31:41","slug":"sauna-emmer-zwart-2","status":"publish","type":"product","link":"https:\/\/cleopatra.nl\/fr\/shop\/sauna-accessoires\/emmers-lepels\/earth-sauna-emmer-lepel\/","title":{"rendered":"Seau \u00e0 sauna noir"},"content":{"rendered":"<p><strong>Seau \u00e0 sauna noir<\/strong><\/p>\n<ul>\n<li>Seau \u00e0 sauna en aluminium<\/li>\n<li>Capacit\u00e9 de 6,5 litres<\/li>\n<\/ul>","protected":false},"excerpt":{"rendered":"<p>Seau \u00e0 sauna noir Seau \u00e0 sauna en aluminium Capacit\u00e9 6,5 litres<\/p>","protected":false},"featured_media":3606,"template":"","format":"standard","meta":{"_acf_changed":false},"product_brand":[],"product_cat":[94,71,79],"product_tag":[212],"class_list":{"0":"post-3133","1":"product","2":"type-product","3":"status-publish","4":"format-standard","5":"has-post-thumbnail","7":"product_cat-emmers-lepels","8":"product_cat-shop","9":"product_cat-sauna-accessoires","10":"product_tag-sauna-emmer","12":"first","13":"instock","14":"taxable","15":"shipping-taxable","16":"purchasable","17":"product-type-simple"},"acf":[],"_links":{"self":[{"href":"https:\/\/cleopatra.nl\/fr\/wp-json\/wp\/v2\/product\/3133","targetHints":{"allow":["GET"]}}],"collection":[{"href":"https:\/\/cleopatra.nl\/fr\/wp-json\/wp\/v2\/product"}],"about":[{"href":"https:\/\/cleopatra.nl\/fr\/wp-json\/wp\/v2\/types\/product"}],"wp:featuredmedia":[{"embeddable":true,"href":"https:\/\/cleopatra.nl\/fr\/wp-json\/wp\/v2\/media\/3606"}],"wp:attachment":[{"href":"https:\/\/cleopatra.nl\/fr\/wp-json\/wp\/v2\/media?parent=3133"}],"wp:term":[{"taxonomy":"product_brand","embeddable":true,"href":"https:\/\/cleopatra.nl\/fr\/wp-json\/wp\/v2\/product_brand?post=3133"},{"taxonomy":"product_cat","embeddable":true,"href":"https:\/\/cleopatra.nl\/fr\/wp-json\/wp\/v2\/product_cat?post=3133"},{"taxonomy":"product_tag","embeddable":true,"href":"https:\/\/cleopatra.nl\/fr\/wp-json\/wp\/v2\/product_tag?post=3133"}],"curies":[{"name":"wp","href":"https:\/\/api.w.org\/{rel}","templated":true}]}}