{"id":3139,"date":"2022-04-27T19:02:02","date_gmt":"2022-04-27T17:02:02","guid":{"rendered":"https:\/\/cleopatra.medialoods.com\/?post_type=product&#038;p=3139"},"modified":"2026-04-26T21:18:59","modified_gmt":"2026-04-26T19:18:59","slug":"thermometer-hygrometer-combi-135-mm-2","status":"publish","type":"product","link":"https:\/\/cleopatra.nl\/fr\/shop\/sauna-accessoires\/thermo-hygrometers\/gecombineerde-thermo-hygrometer-aluminium\/","title":{"rendered":"Thermom\u00e8tre &amp; Hygrom\u00e8tre combi (135 mm)"},"content":{"rendered":"<p>Ce thermo-hygrom\u00e8tre a un bo\u00eetier en aluminium avec des aiguilles en plastique.<\/p>\n<ul>\n<li>Thermom\u00e8tre 20 - 120 degr\u00e9s Celsius<\/li>\n<li>Hygrom\u00e8tre 0 - 70 % humidit\u00e9<\/li>\n<li>Diam\u00e8tre = 135 mm<\/li>\n<li>Poids 280 grammes<\/li>\n<\/ul>","protected":false},"excerpt":{"rendered":"<p>Ce thermom\u00e8tre\/hygrom\u00e8tre est dot\u00e9 d'un bo\u00eetier en aluminium et d'aiguilles en plastique. Thermom\u00e8tre 20 - 120 degr\u00e9s Celsius Hygrom\u00e8tre 0 - 70 % humidit\u00e9 Diam\u00e8tre = 135 mm Poids 280 grammes<\/p>","protected":false},"featured_media":3140,"template":"","format":"standard","meta":{"_acf_changed":false},"product_brand":[347],"product_cat":[97,71,79],"product_tag":[],"class_list":{"0":"post-3139","1":"product","2":"type-product","3":"status-publish","4":"format-standard","5":"has-post-thumbnail","7":"product_brand-cleopatra","8":"product_cat-thermo-hygrometers","9":"product_cat-shop","10":"product_cat-sauna-accessoires","12":"first","13":"instock","14":"taxable","15":"shipping-taxable","16":"purchasable","17":"product-type-simple"},"acf":[],"_links":{"self":[{"href":"https:\/\/cleopatra.nl\/fr\/wp-json\/wp\/v2\/product\/3139","targetHints":{"allow":["GET"]}}],"collection":[{"href":"https:\/\/cleopatra.nl\/fr\/wp-json\/wp\/v2\/product"}],"about":[{"href":"https:\/\/cleopatra.nl\/fr\/wp-json\/wp\/v2\/types\/product"}],"wp:featuredmedia":[{"embeddable":true,"href":"https:\/\/cleopatra.nl\/fr\/wp-json\/wp\/v2\/media\/3140"}],"wp:attachment":[{"href":"https:\/\/cleopatra.nl\/fr\/wp-json\/wp\/v2\/media?parent=3139"}],"wp:term":[{"taxonomy":"product_brand","embeddable":true,"href":"https:\/\/cleopatra.nl\/fr\/wp-json\/wp\/v2\/product_brand?post=3139"},{"taxonomy":"product_cat","embeddable":true,"href":"https:\/\/cleopatra.nl\/fr\/wp-json\/wp\/v2\/product_cat?post=3139"},{"taxonomy":"product_tag","embeddable":true,"href":"https:\/\/cleopatra.nl\/fr\/wp-json\/wp\/v2\/product_tag?post=3139"}],"curies":[{"name":"wp","href":"https:\/\/api.w.org\/{rel}","templated":true}]}}