{"id":3153,"date":"2022-04-27T19:02:01","date_gmt":"2022-04-27T17:02:01","guid":{"rendered":"https:\/\/cleopatra.medialoods.com\/?post_type=product&#038;p=3153"},"modified":"2026-04-26T21:18:55","modified_gmt":"2026-04-26T19:18:55","slug":"kneipp-slang-met-douche-aansluiting-1-2-incl-wandhouder-2","status":"publish","type":"product","link":"https:\/\/cleopatra.nl\/fr\/shop\/sauna-accessoires\/douches-slangen\/hogedrukdouche-met-slang-en-schroefdop-1-2\/","title":{"rendered":"Kneipp Tuyau avec raccord de douche 1\/2\u2033 incl. support mural"},"content":{"rendered":"<h4 id=\"tw-target-text\" class=\"tw-data-text tw-text-large XcVN5d tw-ta\" data-placeholder=\"Vertaling\"><span class=\"Y2IQFc\" lang=\"nl\">Tuyau Kneipp avec douche, raccord 1\/2\u2033 y compris support mural<\/span><\/h4>\n<ul>\n<li class=\"tw-data-text tw-text-large XcVN5d tw-ta\" dir=\"ltr\" data-placeholder=\"Vertaling\"><span class=\"Y2IQFc\" lang=\"nl\">Comprend un tuyau en PVC de 1,5 m\u00e8tre et un support mural. Convient par exemple pour le nettoyage des si\u00e8ges dans les hammams.<\/span><\/li>\n<li class=\"tw-data-text tw-text-large XcVN5d tw-ta\" dir=\"ltr\" data-placeholder=\"Vertaling\">Il n'est pas permis d'installer la douche \u00e0 pression avec une pression d'eau permanente.<\/li>\n<li class=\"tw-data-text tw-text-large XcVN5d tw-ta\" dir=\"ltr\" data-placeholder=\"Vertaling\">Apr\u00e8s l'utilisation de la douche \u00e0 pression, la pression de l'eau doit \u00eatre coup\u00e9e au moyen d'un robinet d'arr\u00eat s\u00e9par\u00e9. poids environ 340 grammes<\/li>\n<\/ul>","protected":false},"excerpt":{"rendered":"<p>Kneipp slang met douche, aansluiting 1\/2&#8243; inclusief wandhouder Incl. slang met lengte 1,5 meter van PVC en muurbeugel. bijv. geschikt voor het reinigen van de stoelen in stoombadkamers. Het is niet toegestaan \u200b\u200bom de drukdouche met een permanente waterdruk te installeren. Na gebruik van de drukdouche moet de waterdruk worden afgekoppeld door middel van een [&hellip;]<\/p>\n","protected":false},"featured_media":3154,"template":"","format":"standard","meta":{"_acf_changed":false},"product_brand":[347],"product_cat":[93,71,79],"product_tag":[],"class_list":{"0":"post-3153","1":"product","2":"type-product","3":"status-publish","4":"format-standard","5":"has-post-thumbnail","7":"product_brand-cleopatra","8":"product_cat-douches-slangen","9":"product_cat-shop","10":"product_cat-sauna-accessoires","12":"first","13":"instock","14":"taxable","15":"shipping-taxable","16":"purchasable","17":"product-type-simple"},"acf":[],"_links":{"self":[{"href":"https:\/\/cleopatra.nl\/fr\/wp-json\/wp\/v2\/product\/3153","targetHints":{"allow":["GET"]}}],"collection":[{"href":"https:\/\/cleopatra.nl\/fr\/wp-json\/wp\/v2\/product"}],"about":[{"href":"https:\/\/cleopatra.nl\/fr\/wp-json\/wp\/v2\/types\/product"}],"wp:featuredmedia":[{"embeddable":true,"href":"https:\/\/cleopatra.nl\/fr\/wp-json\/wp\/v2\/media\/3154"}],"wp:attachment":[{"href":"https:\/\/cleopatra.nl\/fr\/wp-json\/wp\/v2\/media?parent=3153"}],"wp:term":[{"taxonomy":"product_brand","embeddable":true,"href":"https:\/\/cleopatra.nl\/fr\/wp-json\/wp\/v2\/product_brand?post=3153"},{"taxonomy":"product_cat","embeddable":true,"href":"https:\/\/cleopatra.nl\/fr\/wp-json\/wp\/v2\/product_cat?post=3153"},{"taxonomy":"product_tag","embeddable":true,"href":"https:\/\/cleopatra.nl\/fr\/wp-json\/wp\/v2\/product_tag?post=3153"}],"curies":[{"name":"wp","href":"https:\/\/api.w.org\/{rel}","templated":true}]}}