{"id":3155,"date":"2022-04-27T19:02:01","date_gmt":"2022-04-27T17:02:01","guid":{"rendered":"https:\/\/cleopatra.medialoods.com\/?post_type=product&#038;p=3155"},"modified":"2026-04-26T21:18:56","modified_gmt":"2026-04-26T19:18:56","slug":"sauna-emmer-hout-5-liter-2","status":"publish","type":"product","link":"https:\/\/cleopatra.nl\/fr\/shop\/sauna-accessoires\/emmers-lepels\/houten-sauna-emmer-5-liter\/","title":{"rendered":"Seau \u00e0 sauna en bois 5 litres"},"content":{"rendered":"<p>Seau de sauna en bois.<\/p>\n<ul>\n<li>Fabriqu\u00e9 en bois tendre pour une utilisation en sauna.<\/li>\n<li>Le seau est li\u00e9 par deux arceaux en fer pour plus de solidit\u00e9.<\/li>\n<li>Capacit\u00e9 d'environ 5 litres<\/li>\n<li>Insert en plastique inclus<\/li>\n<\/ul>","protected":false},"excerpt":{"rendered":"<p>Seau de sauna en bois. Fabriqu\u00e9 en bois tendre pour une utilisation en sauna. Le seau est reli\u00e9 par 2 arceaux en fer pour plus de solidit\u00e9 Contenu : environ 5 litres Avec insert en plastique.<\/p>","protected":false},"featured_media":3156,"template":"","format":"standard","meta":{"_acf_changed":false},"product_brand":[347],"product_cat":[94,71,79],"product_tag":[],"class_list":{"0":"post-3155","1":"product","2":"type-product","3":"status-publish","4":"format-standard","5":"has-post-thumbnail","7":"product_brand-cleopatra","8":"product_cat-emmers-lepels","9":"product_cat-shop","10":"product_cat-sauna-accessoires","12":"first","13":"instock","14":"taxable","15":"shipping-taxable","16":"purchasable","17":"product-type-simple"},"acf":[],"_links":{"self":[{"href":"https:\/\/cleopatra.nl\/fr\/wp-json\/wp\/v2\/product\/3155","targetHints":{"allow":["GET"]}}],"collection":[{"href":"https:\/\/cleopatra.nl\/fr\/wp-json\/wp\/v2\/product"}],"about":[{"href":"https:\/\/cleopatra.nl\/fr\/wp-json\/wp\/v2\/types\/product"}],"wp:featuredmedia":[{"embeddable":true,"href":"https:\/\/cleopatra.nl\/fr\/wp-json\/wp\/v2\/media\/3156"}],"wp:attachment":[{"href":"https:\/\/cleopatra.nl\/fr\/wp-json\/wp\/v2\/media?parent=3155"}],"wp:term":[{"taxonomy":"product_brand","embeddable":true,"href":"https:\/\/cleopatra.nl\/fr\/wp-json\/wp\/v2\/product_brand?post=3155"},{"taxonomy":"product_cat","embeddable":true,"href":"https:\/\/cleopatra.nl\/fr\/wp-json\/wp\/v2\/product_cat?post=3155"},{"taxonomy":"product_tag","embeddable":true,"href":"https:\/\/cleopatra.nl\/fr\/wp-json\/wp\/v2\/product_tag?post=3155"}],"curies":[{"name":"wp","href":"https:\/\/api.w.org\/{rel}","templated":true}]}}