{"id":3159,"date":"2022-04-27T19:02:00","date_gmt":"2022-04-27T17:02:00","guid":{"rendered":"https:\/\/cleopatra.medialoods.com\/?post_type=product&#038;p=3159"},"modified":"2026-04-26T21:18:54","modified_gmt":"2026-04-26T19:18:54","slug":"houten-stortdouche-emmer-met-houder","status":"publish","type":"product","link":"https:\/\/cleopatra.nl\/fr\/shop\/sauna-accessoires\/douches-slangen\/houten-stortdouche-emmer-met-houder\/","title":{"rendered":"Seau de douche en bois avec support"},"content":{"rendered":"<p data-placeholder=\"Vertaling\">Seau de douche \u00e0 effet pluie en bois avec support en acier inoxydable<\/p>\n<ul>\n<li id=\"tw-target-text\" class=\"tw-data-text tw-text-large XcVN5d tw-ta\" dir=\"ltr\" data-placeholder=\"Vertaling\"><span class=\"Y2IQFc\" lang=\"nl\">Pour un montage au mur ou au plafond\u00a0<\/span><\/li>\n<li class=\"tw-data-text tw-text-large XcVN5d tw-ta\" dir=\"ltr\" data-placeholder=\"Vertaling\"><span class=\"Y2IQFc\" lang=\"nl\">LxHxP environ 350x100x350 mm <\/span><\/li>\n<li class=\"tw-data-text tw-text-large XcVN5d tw-ta\" dir=\"ltr\" data-placeholder=\"Vertaling\"><span class=\"Y2IQFc\" lang=\"nl\">Poids d'environ 5,7 kg<\/span><\/li>\n<li class=\"tw-data-text tw-text-large XcVN5d tw-ta\" dir=\"ltr\" data-placeholder=\"Vertaling\">Tous les seaux en bois sont fabriqu\u00e9s en bois de m\u00e9l\u00e8ze durable - recouvert \u00e0 l'int\u00e9rieur et \u00e0 l'ext\u00e9rieur d'une laque imperm\u00e9able.<\/li>\n<li dir=\"ltr\" data-placeholder=\"Vertaling\">Cha\u00eene de traction de 700 mm avec levier d'inclinaison convivial (toutes les pi\u00e8ces m\u00e9talliques sont en acier inoxydable 1.43XX (m\u00eame l'acier inoxydable 1.43XX peut rouiller dans l'air ambiant sal\u00e9 ou chlor\u00e9 ou lors du nettoyage avec des produits de nettoyage chlor\u00e9s !)<\/li>\n<li dir=\"ltr\" data-placeholder=\"Vertaling\">Filet de raccordement 1\/2\u2033 pour le remplissage d'eau avec un tuyau \u00e0 pression.<\/li>\n<li dir=\"ltr\" data-placeholder=\"Vertaling\">Le niveau d'eau de 4,5 \u00e0 7,5 l est r\u00e9glable par la vanne de baignade.<\/li>\n<li dir=\"ltr\" data-placeholder=\"Vertaling\">Dimensions du godet : LxH environ 305\u00d7270 mm<\/li>\n<\/ul>","protected":false},"excerpt":{"rendered":"<p>Houten stortdouche emmer met RVS houder Voor wand- of plafondmontage\u00a0 BxHxD ca. 350x100x350 mm Gewicht ca. 5,7 kg Alle houten emmers zijn gemaakt van duurzaam larikshout \u2013 binnen en buiten gecoat met waterdichte lak Trekketting lengte 700 mm met gebruiksvriendelijke kantelhendel (alle metalen delen zijn gemaakt van 1.43XX-roestvrij staal (ook 1.43XX-roestvrij staal kan roesten in [&hellip;]<\/p>\n","protected":false},"featured_media":3161,"template":"","format":"standard","meta":{"_acf_changed":false},"product_brand":[347],"product_cat":[93,71,79],"product_tag":[],"class_list":{"0":"post-3159","1":"product","2":"type-product","3":"status-publish","4":"format-standard","5":"has-post-thumbnail","7":"product_brand-cleopatra","8":"product_cat-douches-slangen","9":"product_cat-shop","10":"product_cat-sauna-accessoires","12":"first","13":"instock","14":"taxable","15":"shipping-taxable","16":"purchasable","17":"product-type-simple"},"acf":[],"_links":{"self":[{"href":"https:\/\/cleopatra.nl\/fr\/wp-json\/wp\/v2\/product\/3159","targetHints":{"allow":["GET"]}}],"collection":[{"href":"https:\/\/cleopatra.nl\/fr\/wp-json\/wp\/v2\/product"}],"about":[{"href":"https:\/\/cleopatra.nl\/fr\/wp-json\/wp\/v2\/types\/product"}],"wp:featuredmedia":[{"embeddable":true,"href":"https:\/\/cleopatra.nl\/fr\/wp-json\/wp\/v2\/media\/3161"}],"wp:attachment":[{"href":"https:\/\/cleopatra.nl\/fr\/wp-json\/wp\/v2\/media?parent=3159"}],"wp:term":[{"taxonomy":"product_brand","embeddable":true,"href":"https:\/\/cleopatra.nl\/fr\/wp-json\/wp\/v2\/product_brand?post=3159"},{"taxonomy":"product_cat","embeddable":true,"href":"https:\/\/cleopatra.nl\/fr\/wp-json\/wp\/v2\/product_cat?post=3159"},{"taxonomy":"product_tag","embeddable":true,"href":"https:\/\/cleopatra.nl\/fr\/wp-json\/wp\/v2\/product_tag?post=3159"}],"curies":[{"name":"wp","href":"https:\/\/api.w.org\/{rel}","templated":true}]}}