{"id":3160,"date":"2022-04-25T14:40:58","date_gmt":"2022-04-25T12:40:58","guid":{"rendered":"https:\/\/cleopatra.medialoods.com\/?post_type=product&#038;p=3160"},"modified":"2026-04-26T22:58:07","modified_gmt":"2026-04-26T20:58:07","slug":"sauna-opgietmiddel-250-ml","status":"publish","type":"product","link":"https:\/\/cleopatra.nl\/fr\/shop\/bad-sauna-stoombad-geuren\/sauna-opgietmiddel-250-ml\/","title":{"rendered":"Sauna Opgietmiddel | Bergamot 250 ml"},"content":{"rendered":"<h4>LIQUIDE DE SAUNA CLEOPATRA<\/h4>\n<p>La Cl\u00e9op\u00e2tre<strong>\u00a0sauna moyen<\/strong>\u00a0se compose d'huiles essentielles soigneusement choisies, identiques \u00e0 celles de la nature, et de fines herbes s\u00e9lectionn\u00e9es, sans ajout de substances synth\u00e9tiques. L'additif pour sauna convient parfaitement \u00e0 l'aromath\u00e9rapie dans les saunas priv\u00e9s ou professionnels.<\/p>\n<p>Les parfums suivants sont disponibles :<\/p>\n<ul>\n<li>Bergamote<\/li>\n<\/ul>\n<p>Le liquide est pr\u00e9sent\u00e9 dans un \u00e9l\u00e9gant flacon transparent de 250 ml.<\/p>\n<p>Dosage : Vous devez m\u00e9langer 25 ml de l'additif avec environ 5 litres d'eau. Vous pouvez verser d\u00e9licatement le m\u00e9lange sur les pierres du po\u00eale en petites quantit\u00e9s.<\/p>","protected":false},"excerpt":{"rendered":"<p>La Cl\u00e9op\u00e2tre<strong>\u00a0sauna moyen<\/strong>\u00a0se compose d'huiles essentielles soigneusement choisies, identiques \u00e0 celles de la nature, et de fines herbes s\u00e9lectionn\u00e9es, sans ajout de substances synth\u00e9tiques. L'additif pour sauna convient parfaitement \u00e0 l'aromath\u00e9rapie dans les saunas priv\u00e9s ou professionnels.<\/p>","protected":false},"featured_media":3164,"template":"","format":"standard","meta":{"_acf_changed":false},"product_brand":[347],"product_cat":[77,71],"product_tag":[],"class_list":{"0":"post-3160","1":"product","2":"type-product","3":"status-publish","4":"format-standard","5":"has-post-thumbnail","7":"product_brand-cleopatra","8":"product_cat-bad-sauna-stoombad-geuren","9":"product_cat-shop","11":"first","12":"instock","13":"sale","14":"taxable","15":"shipping-taxable","16":"purchasable","17":"product-type-simple"},"acf":[],"_links":{"self":[{"href":"https:\/\/cleopatra.nl\/fr\/wp-json\/wp\/v2\/product\/3160","targetHints":{"allow":["GET"]}}],"collection":[{"href":"https:\/\/cleopatra.nl\/fr\/wp-json\/wp\/v2\/product"}],"about":[{"href":"https:\/\/cleopatra.nl\/fr\/wp-json\/wp\/v2\/types\/product"}],"wp:featuredmedia":[{"embeddable":true,"href":"https:\/\/cleopatra.nl\/fr\/wp-json\/wp\/v2\/media\/3164"}],"wp:attachment":[{"href":"https:\/\/cleopatra.nl\/fr\/wp-json\/wp\/v2\/media?parent=3160"}],"wp:term":[{"taxonomy":"product_brand","embeddable":true,"href":"https:\/\/cleopatra.nl\/fr\/wp-json\/wp\/v2\/product_brand?post=3160"},{"taxonomy":"product_cat","embeddable":true,"href":"https:\/\/cleopatra.nl\/fr\/wp-json\/wp\/v2\/product_cat?post=3160"},{"taxonomy":"product_tag","embeddable":true,"href":"https:\/\/cleopatra.nl\/fr\/wp-json\/wp\/v2\/product_tag?post=3160"}],"curies":[{"name":"wp","href":"https:\/\/api.w.org\/{rel}","templated":true}]}}