{"id":3162,"date":"2022-04-27T19:02:00","date_gmt":"2022-04-27T17:02:00","guid":{"rendered":"https:\/\/cleopatra.medialoods.com\/?post_type=product&#038;p=3162"},"modified":"2025-01-02T11:31:33","modified_gmt":"2025-01-02T10:31:33","slug":"houten-voetenbad-2","status":"publish","type":"product","link":"https:\/\/cleopatra.nl\/fr\/shop\/sauna-accessoires\/emmers-lepels\/houten-voetenbadje\/","title":{"rendered":"Bain de pieds en bois"},"content":{"rendered":"<h3>Bain de pieds en bois<\/h3>\n<p>Bain de pieds en bois avec insert en plastique. Id\u00e9al pour rincer les pieds \u00e0 l'eau froide pendant ou apr\u00e8s le sauna ; l'eau froide stimule la circulation sanguine.<\/p>\n<p>&nbsp;<\/p>\n<ul>\n<li>Capacit\u00e9 de 17 litres<\/li>\n<li>Dimensions 400 x 200 mm<\/li>\n<li>Poids 3,3 kg<\/li>\n<\/ul>","protected":false},"excerpt":{"rendered":"<p>Bain de pieds en bois Bain de pieds en bois avec insert en plastique. Id\u00e9al pour rincer les pieds \u00e0 l'eau froide pendant ou apr\u00e8s le sauna ; l'eau froide stimule la circulation sanguine.   Contenu 17 litres Dimensions 400 x 200 mm Poids 3,3 kg<\/p>","protected":false},"featured_media":3163,"template":"","format":"standard","meta":{"_acf_changed":false},"product_brand":[],"product_cat":[94,71,79],"product_tag":[],"class_list":{"0":"post-3162","1":"product","2":"type-product","3":"status-publish","4":"format-standard","5":"has-post-thumbnail","7":"product_cat-emmers-lepels","8":"product_cat-shop","9":"product_cat-sauna-accessoires","11":"first","12":"instock","13":"taxable","14":"shipping-taxable","15":"purchasable","16":"product-type-simple"},"acf":[],"_links":{"self":[{"href":"https:\/\/cleopatra.nl\/fr\/wp-json\/wp\/v2\/product\/3162","targetHints":{"allow":["GET"]}}],"collection":[{"href":"https:\/\/cleopatra.nl\/fr\/wp-json\/wp\/v2\/product"}],"about":[{"href":"https:\/\/cleopatra.nl\/fr\/wp-json\/wp\/v2\/types\/product"}],"wp:featuredmedia":[{"embeddable":true,"href":"https:\/\/cleopatra.nl\/fr\/wp-json\/wp\/v2\/media\/3163"}],"wp:attachment":[{"href":"https:\/\/cleopatra.nl\/fr\/wp-json\/wp\/v2\/media?parent=3162"}],"wp:term":[{"taxonomy":"product_brand","embeddable":true,"href":"https:\/\/cleopatra.nl\/fr\/wp-json\/wp\/v2\/product_brand?post=3162"},{"taxonomy":"product_cat","embeddable":true,"href":"https:\/\/cleopatra.nl\/fr\/wp-json\/wp\/v2\/product_cat?post=3162"},{"taxonomy":"product_tag","embeddable":true,"href":"https:\/\/cleopatra.nl\/fr\/wp-json\/wp\/v2\/product_tag?post=3162"}],"curies":[{"name":"wp","href":"https:\/\/api.w.org\/{rel}","templated":true}]}}