{"id":3170,"date":"2022-04-27T19:02:13","date_gmt":"2022-04-27T17:02:13","guid":{"rendered":"https:\/\/cleopatra.medialoods.com\/?post_type=product&#038;p=3170"},"modified":"2026-04-26T21:18:56","modified_gmt":"2026-04-26T19:18:56","slug":"sauna-geurstof-100-natuurlijk-2","status":"publish","type":"product","link":"https:\/\/cleopatra.nl\/fr\/shop\/sauna-accessoires\/overige-sauna-accessoires\/sauna-infuuszak-100-natuurlijk\/","title":{"rendered":"Parfum de sauna 100% naturel"},"content":{"rendered":"<p><strong>Sac de perfusion pour sauna 100% naturel<\/strong><\/p>\n<p id=\"tw-target-text\" class=\"tw-data-text tw-text-large XcVN5d tw-ta\" dir=\"ltr\" data-placeholder=\"Vertaling\"><span class=\"Y2IQFc\" lang=\"nl\">Fonctionnement du sachet d'infusion : sachet d'infusion de sauna avec des mati\u00e8res v\u00e9g\u00e9tales naturelles et s\u00e9ch\u00e9es de qualit\u00e9 alimentaire test\u00e9e. Environ 1 sachet pour 1 litre d'eau chaude et laisser infuser pendant environ 5 minutes - pour une infusion de sauna naturelle 100%. Versez ensuite le parfum dans le chauffage.<\/span><\/p>\n<p dir=\"ltr\" data-placeholder=\"Vertaling\"><strong>Diff\u00e9rents parfums :<\/strong><\/p>\n<p id=\"tw-target-text\" class=\"tw-data-text tw-text-large XcVN5d tw-ta\" data-placeholder=\"Vertaling\"><strong><span class=\"Y2IQFc\" lang=\"nl\">Feuilles de bouleau<\/span><\/strong><\/p>\n<ul>\n<li class=\"tw-data-text tw-text-large XcVN5d tw-ta\" dir=\"ltr\" data-placeholder=\"Vertaling\"><span class=\"Y2IQFc\" lang=\"nl\">Pour tous ceux qui aiment le parfum typique du bouleau finlandais, mais pour qui la manipulation des fagots de bouleau est trop encombrante. Donne un parfum merveilleux apr\u00e8s avoir vers\u00e9 sur le po\u00eale du sauna.<\/span><\/li>\n<\/ul>\n<p class=\"tw-data-text tw-text-large XcVN5d tw-ta\" data-placeholder=\"Vertaling\"><strong><span class=\"Y2IQFc\" lang=\"nl\">Fleurs de lavande<\/span><\/strong><\/p>\n<ul>\n<li class=\"tw-data-text tw-text-large XcVN5d tw-ta\" dir=\"ltr\" data-placeholder=\"Vertaling\"><span class=\"Y2IQFc\" lang=\"nl\">Parfum \u00e9quilibr\u00e9 et relaxant.\u00a0<\/span><\/li>\n<\/ul>\n<p class=\"tw-data-text tw-text-large XcVN5d tw-ta\" data-placeholder=\"Vertaling\"><strong><span class=\"Y2IQFc\" lang=\"nl\">La magie de l'hiver<\/span><\/strong><\/p>\n<ul>\n<li class=\"tw-data-text tw-text-large XcVN5d tw-ta\" dir=\"ltr\" data-placeholder=\"Vertaling\"><span class=\"Y2IQFc\" lang=\"nl\">(Cannelle, \u00e9corce d'orange, anis, girofle) - harmonisant, cr\u00e9e un parfum de No\u00ebl. Set mixte compos\u00e9 de 3 sachets individuels d'environ 10 g chacun : feuille de bouleau, fleur de lavande et magie d'hiver.<\/span><\/li>\n<\/ul>\n<p data-placeholder=\"Vertaling\"><strong>Mixte<\/strong><\/p>\n<p>Sachet mixte contenant 3 sachets de chaque parfum (3 Feuilles de Bouleau, 3 Fleurs de Lavande et 3 Magie d'Hiver)<\/p>","protected":false},"excerpt":{"rendered":"<p>Sauna Infuuszak 100% natuurlijk Hoe werkt de infuuszak: Sauna infusiezak met natuurlijk, gedroogd plantaardig materiaal in geteste voedselveilige kwaliteit. circa 1 zak per 1 liter warm water en laat ze\u00a0 circa 5 minuten trekken \u2013 voor een 100% natuurlijke sauna-infusie. Hierna kan men de geurstof op de kachel gieten. Verschillende geuren: Berken bladeren Voor iedereen [&hellip;]<\/p>\n","protected":false},"featured_media":3172,"template":"","format":"standard","meta":{"_acf_changed":false},"product_brand":[347],"product_cat":[95,71,79],"product_tag":[],"class_list":{"0":"post-3170","1":"product","2":"type-product","3":"status-publish","4":"format-standard","5":"has-post-thumbnail","7":"product_brand-cleopatra","8":"product_cat-overige-sauna-accessoires","9":"product_cat-shop","10":"product_cat-sauna-accessoires","12":"first","13":"instock","14":"taxable","15":"shipping-taxable","16":"purchasable","17":"product-type-simple"},"acf":[],"_links":{"self":[{"href":"https:\/\/cleopatra.nl\/fr\/wp-json\/wp\/v2\/product\/3170","targetHints":{"allow":["GET"]}}],"collection":[{"href":"https:\/\/cleopatra.nl\/fr\/wp-json\/wp\/v2\/product"}],"about":[{"href":"https:\/\/cleopatra.nl\/fr\/wp-json\/wp\/v2\/types\/product"}],"wp:featuredmedia":[{"embeddable":true,"href":"https:\/\/cleopatra.nl\/fr\/wp-json\/wp\/v2\/media\/3172"}],"wp:attachment":[{"href":"https:\/\/cleopatra.nl\/fr\/wp-json\/wp\/v2\/media?parent=3170"}],"wp:term":[{"taxonomy":"product_brand","embeddable":true,"href":"https:\/\/cleopatra.nl\/fr\/wp-json\/wp\/v2\/product_brand?post=3170"},{"taxonomy":"product_cat","embeddable":true,"href":"https:\/\/cleopatra.nl\/fr\/wp-json\/wp\/v2\/product_cat?post=3170"},{"taxonomy":"product_tag","embeddable":true,"href":"https:\/\/cleopatra.nl\/fr\/wp-json\/wp\/v2\/product_tag?post=3170"}],"curies":[{"name":"wp","href":"https:\/\/api.w.org\/{rel}","templated":true}]}}