{"id":3173,"date":"2022-04-25T14:58:31","date_gmt":"2022-04-25T12:58:31","guid":{"rendered":"https:\/\/cleopatra.medialoods.com\/?post_type=product&#038;p=3173"},"modified":"2026-04-26T21:18:58","modified_gmt":"2026-04-26T19:18:58","slug":"stoombad-melk-5-liter-eucalyptus-original-2","status":"publish","type":"product","link":"https:\/\/cleopatra.nl\/fr\/shop\/bad-sauna-stoombad-geuren\/stoombad-melk-5-liter-original\/","title":{"rendered":"Bain de vapeur Lait 5 litres | Eucalyptus (Original)"},"content":{"rendered":"<p>Cleopatra Steam bath milk - the real deal !<\/p>\n<p>La Cl\u00e9op\u00e2tre\u00a0<strong>lait de bain de vapeur<\/strong> sont des parfums de haute qualit\u00e9 utilis\u00e9s tant par les particuliers que par les professionnels. Les parfums de bain de vapeur sont fabriqu\u00e9s \u00e0 partir d'huile essentielle pure 100% et d'adjuvants sans parfum. Id\u00e9al pour l'aromath\u00e9rapie dans un bain de vapeur ou un hammam. Il s'agit d'un<strong> original<\/strong> La version de Cleopatra - non dilu\u00e9e - est \u00e9galement une recette prot\u00e9g\u00e9e que Cleopatra commercialise depuis 40 ans. On le remarque tout de suite : il faut moins de parfum pour obtenir un r\u00e9sultat d\u00e9licieux. Le lait d'addition indique une substance blanche ; en raison de l'intensit\u00e9 du parfum, nous recommandons de diluer le lait avec de l'eau.<\/p>\n<p>Le lait d'eucalyptus est un parfum frais et agr\u00e9able.<\/p>\n<p>Le lait est fourni dans un tonneau de 5 litres.<\/p>\n<p>Dosage : Diluer avec de l'eau (1 part de parfum pour 5 parts d'eau).<\/p>\n<p>Dur\u00e9e de conservation : 12 mois.<\/p>","protected":false},"excerpt":{"rendered":"<p>Cleopatra Stoombad melk &#8211; de echte! De Cleopatra\u00a0stoombad melk zijn een hoogwaardige geuren die zowel door particulieren als door professionele partijen gebruikt worden. De stoombadgeuren zijn gemaakt uit 100% zuivere etherische olie en geurloze hulpstoffen. Ideaal voor aromatherapie in een stoombad en of Hammam. Het betreft hier een original uitvoering \u2013 onverdund, en bovendien een [&hellip;]<\/p>\n","protected":false},"featured_media":3175,"template":"","format":"standard","meta":{"_acf_changed":false},"product_brand":[347],"product_cat":[77,71],"product_tag":[],"class_list":{"0":"post-3173","1":"product","2":"type-product","3":"status-publish","4":"format-standard","5":"has-post-thumbnail","7":"product_brand-cleopatra","8":"product_cat-bad-sauna-stoombad-geuren","9":"product_cat-shop","11":"first","12":"instock","13":"sale","14":"taxable","15":"shipping-taxable","16":"purchasable","17":"product-type-simple"},"acf":[],"_links":{"self":[{"href":"https:\/\/cleopatra.nl\/fr\/wp-json\/wp\/v2\/product\/3173","targetHints":{"allow":["GET"]}}],"collection":[{"href":"https:\/\/cleopatra.nl\/fr\/wp-json\/wp\/v2\/product"}],"about":[{"href":"https:\/\/cleopatra.nl\/fr\/wp-json\/wp\/v2\/types\/product"}],"wp:featuredmedia":[{"embeddable":true,"href":"https:\/\/cleopatra.nl\/fr\/wp-json\/wp\/v2\/media\/3175"}],"wp:attachment":[{"href":"https:\/\/cleopatra.nl\/fr\/wp-json\/wp\/v2\/media?parent=3173"}],"wp:term":[{"taxonomy":"product_brand","embeddable":true,"href":"https:\/\/cleopatra.nl\/fr\/wp-json\/wp\/v2\/product_brand?post=3173"},{"taxonomy":"product_cat","embeddable":true,"href":"https:\/\/cleopatra.nl\/fr\/wp-json\/wp\/v2\/product_cat?post=3173"},{"taxonomy":"product_tag","embeddable":true,"href":"https:\/\/cleopatra.nl\/fr\/wp-json\/wp\/v2\/product_tag?post=3173"}],"curies":[{"name":"wp","href":"https:\/\/api.w.org\/{rel}","templated":true}]}}