{"id":3174,"date":"2022-04-27T19:02:13","date_gmt":"2022-04-27T17:02:13","guid":{"rendered":"https:\/\/cleopatra.medialoods.com\/?post_type=product&#038;p=3174"},"modified":"2026-04-26T21:18:56","modified_gmt":"2026-04-26T19:18:56","slug":"sauna-peeling-salt-300-gram-2","status":"publish","type":"product","link":"https:\/\/cleopatra.nl\/fr\/shop\/sauna-accessoires\/overige-sauna-accessoires\/sauna-peeling-salt\/","title":{"rendered":"Sel d'\u00e9pluchage pour sauna (300 grammes)"},"content":{"rendered":"<p><strong>Sel de gommage pour sauna<\/strong><\/p>\n<ul>\n<li>Peeling hydratant pour tout le corps, au parfum de feuille de bouleau.<\/li>\n<li>Le sel de gommage contient de l'huile de coco et d'amande et laisse un film protecteur sur la peau.<\/li>\n<li>Hydrate et nettoie la peau, se rince \u00e0 l'eau.<\/li>\n<\/ul>\n<p><strong>Mode d'emploi :<\/strong><\/p>\n<ul>\n<li>Humidifiez la peau avec de l'eau ou en transpirant dans un sauna.<\/li>\n<li>\u00c0 la main ou avec un gant de toilette, frottez 2 \u00e0 4 cuill\u00e8res \u00e0 soupe de sucre exfoliant sur tout le corps.<\/li>\n<li>Rincez et s\u00e9chez la peau.<\/li>\n<li><strong>Ne pas utiliser sur une peau endommag\u00e9e ou irrit\u00e9e, pas pour le visage.<\/strong><\/li>\n<\/ul>","protected":false},"excerpt":{"rendered":"<p>Sauna Peeling Salt Hydraterende peeling voor het hele lichaam met de geur van berkenblad. De peeling salt bevat kokos- en amandelolie en laat een beschermend laagje op de huid achter. Hydrateert en reinigt de huid, spoelt af met water. Gebruiksaanwijzing: Bevochtig de huid met water of door te zweten in een sauna. Wrijf met de [&hellip;]<\/p>\n","protected":false},"featured_media":3177,"template":"","format":"standard","meta":{"_acf_changed":false},"product_brand":[347],"product_cat":[95,71,79],"product_tag":[],"class_list":{"0":"post-3174","1":"product","2":"type-product","3":"status-publish","4":"format-standard","5":"has-post-thumbnail","7":"product_brand-cleopatra","8":"product_cat-overige-sauna-accessoires","9":"product_cat-shop","10":"product_cat-sauna-accessoires","12":"first","13":"instock","14":"taxable","15":"shipping-taxable","16":"purchasable","17":"product-type-simple"},"acf":[],"_links":{"self":[{"href":"https:\/\/cleopatra.nl\/fr\/wp-json\/wp\/v2\/product\/3174","targetHints":{"allow":["GET"]}}],"collection":[{"href":"https:\/\/cleopatra.nl\/fr\/wp-json\/wp\/v2\/product"}],"about":[{"href":"https:\/\/cleopatra.nl\/fr\/wp-json\/wp\/v2\/types\/product"}],"wp:featuredmedia":[{"embeddable":true,"href":"https:\/\/cleopatra.nl\/fr\/wp-json\/wp\/v2\/media\/3177"}],"wp:attachment":[{"href":"https:\/\/cleopatra.nl\/fr\/wp-json\/wp\/v2\/media?parent=3174"}],"wp:term":[{"taxonomy":"product_brand","embeddable":true,"href":"https:\/\/cleopatra.nl\/fr\/wp-json\/wp\/v2\/product_brand?post=3174"},{"taxonomy":"product_cat","embeddable":true,"href":"https:\/\/cleopatra.nl\/fr\/wp-json\/wp\/v2\/product_cat?post=3174"},{"taxonomy":"product_tag","embeddable":true,"href":"https:\/\/cleopatra.nl\/fr\/wp-json\/wp\/v2\/product_tag?post=3174"}],"curies":[{"name":"wp","href":"https:\/\/api.w.org\/{rel}","templated":true}]}}