{"id":3187,"date":"2022-04-27T19:02:11","date_gmt":"2022-04-27T17:02:11","guid":{"rendered":"https:\/\/cleopatra.medialoods.com\/?post_type=product&#038;p=3187"},"modified":"2026-04-26T22:51:22","modified_gmt":"2026-04-26T20:51:22","slug":"saunahoning-200-gram-2","status":"publish","type":"product","link":"https:\/\/cleopatra.nl\/fr\/shop\/sauna-accessoires\/overige-sauna-accessoires\/saunahoning\/","title":{"rendered":"Saunahoning | 200 gram"},"content":{"rendered":"<h4>Miel de sauna<\/h4>\n<ul>\n<li>Le miel de sauna est un produit naturel qui est utilis\u00e9 depuis des si\u00e8cles pour les soins de la peau.<\/li>\n<li>200 grammes<\/li>\n<li>Huile d'eucalyptus, de menthe ou de sapin<\/li>\n<\/ul>\n<p>&nbsp;<\/p>\n<p><strong>Mode d'emploi :<\/strong><\/p>\n<ul>\n<li>Appliquez le miel de sauna sur une peau propre et humide, laissez-le agir dans la chaleur du sauna et rincez-le enfin.<\/li>\n<li>Le miel nettoie et exfolie la peau, l'hydrate et la rend plus lumineuse.<\/li>\n<li>Le miel d\u00e9tend et apaise.<\/li>\n<li>Le miel peut \u00eatre facilement retir\u00e9 des si\u00e8ges de sauna en les rin\u00e7ant \u00e0 l'eau chaude.<\/li>\n<\/ul>","protected":false},"excerpt":{"rendered":"<p>Sauna Honing Saunahoning is een natuurlijk product dat al eeuwenlang wordt gebruikt voor huidverzorging. 200 gram Eucalyptus, mint of boomolie &nbsp; Gebruiksaanwijzing: Breng de saunahoning aan op een schone, vochtige huid, laat het zijn werk doen in de hitte van de sauna en spoel het tenslotte af. Honing reinigt en pelt de huid, hydrateert en [&hellip;]<\/p>\n","protected":false},"featured_media":3189,"template":"","format":"standard","meta":{"_acf_changed":false},"product_brand":[347],"product_cat":[95,71,79],"product_tag":[],"class_list":{"0":"post-3187","1":"product","2":"type-product","3":"status-publish","4":"format-standard","5":"has-post-thumbnail","7":"product_brand-cleopatra","8":"product_cat-overige-sauna-accessoires","9":"product_cat-shop","10":"product_cat-sauna-accessoires","12":"first","13":"instock","14":"sale","15":"taxable","16":"shipping-taxable","17":"purchasable","18":"product-type-simple"},"acf":[],"_links":{"self":[{"href":"https:\/\/cleopatra.nl\/fr\/wp-json\/wp\/v2\/product\/3187","targetHints":{"allow":["GET"]}}],"collection":[{"href":"https:\/\/cleopatra.nl\/fr\/wp-json\/wp\/v2\/product"}],"about":[{"href":"https:\/\/cleopatra.nl\/fr\/wp-json\/wp\/v2\/types\/product"}],"wp:featuredmedia":[{"embeddable":true,"href":"https:\/\/cleopatra.nl\/fr\/wp-json\/wp\/v2\/media\/3189"}],"wp:attachment":[{"href":"https:\/\/cleopatra.nl\/fr\/wp-json\/wp\/v2\/media?parent=3187"}],"wp:term":[{"taxonomy":"product_brand","embeddable":true,"href":"https:\/\/cleopatra.nl\/fr\/wp-json\/wp\/v2\/product_brand?post=3187"},{"taxonomy":"product_cat","embeddable":true,"href":"https:\/\/cleopatra.nl\/fr\/wp-json\/wp\/v2\/product_cat?post=3187"},{"taxonomy":"product_tag","embeddable":true,"href":"https:\/\/cleopatra.nl\/fr\/wp-json\/wp\/v2\/product_tag?post=3187"}],"curies":[{"name":"wp","href":"https:\/\/api.w.org\/{rel}","templated":true}]}}