{"id":3192,"date":"2022-04-27T19:01:59","date_gmt":"2022-04-27T17:01:59","guid":{"rendered":"https:\/\/cleopatra.medialoods.com\/?post_type=product&#038;p=3192"},"modified":"2026-04-26T23:21:08","modified_gmt":"2026-04-26T21:21:08","slug":"wandaansluiting-hoekstopkranen-2","status":"publish","type":"product","link":"https:\/\/cleopatra.nl\/fr\/shop\/sauna-accessoires\/douches-slangen\/wandaansluiting-hoekstopkranen\/","title":{"rendered":"Robinets d'arr\u00eat d'angle \u00e0 raccordement mural"},"content":{"rendered":"<p><strong>Obturateurs d'angle pour sortie murale<\/strong><\/p>\n<ul>\n<li id=\"tw-target-text\" class=\"tw-data-text tw-text-large XcVN5d tw-ta\" dir=\"ltr\" data-placeholder=\"Vertaling\"><span class=\"Y2IQFc\" lang=\"nl\">Fabriqu\u00e9 en laiton chrom\u00e9 hautement poli, produit de haute qualit\u00e9 avec pr\u00e9vention du reflux. <\/span><\/li>\n<li class=\"tw-data-text tw-text-large XcVN5d tw-ta\" dir=\"ltr\" data-placeholder=\"Vertaling\"><span class=\"Y2IQFc\" lang=\"nl\">Si une vanne d'arr\u00eat \u00e0 s\u00e9curit\u00e9 intrins\u00e8que n'est pas utilis\u00e9e, vous devez installer un \u00e9vent suppl\u00e9mentaire sur place !<\/span><\/li>\n<\/ul>\n<p id=\"tw-target-text\" class=\"tw-data-text tw-text-large XcVN5d tw-ta\" dir=\"ltr\" data-placeholder=\"Vertaling\"><strong><span class=\"Y2IQFc\" lang=\"nl\">Raccordement mural robinet d'arr\u00eat angulaire 1\/2\u2033x 1\/2\u2033<\/span><\/strong><\/p>\n<div>\n<ul>\n<li id=\"tw-target-text\" class=\"tw-data-text tw-text-large XcVN5d tw-ta\" dir=\"ltr\" data-placeholder=\"Vertaling\"><span class=\"Y2IQFc\" lang=\"nl\">Dimensions : \u00d8 environ 54 mm<\/span><\/li>\n<li class=\"tw-data-text tw-text-large XcVN5d tw-ta\" dir=\"ltr\" data-placeholder=\"Vertaling\"><span class=\"Y2IQFc\" lang=\"nl\">Hauteur environ 32 mm<\/span><\/li>\n<li class=\"tw-data-text tw-text-large XcVN5d tw-ta\" dir=\"ltr\" data-placeholder=\"Vertaling\"><span class=\"Y2IQFc\" lang=\"nl\">Poids d'environ 150 g<\/span><\/li>\n<\/ul>\n<\/div>\n<h4 id=\"tw-target-text\" class=\"tw-data-text tw-text-large XcVN5d tw-ta\" dir=\"ltr\" data-placeholder=\"Vertaling\"><strong><span class=\"Y2IQFc\" lang=\"nl\">Raccordement mural robinet d'arr\u00eat angulaire 3\/4\u2033 x 3\/4\u2033<\/span><\/strong><\/h4>\n<div>\n<ul>\n<li id=\"tw-target-text\" class=\"tw-data-text tw-text-large XcVN5d tw-ta\" dir=\"ltr\" data-placeholder=\"Vertaling\"><span class=\"Y2IQFc\" lang=\"nl\">y compris l'embout filet\u00e9 interchangeable pour le raccordement \u00e0 l'eau 1\/2\u2033 au lieu de 3\/4<\/span><\/li>\n<li dir=\"ltr\" data-placeholder=\"Vertaling\">Dimensions : \u00d8 environ 50 mm<\/li>\n<li dir=\"ltr\" data-placeholder=\"Vertaling\">Hauteur d'environ 55 mm<\/li>\n<li dir=\"ltr\" data-placeholder=\"Vertaling\">Poids d'environ 700 grammes<\/li>\n<\/ul>\n<\/div>","protected":false},"excerpt":{"rendered":"<p>Wandaansluiting hoekstopkranen Gemaakt van hoog gepolijst verchroomd messing, hoogwaardig product met terugstroombeveiliging. Als er geen intrinsiek veilige afsluiter wordt gebruikt, moet u ter plaatse een extra leidingontluchting installeren! Wandaansluiting hoekstopkraan 1\/2&#8243;x 1\/2&#8243; Afmeting: \u00d8 ca. 54 mm Hoogte ca. 32 mm Gewicht ca. 150 gram Wandaansluiting hoekstopkraan 3\/4&#8243; x 3\/4&#8243; incl. verwisselbare schroefdraadbevestiging voor wateraansluiting [&hellip;]<\/p>\n","protected":false},"featured_media":3193,"template":"","format":"standard","meta":{"_acf_changed":false},"product_brand":[347],"product_cat":[93,71,79],"product_tag":[],"class_list":{"0":"post-3192","1":"product","2":"type-product","3":"status-publish","4":"format-standard","5":"has-post-thumbnail","7":"product_brand-cleopatra","8":"product_cat-douches-slangen","9":"product_cat-shop","10":"product_cat-sauna-accessoires","12":"first","13":"instock","14":"taxable","15":"shipping-taxable","16":"purchasable","17":"product-type-simple"},"acf":[],"_links":{"self":[{"href":"https:\/\/cleopatra.nl\/fr\/wp-json\/wp\/v2\/product\/3192","targetHints":{"allow":["GET"]}}],"collection":[{"href":"https:\/\/cleopatra.nl\/fr\/wp-json\/wp\/v2\/product"}],"about":[{"href":"https:\/\/cleopatra.nl\/fr\/wp-json\/wp\/v2\/types\/product"}],"wp:featuredmedia":[{"embeddable":true,"href":"https:\/\/cleopatra.nl\/fr\/wp-json\/wp\/v2\/media\/3193"}],"wp:attachment":[{"href":"https:\/\/cleopatra.nl\/fr\/wp-json\/wp\/v2\/media?parent=3192"}],"wp:term":[{"taxonomy":"product_brand","embeddable":true,"href":"https:\/\/cleopatra.nl\/fr\/wp-json\/wp\/v2\/product_brand?post=3192"},{"taxonomy":"product_cat","embeddable":true,"href":"https:\/\/cleopatra.nl\/fr\/wp-json\/wp\/v2\/product_cat?post=3192"},{"taxonomy":"product_tag","embeddable":true,"href":"https:\/\/cleopatra.nl\/fr\/wp-json\/wp\/v2\/product_tag?post=3192"}],"curies":[{"name":"wp","href":"https:\/\/api.w.org\/{rel}","templated":true}]}}