{"id":3194,"date":"2022-04-27T19:01:59","date_gmt":"2022-04-27T17:01:59","guid":{"rendered":"https:\/\/cleopatra.medialoods.com\/?post_type=product&#038;p=3194"},"modified":"2026-04-26T21:19:00","modified_gmt":"2026-04-26T19:19:00","slug":"zelfsluitend-ventiel-1-2-x-1-2","status":"publish","type":"product","link":"https:\/\/cleopatra.nl\/fr\/shop\/sauna-accessoires\/douches-slangen\/zelfsluitende-klep-1-2x1-2\/","title":{"rendered":"Vanne \u00e0 fermeture automatique 1\/2\u2033 x 1\/2\u2033"},"content":{"rendered":"<p dir=\"ltr\" data-placeholder=\"Vertaling\">Vanne \u00e0 fermeture automatique 1\/2\u2033 x 1\/2\u2033<\/p>\n<ul>\n<li id=\"tw-target-text\" class=\"tw-data-text tw-text-large XcVN5d tw-ta\" dir=\"ltr\" data-placeholder=\"Vertaling\"><span class=\"Y2IQFc\" lang=\"nl\">Le temps d'\u00e9coulement de l'eau peut \u00eatre r\u00e9gl\u00e9 par le client \u00e0 l'aide de la cl\u00e9 Allen fournie, de 0 \u00e0 55 secondes environ.<\/span><\/li>\n<li class=\"tw-data-text tw-text-large XcVN5d tw-ta\" dir=\"ltr\" data-placeholder=\"Vertaling\"><span class=\"Y2IQFc\" lang=\"nl\">Convient pour une pression d'eau de 0,1 \u00e0 3 bars.<\/span><\/li>\n<li class=\"tw-data-text tw-text-large XcVN5d tw-ta\" dir=\"ltr\" data-placeholder=\"Vertaling\"><span class=\"Y2IQFc\" lang=\"nl\">Sans disconnecteur int\u00e9gr\u00e9<\/span><\/li>\n<li class=\"tw-data-text tw-text-large XcVN5d tw-ta\" dir=\"ltr\" data-placeholder=\"Vertaling\"><span class=\"Y2IQFc\" lang=\"nl\">Fabriqu\u00e9 en laiton chrom\u00e9 hautement poli<\/span><\/li>\n<li class=\"tw-data-text tw-text-large XcVN5d tw-ta\" dir=\"ltr\" data-placeholder=\"Vertaling\"><span class=\"Y2IQFc\" lang=\"nl\">Rosace murale incluse<\/span><\/li>\n<li class=\"tw-data-text tw-text-large XcVN5d tw-ta\" dir=\"ltr\" data-placeholder=\"Vertaling\">Dimensions : LxH environ 33 x 130mm<\/li>\n<li class=\"tw-data-text tw-text-large XcVN5d tw-ta\" dir=\"ltr\" data-placeholder=\"Vertaling\">Poids d'environ 360 g<\/li>\n<\/ul>","protected":false},"excerpt":{"rendered":"<p>Vanne \u00e0 fermeture automatique 1\/2\u2033 x 1\/2\u2033 Le temps d'\u00e9coulement de l'eau est r\u00e9glable par le client \u00e0 l'aide de la cl\u00e9 Allen fournie d'environ 0 - 55 secondes Convient pour une pression d'eau de 0,1 - 3 bar Sans disconnecteur int\u00e9gr\u00e9 Fabriqu\u00e9 en laiton chrom\u00e9 hautement poli Rosette murale incluse Dimensions : LxH env. 33 x 130mm Poids env. 360 grammes<\/p>","protected":false},"featured_media":3195,"template":"","format":"standard","meta":{"_acf_changed":false},"product_brand":[347],"product_cat":[93,71,79],"product_tag":[],"class_list":{"0":"post-3194","1":"product","2":"type-product","3":"status-publish","4":"format-standard","5":"has-post-thumbnail","7":"product_brand-cleopatra","8":"product_cat-douches-slangen","9":"product_cat-shop","10":"product_cat-sauna-accessoires","12":"first","13":"instock","14":"taxable","15":"shipping-taxable","16":"purchasable","17":"product-type-simple"},"acf":[],"_links":{"self":[{"href":"https:\/\/cleopatra.nl\/fr\/wp-json\/wp\/v2\/product\/3194","targetHints":{"allow":["GET"]}}],"collection":[{"href":"https:\/\/cleopatra.nl\/fr\/wp-json\/wp\/v2\/product"}],"about":[{"href":"https:\/\/cleopatra.nl\/fr\/wp-json\/wp\/v2\/types\/product"}],"wp:featuredmedia":[{"embeddable":true,"href":"https:\/\/cleopatra.nl\/fr\/wp-json\/wp\/v2\/media\/3195"}],"wp:attachment":[{"href":"https:\/\/cleopatra.nl\/fr\/wp-json\/wp\/v2\/media?parent=3194"}],"wp:term":[{"taxonomy":"product_brand","embeddable":true,"href":"https:\/\/cleopatra.nl\/fr\/wp-json\/wp\/v2\/product_brand?post=3194"},{"taxonomy":"product_cat","embeddable":true,"href":"https:\/\/cleopatra.nl\/fr\/wp-json\/wp\/v2\/product_cat?post=3194"},{"taxonomy":"product_tag","embeddable":true,"href":"https:\/\/cleopatra.nl\/fr\/wp-json\/wp\/v2\/product_tag?post=3194"}],"curies":[{"name":"wp","href":"https:\/\/api.w.org\/{rel}","templated":true}]}}