{"id":3198,"date":"2022-04-27T19:02:10","date_gmt":"2022-04-27T17:02:10","guid":{"rendered":"https:\/\/cleopatra.medialoods.com\/?post_type=product&#038;p=3198"},"modified":"2026-04-26T23:15:00","modified_gmt":"2026-04-26T21:15:00","slug":"backwall-steam-shower-deluxe-plus","status":"publish","type":"product","link":"https:\/\/cleopatra.nl\/fr\/shop\/stoomtechniek-prive\/stoomtechniek-stoomtechniek-prive\/backwall-steam-shower-brain-plus\/","title":{"rendered":"Backwall Steam &amp; Shower Deluxe Plus"},"content":{"rendered":"<h4>G\u00c9N\u00c9RATEUR INTERNE DE VAPEUR ET DE BIEN-\u00caTRE AVEC DOUCHE<\/h4>\n<p>Le syst\u00e8me BackWall Steam &amp; Shower est un syst\u00e8me facile \u00e0 installer qui permet de combiner facilement un g\u00e9n\u00e9rateur de vapeur et de bien-\u00eatre avec une douche dans une pi\u00e8ce \u00e0 carreler.<\/p>\n<p>Le BackWall se compose d'un cadre ajustable en aluminium o\u00f9 tous les composants de vapeur, de bien-\u00eatre et de douche sont pr\u00e9mont\u00e9s. Apr\u00e8s le raccordement \u00e0 l'eau et \u00e0 l'\u00e9lectricit\u00e9, le BackWall est pr\u00eat \u00e0 \u00eatre carrel\u00e9. Le BackWall peut \u00eatre plac\u00e9 contre ou au ras du mur. De cette mani\u00e8re, le g\u00e9n\u00e9rateur de vapeur et la douche sont enti\u00e8rement int\u00e9gr\u00e9s dans votre pi\u00e8ce. Le BackWall est dot\u00e9 d'un panneau de service attrayant avec une plaque de recouvrement en verre de s\u00e9curit\u00e9.<\/p>\n<p>Vous pouvez choisir de faire installer un m\u00e9langeur de votre choix par votre installateur. Nous proposons \u00e9galement un robinet particuli\u00e8rement beau et fiable de la marque Hansgrohe : soit avec une douchette uniquement, soit avec une combinaison de douchette et de toit.<\/p>\n<p>Vous souhaitez un g\u00e9n\u00e9rateur de vapeur sans douche dans votre cabine ? Alors le BackWall Steam est parfait pour vous. Cliquez sur\u00a0<a href=\"https:\/\/cleopatra.nl\/fr\/interne-stoom-generator-backwall.html\/\">ici<\/a>\u00a0pour plus d'informations.<\/p>\n<h4><a name=\"_Toc69125702\"><\/a><br \/>\nG\u00c9N\u00c9RATEUR DE VAPEUR<\/h4>\n<p><strong>Le Cleo Steam Deluxe <\/strong>offre une exp\u00e9rience de bien-\u00eatre total dans la cabine de vapeur. Il s'agit non seulement d'un g\u00e9n\u00e9rateur de vapeur tr\u00e8s moderne qui garantit une temp\u00e9rature stable dans la cabine, mais aussi d'un appareil qui offre des fonctions sp\u00e9ciales de bien-\u00eatre telles que l'haloth\u00e9rapie (solution saline dans la vapeur), la th\u00e9rapie par le froid (brume froide), l'aromath\u00e9rapie (jusqu'\u00e0 4 senteurs diff\u00e9rentes) et l'ultrastoom (tr\u00e8s haute densit\u00e9 de vapeur). Le Steam Deluxe dispose \u00e9galement de commandes super modernes et \u00e9l\u00e9gantes. Le Cleo Deluxe est donc un g\u00e9n\u00e9rateur unique destin\u00e9 \u00e0 ceux qui veulent acc\u00e9der \u00e0 des exp\u00e9riences de bien-\u00eatre vari\u00e9es et de haute qualit\u00e9 et qui aiment les beaux produits.<\/p>\n<p>La puissance requise est calcul\u00e9e comme suit : Longueur de la cabine x largeur x hauteur x 1,25 = kW requis.<\/p>\n<p>Nous supposons ici que la cabine est correctement isol\u00e9e et qu'elle a une hauteur int\u00e9rieure maximale de 220 cm. La puissance requise est de 4,5 kW et plus.<\/p>\n<h4>OPTIONS DE PAROI ARRI\u00c8RE<\/h4>\n<p>Le BackWall Steam est dot\u00e9 d'un cadre en aluminium r\u00e9glable qui se monte \u00e0 l'int\u00e9rieur du mur ou contre le mur.<\/p>\n<p><em><strong>Vous devez commander un panneau de service en verre de s\u00e9curit\u00e9<\/strong><\/em>. La plaque est disponible en noir, gris et blanc.<\/p>\n<p>Si vous souhaitez que les travaux de robinetterie soient inclus, nous vous proposons les deux options suivantes :<\/p>\n<ul>\n<li>Mitigeur thermostatique, douchette \u00e0 main Hansgrohe ShowerSelect et tige coulissante<\/li>\n<li>Mitigeur thermostatique, douchette Hansgrohe ShowerSelect, barre coulissante et raccord douche de toit. Vous pouvez choisir parmi les douches de toit suivantes : Rainmaker, Raindance Select et Raindance Air.<\/li>\n<\/ul>","protected":false},"excerpt":{"rendered":"<p>Le syst\u00e8me BackWall Steam &amp; Shower est un syst\u00e8me facile \u00e0 installer qui permet de combiner facilement un g\u00e9n\u00e9rateur de vapeur et de bien-\u00eatre avec une douche dans une pi\u00e8ce \u00e0 carreler.<\/p>","protected":false},"featured_media":3202,"template":"","format":"standard","meta":{"_acf_changed":false},"product_brand":[347],"product_cat":[99,71,80],"product_tag":[],"class_list":{"0":"post-3198","1":"product","2":"type-product","3":"status-publish","4":"format-standard","5":"has-post-thumbnail","7":"product_brand-cleopatra","8":"product_cat-stoomtechniek-stoomtechniek-prive","9":"product_cat-shop","10":"product_cat-stoomtechniek-prive","12":"first","13":"instock","14":"taxable","15":"shipping-taxable","16":"purchasable","17":"product-type-simple"},"acf":[],"_links":{"self":[{"href":"https:\/\/cleopatra.nl\/fr\/wp-json\/wp\/v2\/product\/3198","targetHints":{"allow":["GET"]}}],"collection":[{"href":"https:\/\/cleopatra.nl\/fr\/wp-json\/wp\/v2\/product"}],"about":[{"href":"https:\/\/cleopatra.nl\/fr\/wp-json\/wp\/v2\/types\/product"}],"wp:featuredmedia":[{"embeddable":true,"href":"https:\/\/cleopatra.nl\/fr\/wp-json\/wp\/v2\/media\/3202"}],"wp:attachment":[{"href":"https:\/\/cleopatra.nl\/fr\/wp-json\/wp\/v2\/media?parent=3198"}],"wp:term":[{"taxonomy":"product_brand","embeddable":true,"href":"https:\/\/cleopatra.nl\/fr\/wp-json\/wp\/v2\/product_brand?post=3198"},{"taxonomy":"product_cat","embeddable":true,"href":"https:\/\/cleopatra.nl\/fr\/wp-json\/wp\/v2\/product_cat?post=3198"},{"taxonomy":"product_tag","embeddable":true,"href":"https:\/\/cleopatra.nl\/fr\/wp-json\/wp\/v2\/product_tag?post=3198"}],"curies":[{"name":"wp","href":"https:\/\/api.w.org\/{rel}","templated":true}]}}