{"id":3203,"date":"2022-04-27T19:02:11","date_gmt":"2022-04-27T17:02:11","guid":{"rendered":"https:\/\/cleopatra.medialoods.com\/?post_type=product&#038;p=3203"},"modified":"2026-04-27T13:46:05","modified_gmt":"2026-04-27T11:46:05","slug":"backwall-steam-shower-deluxe","status":"publish","type":"product","link":"https:\/\/cleopatra.nl\/fr\/shop\/backwall-steam-shower-smart-plus\/","title":{"rendered":"Backwall Steam &#038; Shower Smart"},"content":{"rendered":"<h4>G\u00c9N\u00c9RATEUR INTERNE DE VAPEUR ET DE BIEN-\u00caTRE AVEC DOUCHE<\/h4>\n<p>Le BackWall Steam &amp; Shower est un syst\u00e8me facile \u00e0 installer qui permet de monter facilement un g\u00e9n\u00e9rateur de vapeur et de bien-\u00eatre ainsi qu'une douche dans un espace carrel\u00e9. Le BackWall se compose d'un cadre r\u00e9glable en aluminium sur lequel tous les composants de vapeur, de bien-\u00eatre et de douche sont pr\u00e9mont\u00e9s. Une fois l'eau et l'\u00e9lectricit\u00e9 raccord\u00e9es, le BackWall est pr\u00eat \u00e0 \u00eatre carrel\u00e9. Le BackWall peut \u00eatre plac\u00e9 contre ou au ras du mur. De cette mani\u00e8re, le g\u00e9n\u00e9rateur de vapeur et la douche s'int\u00e8grent parfaitement dans votre pi\u00e8ce.<\/p>\n<p>Le BackWall est dot\u00e9 d'un panneau de service attrayant avec une plaque de recouvrement en verre de s\u00e9curit\u00e9.<\/p>\n<p>U kunt ervoor kiezen om een kraanwerk naar keuze door uw monteur te laten installeren. We bieden ook een bijzonder mooi en betrouwbaar kraanwerk met merknaam Hansgrohe aan.<\/p>\n<p>Vous souhaitez un g\u00e9n\u00e9rateur de vapeur sans douche dans votre cabine ? Alors le BackWall Steam est parfait pour vous. Cliquez sur\u00a0<a href=\"https:\/\/cleopatra.nl\/fr\/interne-stoom-generator-backwall.html\/\">ici<\/a>\u00a0pour plus d'informations.<\/p>\n<h4><strong><br \/>\nDESCRIPTION<\/strong><\/h4>\n<p>- Disponible en 5 capacit\u00e9s diff\u00e9rentes.<br \/>\n- Enti\u00e8rement pr\u00e9mont\u00e9 sur un cadre en aluminium.<br \/>\n\u2022 Uitvoering met Steam Smart<br \/>\n- Entr\u00e9e de vapeur et couvercle en verre en blanc, gris ou noir.<br \/>\n- Elle est \u00e9quip\u00e9e d'un robinet thermostatique et d'une douchette.<\/p>\n<h4><strong><br \/>\nCARACT\u00c9RISTIQUES TECHNIQUES<\/strong><\/h4>\n<ul>\n<li>Cadre de montage en aluminium<\/li>\n<li>G\u00e9n\u00e9rateur<\/li>\n<li>Dosage de l'odeur<\/li>\n<li>Panneau de construction<\/li>\n<li>Dosage de l'odeur<\/li>\n<\/ul>\n<h4><strong><br \/>\nNOTES<\/strong><\/h4>\n<p>kW n\u00e9cessaire = hauteur de la cabine x largeur x longueur x 1,25 (dimensions en m\u00e8tres). Veillez \u00e0 ce que la cabine soit isol\u00e9e conform\u00e9ment \u00e0 la r\u00e9glementation et que sa hauteur int\u00e9rieure ne d\u00e9passe pas 220 cm. Une bonne production de vapeur n\u00e9cessite une ventilation<br \/>\nn\u00e9cessaires.<\/p>\n<h4><strong><br \/>\nMANUEL<\/strong><\/h4>\n<p>Cliquez ici : <a href=\"https:\/\/cleopatra.nl\/wp-content\/uploads\/Backwall-installatie-handleiding-2022-r03-90548850.pdf\">Backwall Steam &amp; Shower<\/a><\/p>","protected":false},"excerpt":{"rendered":"<p>Le syst\u00e8me BackWall Steam &amp; Shower est un syst\u00e8me facile \u00e0 installer qui permet de combiner facilement un g\u00e9n\u00e9rateur de vapeur et de bien-\u00eatre avec une douche dans une pi\u00e8ce \u00e0 carreler.<\/p>","protected":false},"featured_media":5461,"template":"","format":"standard","meta":{"_acf_changed":false},"product_brand":[347],"product_cat":[71,99,80],"product_tag":[],"class_list":{"0":"post-3203","1":"product","2":"type-product","3":"status-publish","4":"format-standard","5":"has-post-thumbnail","7":"product_brand-cleopatra","8":"product_cat-shop","9":"product_cat-stoomtechniek-stoomtechniek-prive","10":"product_cat-stoomtechniek-prive","12":"first","13":"instock","14":"taxable","15":"shipping-taxable","16":"purchasable","17":"product-type-simple"},"acf":[],"_links":{"self":[{"href":"https:\/\/cleopatra.nl\/fr\/wp-json\/wp\/v2\/product\/3203","targetHints":{"allow":["GET"]}}],"collection":[{"href":"https:\/\/cleopatra.nl\/fr\/wp-json\/wp\/v2\/product"}],"about":[{"href":"https:\/\/cleopatra.nl\/fr\/wp-json\/wp\/v2\/types\/product"}],"wp:featuredmedia":[{"embeddable":true,"href":"https:\/\/cleopatra.nl\/fr\/wp-json\/wp\/v2\/media\/5461"}],"wp:attachment":[{"href":"https:\/\/cleopatra.nl\/fr\/wp-json\/wp\/v2\/media?parent=3203"}],"wp:term":[{"taxonomy":"product_brand","embeddable":true,"href":"https:\/\/cleopatra.nl\/fr\/wp-json\/wp\/v2\/product_brand?post=3203"},{"taxonomy":"product_cat","embeddable":true,"href":"https:\/\/cleopatra.nl\/fr\/wp-json\/wp\/v2\/product_cat?post=3203"},{"taxonomy":"product_tag","embeddable":true,"href":"https:\/\/cleopatra.nl\/fr\/wp-json\/wp\/v2\/product_tag?post=3203"}],"curies":[{"name":"wp","href":"https:\/\/api.w.org\/{rel}","templated":true}]}}