{"id":3204,"date":"2022-04-27T19:02:10","date_gmt":"2022-04-27T17:02:10","guid":{"rendered":"https:\/\/cleopatra.medialoods.com\/?post_type=product&#038;p=3204"},"modified":"2026-04-27T13:06:26","modified_gmt":"2026-04-27T11:06:26","slug":"cleo-steam-deluxe","status":"publish","type":"product","link":"https:\/\/cleopatra.nl\/fr\/shop\/stoomtechniek-prive\/stoomtechniek-stoomtechniek-prive-shop\/cleo-steam-deluxe\/","title":{"rendered":"Cleo Steam Deluxe"},"content":{"rendered":"<p>Le Cleo Steam Deluxe offre une protection totale <b>le bien-\u00eatre dans le hammam<\/b>. Il s'agit non seulement d'un g\u00e9n\u00e9rateur de vapeur tr\u00e8s moderne qui garantit une temp\u00e9rature stable dans la cabine, mais aussi d'un appareil qui offre des fonctions sp\u00e9ciales de bien-\u00eatre telles que l'haloth\u00e9rapie (solution saline dans la vapeur), l'aromath\u00e9rapie (jusqu'\u00e0 3 parfums diff\u00e9rents) et l'Ultrasteam (tr\u00e8s haute densit\u00e9 de vapeur). Le Steam Deluxe est \u00e9galement dot\u00e9 de commandes super modernes et \u00e9l\u00e9gantes. Le Cleo Steam Deluxe est donc un g\u00e9n\u00e9rateur unique destin\u00e9 \u00e0 la personne qui souhaite acc\u00e9der \u00e0 des exp\u00e9riences de bien-\u00eatre vari\u00e9es et de haute qualit\u00e9 et qui aime les beaux produits.<\/p>\n<h4><b><br \/>\nG\u00c9N\u00c9RATEUR DE BIEN-\u00caTRE<\/b><\/h4>\n<p>Le Cleo Steam Deluxe est livr\u00e9 avec les caract\u00e9ristiques suivantes en standard :<\/p>\n<ul>\n<li>Activation et d\u00e9sactivation de la production de vapeur.<\/li>\n<li>Temp\u00e9rature r\u00e9glable en continu.<\/li>\n<li>R\u00e9glage, rotation et gradation de la lumi\u00e8re color\u00e9e (si la lumi\u00e8re color\u00e9e est pr\u00e9sente dans l'habitacle).<\/li>\n<\/ul>\n<div><\/div>\n<div>Les fonctions de bien-\u00eatre suivantes sont propos\u00e9es en option moyennant un suppl\u00e9ment :<\/div>\n<ul>\n<li>Aromath\u00e9rapie (choix de 1 \u00e0 3 parfums) : Les parfums peuvent influencer votre humeur. Le Steam Deluxe vous permet de choisir entre un et trois parfums diff\u00e9rents. Vous pouvez \u00e9galement r\u00e9gler l'intensit\u00e9 de chaque parfum.<\/li>\n<li>UltraSteam : l'exclusivit\u00e9 de Cleopatra qui porte l'\u00e9paisseur de la vapeur au maximum. Le paradis pour les amateurs de vapeur. UltraSteam est la solution id\u00e9ale pour cr\u00e9er des nuages de vapeur complets dans un environnement humide, comme \u00e0 c\u00f4t\u00e9 d'une piscine.<\/li>\n<li>HaloSteam : Une petite dose de sel est m\u00e9lang\u00e9e \u00e0 votre vapeur. Vous le ressentez imm\u00e9diatement : votre nez est revigor\u00e9, vos voies respiratoires semblent s'ouvrir \u00e0 nouveau et votre peau est exceptionnellement douce.<\/li>\n<li>Module audio (les haut-parleurs doivent \u00eatre install\u00e9s dans la cabine) : \u00c9coutez votre musique pr\u00e9f\u00e9r\u00e9e dans votre cabine de bien-\u00eatre. Le Steam Deluxe se connecte \u00e0 votre appareil mobile via Bluetooth et vous permet de rechercher vos cha\u00eenes et listes de lecture pr\u00e9f\u00e9r\u00e9es.<\/li>\n<\/ul>\n<p>Vous voulez en savoir plus sur ce g\u00e9n\u00e9rateur unique ? Consultez la brochure au bas de cette description de produit et\u00a0<a href=\"https:\/\/cleopatra.nl\/fr\/contact-cleopatra\/\">contacter<\/a>\u00a0avec nous !<\/p>\n<p>&nbsp;<\/p>\n<h4><b>SP\u00c9CIFICATIONS DU G\u00c9N\u00c9RATEUR DE BIEN-\u00caTRE<\/b><\/h4>\n<p>Le Cleo Steam Deluxe est un appareil moderne <strong>g\u00e9n\u00e9rateur de vapeur et de bien-\u00eatre<\/strong> \u00e9quip\u00e9e du syst\u00e8me Cleopatra Steam Logic<sup>\u00ae<\/sup>\u00a0syst\u00e8me. La logique de la vapeur de Cl\u00e9op\u00e2tre<sup>\u00ae <\/sup>Le syst\u00e8me Cleo Steam Deluxe assure un climat constant dans la cabine. Le Cleo Steam Deluxe est disponible dans les capacit\u00e9s suivantes et peut \u00eatre install\u00e9 \u00e0 l'int\u00e9rieur ou \u00e0 l'ext\u00e9rieur de la cabine :<\/p>\n<ul>\n<li>3,0 kW 230V<\/li>\n<li>4,5 kW 400 V (en option 2 x 230 V)<\/li>\n<li>6,0 kW 400 V (en option 2 x 230 V)<\/li>\n<li>7,5 kW 400 V<\/li>\n<li>9,0 kW 400V<\/li>\n<\/ul>\n<p>&nbsp;<\/p>\n<h4><strong>NOTES<\/strong><\/h4>\n<ul>\n<li>La puissance requise est calcul\u00e9e comme suit : Longueur de la cabine x largeur x hauteur x 1,25 = kW (puissance) n\u00e9cessaire.<\/li>\n<li>Nous supposons ici que la cabine est isol\u00e9e conform\u00e9ment \u00e0 la r\u00e9glementation et que sa hauteur int\u00e9rieure est de 220 cm maximum.<\/li>\n<li>A partir de 4,5 kW, un courant de puissance (400V) est n\u00e9cessaire.<\/li>\n<li>Les dimensions du g\u00e9n\u00e9rateur sont les suivantes 591 (H) x 470 (L) x 209 (P) mm<\/li>\n<li>Attention ! Si vous commandez l'option UltraSteam, un g\u00e9n\u00e9rateur s\u00e9par\u00e9 est n\u00e9cessaire (230VA-1N-50Hz). Ce deuxi\u00e8me g\u00e9n\u00e9rateur a les dimensions suivantes : 591 (H) x 470 (L) x 209 (P) mm.<\/li>\n<li>Veuillez noter ! Chaque dosage de parfum n\u00e9cessite un flacon de 90 mm de large et de long. Vous devez donc ajouter 90 mm \u00e0 la profondeur du g\u00e9n\u00e9rateur pour chaque parfum.<\/li>\n<li>Si vous commandez l'option HaloSteam, une pompe suppl\u00e9mentaire avec bouteille doit \u00eatre install\u00e9e avec le g\u00e9n\u00e9rateur. Dans ce cas \u00e9galement, ajoutez 90 mm \u00e0 la profondeur du g\u00e9n\u00e9rateur.<\/li>\n<li>Le Cleo Steam Deluxe b\u00e9n\u00e9ficie d'une garantie de 2 ans contre les d\u00e9fauts de fabrication.<\/li>\n<\/ul>\n<p>&nbsp;<\/p>\n<h4><strong>MANUEL<\/strong><\/h4>\n<p>Dans le manuel, vous trouverez toutes les informations importantes concernant ce produit. Vous pouvez trouver le manuel d'installation :<\/p>\n<p>Cliquez ici : <a href=\"https:\/\/cleopatra.nl\/wp-content\/uploads\/Cleopatra-Steam-Deluxe-9017-99-90.pdf\">Guide d'installation de Steam Deluxe<\/a><\/p>\n<p>Cliquez ici : <a href=\"https:\/\/cleopatra.nl\/wp-content\/uploads\/Cleo-Steam-Deluxe-GHL-DE-EN-NL-90548880.pdf\">Manuel d'utilisation Steam Deluxe<\/a><\/p>\n<h4><\/h4>\n<p>&nbsp;<\/p>\n<h4><strong>LISTE DE CONTR\u00d4LE POUR L'INSTALLATION (lire le manuel)<\/strong><\/h4>\n<p>ESPACE AU-DESSUS DE LA CABINE<br \/>\nPour le raccordement de la ventilation et de l'\u00e9clairage, ajouter au moins 150 mm \u00e0 la dimension de la hauteur nette.<\/p>\n<p>SOL ET DRAINAGE<br \/>\nUne petite ouverture est m\u00e9nag\u00e9e sous la porte du hammam pour permettre \u00e0 l'air d'\u00eatre aspir\u00e9. Soins<br \/>\nque le plancher s'\u00e9coule suffisamment pour \u00e9vacuer l'eau de la douche. Conseil : faire un petit quelque chose sous la porte vitr\u00e9e<br \/>\nDe cette mani\u00e8re, l'eau de condensation de la porte retourne dans la cabine. Pour les<br \/>\nEn cas de protection par carrelage, le canal de drainage est de pr\u00e9f\u00e9rence plac\u00e9 au fond de l'orifice d'entr\u00e9e de la vapeur.<\/p>\n<p>VENTILATION NATURELLE<br \/>\nPr\u00e9voir une ventilation dans le toit ou en hauteur dans le mur de la cabine. Ou ventilation naturelle ou m\u00e9canique dans une<br \/>\nposition. Ne pas placer l'\u00e9vent au-dessus de l'entr\u00e9e de vapeur.<\/p>\n<p>L'\u00c9LECTRICIT\u00c9 ET L'EAU<br \/>\nCalcul de la puissance du g\u00e9n\u00e9rateur de vapeur : longueur de la cabine x largeur x hauteur (max 220 cm) x 1,25, ce qui donne<br \/>\njusqu'\u00e0 un volume de cabine de 7,2 m3. Au-del\u00e0 de ce volume, il est possible de commander un g\u00e9n\u00e9rateur esclave.<br \/>\n(3 ou 6 kW). Lors du choix de la puissance en cas de fa\u00e7ade en verre, veillez \u00e0 ne pas arrondir \u00e0 l'unit\u00e9 inf\u00e9rieure.<br \/>\nPour un g\u00e9n\u00e9rateur de vapeur de 3 kW, une connexion de 230 V est suffisante, \u00e0 partir de 4,5 kW, 400 V ou 2x 230 V est n\u00e9cessaire.<br \/>\nn\u00e9cessaire. En fonction du g\u00e9n\u00e9rateur et des lampes choisis, il faut d\u00e9terminer si la lumi\u00e8re passera \u00e0 travers le g\u00e9n\u00e9rateur<br \/>\nou s'il est n\u00e9cessaire d'avoir une deuxi\u00e8me alimentation pour les lampes. Nous recommandons<br \/>\nVeuillez noter que les dimensions des g\u00e9n\u00e9rateurs s'appliquent \u00e0 toutes les puissances. Les dimensions des g\u00e9n\u00e9rateurs s'appliquent \u00e0 toutes les sorties ; le tuyau de vapeur et les pi\u00e8ces int\u00e9gr\u00e9es.<br \/>\nsont de 28 mm. Les \u00e9l\u00e9ments suivants sont n\u00e9cessaires sur le site du g\u00e9n\u00e9rateur : eau, siphon r\u00e9sistant \u00e0 la chaleur, interrupteur de fonctionnement et alimentation \u00e9lectrique.<br \/>\nl'alimentation \u00e9lectrique. La pression de l'eau doit \u00eatre normale. En cas d'eau dure, il est recommand\u00e9 d'utiliser un adoucisseur d'eau pour l'appareil.<br \/>\nle g\u00e9n\u00e9rateur de vapeur \u00e0 placer.<\/p>\n<p>DU G\u00c9N\u00c9RATEUR<br \/>\nSi un g\u00e9n\u00e9rateur de vapeur externe est utilis\u00e9, la conduite de vapeur entre le g\u00e9n\u00e9rateur et l'entr\u00e9e de vapeur peut \u00eatre<br \/>\nmax. 3,5 m. A partir du g\u00e9n\u00e9rateur de vapeur, la conduite doit d'abord monter (45 cm) puis s'incliner vers<br \/>\nvers le bas en direction de l'entr\u00e9e de vapeur. La conduite de vapeur doit \u00eatre isol\u00e9e, coud\u00e9e - ne pas utiliser d'isolant.<br \/>\ngenoux et prendre des virages larges.<\/p>\n<p>PARFUM DE LA PI\u00c8CE DE LIAISON<br \/>\nSi le dosage de parfum a \u00e9t\u00e9 choisi : le raccord doit rester accessible et dans la section<br \/>\nde la conduite de vapeur \u00e0 monter qui descend en pente. Cela permet \u00e0 l'odeur<br \/>\nne jamais p\u00e9n\u00e9trer dans le g\u00e9n\u00e9rateur de vapeur.<\/p>\n<p>GARANTIE<br \/>\nTous les g\u00e9n\u00e9rateurs Cleopatra b\u00e9n\u00e9ficient en standard d'une garantie fabricant de 2 ans.<\/p>\n<p>B\u00c2TIMENTS<\/p>\n<p>Cleopatra fournit des pi\u00e8ces int\u00e9gr\u00e9es pour les capteurs, les commandes et l'arriv\u00e9e de vapeur que les tiers doivent traiter dans les murs et les carreaux. Pour plus d'informations sur les dimensions et la mani\u00e8re dont elles doivent \u00eatre trait\u00e9es, lisez le manuel.<\/p>","protected":false},"excerpt":{"rendered":"<p>Le Cleo Steam Deluxe offre une protection totale <b>le bien-\u00eatre dans le hammam<\/b>. Il s'agit non seulement d'un g\u00e9n\u00e9rateur de vapeur tr\u00e8s moderne qui garantit une temp\u00e9rature stable dans la cabine, mais aussi d'un g\u00e9n\u00e9rateur qui offre des fonctions sp\u00e9ciales de bien-\u00eatre telles que l'haloth\u00e9rapie (solution saline dans la vapeur), l'aromath\u00e9rapie (jusqu'\u00e0 3 parfums diff\u00e9rents) et l'Ultrasteam (tr\u00e8s haute densit\u00e9 de vapeur).<\/p>","protected":false},"featured_media":3205,"template":"","format":"standard","meta":{"_acf_changed":false},"product_brand":[347],"product_cat":[98,71,80],"product_tag":[],"class_list":{"0":"post-3204","1":"product","2":"type-product","3":"status-publish","4":"format-standard","5":"has-post-thumbnail","7":"product_brand-cleopatra","8":"product_cat-stoomtechniek-stoomtechniel-prive-shop","9":"product_cat-shop","10":"product_cat-stoomtechniek-prive","12":"first","13":"instock","14":"taxable","15":"shipping-taxable","16":"purchasable","17":"product-type-simple"},"acf":[],"_links":{"self":[{"href":"https:\/\/cleopatra.nl\/fr\/wp-json\/wp\/v2\/product\/3204","targetHints":{"allow":["GET"]}}],"collection":[{"href":"https:\/\/cleopatra.nl\/fr\/wp-json\/wp\/v2\/product"}],"about":[{"href":"https:\/\/cleopatra.nl\/fr\/wp-json\/wp\/v2\/types\/product"}],"wp:featuredmedia":[{"embeddable":true,"href":"https:\/\/cleopatra.nl\/fr\/wp-json\/wp\/v2\/media\/3205"}],"wp:attachment":[{"href":"https:\/\/cleopatra.nl\/fr\/wp-json\/wp\/v2\/media?parent=3204"}],"wp:term":[{"taxonomy":"product_brand","embeddable":true,"href":"https:\/\/cleopatra.nl\/fr\/wp-json\/wp\/v2\/product_brand?post=3204"},{"taxonomy":"product_cat","embeddable":true,"href":"https:\/\/cleopatra.nl\/fr\/wp-json\/wp\/v2\/product_cat?post=3204"},{"taxonomy":"product_tag","embeddable":true,"href":"https:\/\/cleopatra.nl\/fr\/wp-json\/wp\/v2\/product_tag?post=3204"}],"curies":[{"name":"wp","href":"https:\/\/api.w.org\/{rel}","templated":true}]}}