{"id":3207,"date":"2022-04-27T19:02:10","date_gmt":"2022-04-27T17:02:10","guid":{"rendered":"https:\/\/cleopatra.medialoods.com\/?post_type=product&#038;p=3207"},"modified":"2025-12-03T04:40:10","modified_gmt":"2025-12-03T03:40:10","slug":"cleo-steam-one-2","status":"publish","type":"product","link":"https:\/\/cleopatra.nl\/fr\/shop\/stoomtechniek-prive\/stoomtechniek-stoomtechniel-prive-shop\/cleo-steam-one\/","title":{"rendered":"Cleo Steam One"},"content":{"rendered":"<p>Le site\u00a0<b>g\u00e9n\u00e9rateur de vapeur<\/b>\u00a0Cleo Steam One est un g\u00e9n\u00e9rateur de vapeur de haute qualit\u00e9 destin\u00e9 \u00e0 un usage domestique et semi-professionnel. Le Cleo Steam One est install\u00e9 \u00e0 l'ext\u00e9rieur de la cabine \u00e0 vapeur. Pour l'installation \u00e0 l'int\u00e9rieur de la cabine \u00e0 vapeur, le BackWall Steam One est propos\u00e9 ; cf.\u00a0<a href=\"https:\/\/cleopatra.nl\/fr\/shop\/backwall-steam-one\/\" target=\"_blank\" rel=\"noopener\">ici<\/a>\u00a0pour plus d'informations.<\/p>\n<h4>Que pouvez-vous attendre de la Steam One ?<\/h4>\n<ul>\n<li>Processus de vapeur bien contr\u00f4l\u00e9 gr\u00e2ce \u00e0 un capteur de temp\u00e9rature et un capteur de s\u00e9curit\u00e9.  Lorsque la temp\u00e9rature atteint 48 degr\u00e9s Celsius, la production de vapeur s'arr\u00eate. Lorsque la temp\u00e9rature redescend, la production de vapeur red\u00e9marre.<\/li>\n<li>R\u00e9servoir de vapeur en acier inoxydable avec fonction de rin\u00e7age manuel pour une longue dur\u00e9e de vie.<\/li>\n<li>Bouton tactile facile \u00e0 utiliser qui commande les fonctions suivantes : marche\/arr\u00eat de la vapeur, marche\/arr\u00eat de la lumi\u00e8re blanche, marche\/arr\u00eat du parfum (si le dosage du parfum est command\u00e9). La commande peut \u00eatre plac\u00e9e \u00e0 l'int\u00e9rieur ou \u00e0 l'ext\u00e9rieur du bain de vapeur.<\/li>\n<\/ul>\n<div>Si vous souhaitez une lumi\u00e8re de couleur dans votre cabine, un interrupteur s\u00e9par\u00e9 sera livr\u00e9 avec la lumi\u00e8re.<\/div>\n<div><\/div>\n<h4><b><br \/>\nSP\u00c9CIFICATIONS DE LA TECHNOLOGIE DE LA VAPEUR<\/b><\/h4>\n<p>Le Cleo Steam One\u00a0<b>technologie de la vapeur\u00a0<\/b>est disponible avec les pouvoirs ci-dessous.<\/p>\n<ul>\n<li>3,0 kW 230V<\/li>\n<li>4,5 kW 400 V (peut \u00e9galement \u00eatre connect\u00e9 comme 2 x 230 V)<\/li>\n<li>6 kW 400V (peut \u00e9galement \u00eatre connect\u00e9 comme 2 x 230V)<\/li>\n<li>7,5 kW 400 V<\/li>\n<li>9,0 kW 400V<\/li>\n<\/ul>\n<p>&nbsp;<\/p>\n<h4><strong>NOTES<\/strong><\/h4>\n<ul>\n<li>La puissance requise est calcul\u00e9e comme suit : Longueur de la cabine x largeur x hauteur x 1,25 = kW (puissance) n\u00e9cessaire.<\/li>\n<li>Nous supposons ici que la cabine est isol\u00e9e conform\u00e9ment \u00e0 la r\u00e9glementation et que sa hauteur int\u00e9rieure est de 220 cm maximum.<\/li>\n<li>A partir d'une puissance de 4,5 kW, un courant est n\u00e9cessaire.<\/li>\n<li>Les dimensions du g\u00e9n\u00e9rateur sont les suivantes : Sans doseur de parfum : 591 (H) x 470 (L) x 209 (P) mm<\/li>\n<\/ul>\n<p>&nbsp;<\/p>\n<h4><strong>OPTIONS DU G\u00c9N\u00c9RATEUR DE VAPEUR<\/strong><\/h4>\n<p>Les options suivantes peuvent \u00eatre command\u00e9es avec le Cleo Steam One :<\/p>\n<ul>\n<li><em>Entr\u00e9e de la vapeur :\u00a0<\/em>Chaque g\u00e9n\u00e9rateur de vapeur dispose d'une entr\u00e9e de vapeur.<\/li>\n<li><em>D\u00e9tartrant<\/em>: Il est recommand\u00e9 de prolonger la dur\u00e9e de vie du g\u00e9n\u00e9rateur dans les zones o\u00f9 l'eau a une forte concentration de calcaire.<\/li>\n<li><em>Dosage unique du parfum<\/em>: Vous activez le dosage automatique du parfum et r\u00e9glez l'intensit\u00e9 de la senteur. Cela rendra vos cours de bain de vapeur encore plus agr\u00e9ables et vous permettra de profiter pleinement de l'aromath\u00e9rapie !<\/li>\n<li><em>Parfums<\/em>si vous achetez le diffuseur de parfum. Choix de d\u00e9licieux parfums !<\/li>\n<\/ul>\n<p>&nbsp;<\/p>\n<h4><strong>MANUEL<\/strong><\/h4>\n<p>Dans le manuel, vous trouverez toutes les informations importantes concernant ce produit. Vous pouvez trouver le manuel d'installation :<\/p>\n<p>Cliquez ici : <a href=\"https:\/\/cleopatra.nl\/wp-content\/uploads\/90187010-STEAM-ONE-MHL-2021-07-R02.pdf\">Manuel d'installation de Steam One<\/a><\/p>\n<p>Cliquez ici : <a href=\"https:\/\/cleopatra.nl\/wp-content\/uploads\/90187011-STEAM-ONE-GHL-2021-07-R02.pdf\">Manuel d'utilisation Steam One<\/a><\/p>\n<p>&nbsp;<\/p>\n<h4><strong>LISTE DE CONTR\u00d4LE POUR L'INSTALLATION (lire le manuel)<\/strong><\/h4>\n<p>ESPACE AU-DESSUS DE LA CABINE<br \/>\nPour le raccordement de la ventilation et de l'\u00e9clairage, ajouter au moins 150 mm \u00e0 la dimension de la hauteur nette.<\/p>\n<p>SOL ET DRAINAGE<br \/>\nUne petite ouverture est m\u00e9nag\u00e9e sous la porte du hammam pour permettre \u00e0 l'air d'\u00eatre aspir\u00e9. Soins<br \/>\nque le plancher s'\u00e9coule suffisamment pour \u00e9vacuer l'eau de la douche. Conseil : faire un petit quelque chose sous la porte vitr\u00e9e<br \/>\nDe cette mani\u00e8re, l'eau de condensation de la porte retourne dans la cabine. Pour les<br \/>\nEn cas de protection par carrelage, le canal de drainage est de pr\u00e9f\u00e9rence plac\u00e9 au fond de l'orifice d'entr\u00e9e de la vapeur.<\/p>\n<p>VENTILATION NATURELLE<br \/>\nPr\u00e9voir une ventilation dans le toit ou en hauteur dans le mur de la cabine. Ou ventilation naturelle ou m\u00e9canique dans une<br \/>\nposition. Ne pas placer l'\u00e9vent au-dessus de l'entr\u00e9e de vapeur.<\/p>\n<p>L'\u00c9LECTRICIT\u00c9 ET L'EAU<br \/>\nCalcul de la puissance du g\u00e9n\u00e9rateur de vapeur : longueur de la cabine x largeur x hauteur (max 220 cm) x 1,25, ce qui donne<br \/>\njusqu'\u00e0 un volume de cabine de 7,2 m3. Au-del\u00e0 de ce volume, il est possible de commander un g\u00e9n\u00e9rateur esclave.<br \/>\n(3 ou 6 kW). Lors du choix de la puissance en cas de fa\u00e7ade en verre, veillez \u00e0 ne pas arrondir \u00e0 l'unit\u00e9 inf\u00e9rieure.<br \/>\nPour un g\u00e9n\u00e9rateur de vapeur de 3 kW, une connexion de 230 V est suffisante, \u00e0 partir de 4,5 kW, 400 V ou 2x 230 V est n\u00e9cessaire.<br \/>\nn\u00e9cessaire. En fonction du g\u00e9n\u00e9rateur et des lampes choisis, il faut d\u00e9terminer si la lumi\u00e8re passera \u00e0 travers le g\u00e9n\u00e9rateur<br \/>\nou s'il est n\u00e9cessaire d'avoir une deuxi\u00e8me alimentation pour les lampes. Nous recommandons<br \/>\nVeuillez noter que les dimensions des g\u00e9n\u00e9rateurs s'appliquent \u00e0 toutes les puissances. Les dimensions des g\u00e9n\u00e9rateurs s'appliquent \u00e0 toutes les sorties ; le tuyau de vapeur et les pi\u00e8ces int\u00e9gr\u00e9es.<br \/>\nsont de 28 mm. Les \u00e9l\u00e9ments suivants sont n\u00e9cessaires sur le site du g\u00e9n\u00e9rateur : eau, siphon r\u00e9sistant \u00e0 la chaleur, interrupteur de fonctionnement et alimentation \u00e9lectrique.<br \/>\nl'alimentation \u00e9lectrique. La pression de l'eau doit \u00eatre normale. En cas d'eau dure, il est recommand\u00e9 d'utiliser un adoucisseur d'eau pour l'appareil.<br \/>\nle g\u00e9n\u00e9rateur de vapeur \u00e0 placer.<\/p>\n<p>DU G\u00c9N\u00c9RATEUR<br \/>\nSi un g\u00e9n\u00e9rateur de vapeur externe est utilis\u00e9, la conduite de vapeur entre le g\u00e9n\u00e9rateur et l'entr\u00e9e de vapeur peut \u00eatre<br \/>\nmax. 3,5 m. A partir du g\u00e9n\u00e9rateur de vapeur, la conduite doit d'abord monter (45 cm) puis s'incliner vers<br \/>\nvers le bas en direction de l'entr\u00e9e de vapeur. La conduite de vapeur doit \u00eatre isol\u00e9e, coud\u00e9e - ne pas utiliser d'isolant.<br \/>\ngenoux et prendre des virages larges.<\/p>\n<p>PARFUM DE LA PI\u00c8CE DE LIAISON<br \/>\nSi le dosage de parfum a \u00e9t\u00e9 choisi : le raccord doit rester accessible et dans la section<br \/>\nde la conduite de vapeur \u00e0 monter qui descend en pente. Cela permet \u00e0 l'odeur<br \/>\nne jamais p\u00e9n\u00e9trer dans le g\u00e9n\u00e9rateur de vapeur.<\/p>\n<p>GARANTIE<br \/>\nTous les g\u00e9n\u00e9rateurs Cleopatra b\u00e9n\u00e9ficient en standard d'une garantie fabricant de 2 ans.<\/p>\n<p>B\u00c2TIMENTS<\/p>\n<p>Cleopatra fournit des pi\u00e8ces int\u00e9gr\u00e9es pour les capteurs, les commandes et l'arriv\u00e9e de vapeur que les tiers doivent traiter dans les murs et les carreaux. Pour plus d'informations sur les dimensions et la mani\u00e8re dont elles doivent \u00eatre trait\u00e9es, lisez le manuel.<\/p>","protected":false},"excerpt":{"rendered":"<p>Le site\u00a0<b>g\u00e9n\u00e9rateur de vapeur<\/b>\u00a0Cleo Steam One est un g\u00e9n\u00e9rateur de vapeur de haute qualit\u00e9 pour un usage domestique et semi-professionnel. Le Cleo Steam One est plac\u00e9 \u00e0 l'ext\u00e9rieur du hammam dans.<\/p>","protected":false},"featured_media":3205,"template":"","format":"standard","meta":{"_acf_changed":false},"product_brand":[],"product_cat":[98,71,80],"product_tag":[],"class_list":{"0":"post-3207","1":"product","2":"type-product","3":"status-publish","4":"format-standard","5":"has-post-thumbnail","7":"product_cat-stoomtechniek-stoomtechniel-prive-shop","8":"product_cat-shop","9":"product_cat-stoomtechniek-prive","11":"first","12":"instock","13":"taxable","14":"shipping-taxable","15":"purchasable","16":"product-type-simple"},"acf":[],"_links":{"self":[{"href":"https:\/\/cleopatra.nl\/fr\/wp-json\/wp\/v2\/product\/3207","targetHints":{"allow":["GET"]}}],"collection":[{"href":"https:\/\/cleopatra.nl\/fr\/wp-json\/wp\/v2\/product"}],"about":[{"href":"https:\/\/cleopatra.nl\/fr\/wp-json\/wp\/v2\/types\/product"}],"wp:featuredmedia":[{"embeddable":true,"href":"https:\/\/cleopatra.nl\/fr\/wp-json\/wp\/v2\/media\/3205"}],"wp:attachment":[{"href":"https:\/\/cleopatra.nl\/fr\/wp-json\/wp\/v2\/media?parent=3207"}],"wp:term":[{"taxonomy":"product_brand","embeddable":true,"href":"https:\/\/cleopatra.nl\/fr\/wp-json\/wp\/v2\/product_brand?post=3207"},{"taxonomy":"product_cat","embeddable":true,"href":"https:\/\/cleopatra.nl\/fr\/wp-json\/wp\/v2\/product_cat?post=3207"},{"taxonomy":"product_tag","embeddable":true,"href":"https:\/\/cleopatra.nl\/fr\/wp-json\/wp\/v2\/product_tag?post=3207"}],"curies":[{"name":"wp","href":"https:\/\/api.w.org\/{rel}","templated":true}]}}