{"id":3209,"date":"2022-04-27T19:01:58","date_gmt":"2022-04-27T17:01:58","guid":{"rendered":"https:\/\/cleopatra.medialoods.com\/?post_type=product&#038;p=3209"},"modified":"2025-01-02T11:30:47","modified_gmt":"2025-01-02T10:30:47","slug":"cleo-steam-smart-2","status":"publish","type":"product","link":"https:\/\/cleopatra.nl\/fr\/shop\/stoomtechniek-prive\/stoomtechniek-stoomtechniel-prive-shop\/cleo-steam-smart\/","title":{"rendered":"Cleo Steam Smart"},"content":{"rendered":"<p>Le site\u00a0<b>g\u00e9n\u00e9rateur de vapeur<\/b>\u00a0Cleo Steam Smart est un g\u00e9n\u00e9rateur de vapeur moderne et fiable qui peut \u00eatre utilis\u00e9 \u00e0 la maison ou dans un bain de vapeur semi-professionnel.<\/p>\n<h4>Que propose le Cleo Steam Smart ?<\/h4>\n<ul>\n<li><em>Processus de vaporisation en continu<\/em> pour un bain de vapeur optimal. La caract\u00e9ristique du Cleo Steam Smart est la logique de vapeur.<sup>\u00ae <\/sup> logiciel : en mesurant tr\u00e8s pr\u00e9cis\u00e9ment le climat dans l'habitacle, le logiciel Steam Logic<sup>\u00ae <\/sup>logiciel la courbe de vapeur parfaite pour votre cabine. Le r\u00e9sultat est le suivant : (1) le climat souhait\u00e9 est atteint rapidement, (2) le climat est tr\u00e8s stable (contrairement \u00e0 la plupart des g\u00e9n\u00e9rateurs de vapeur du march\u00e9, il n'y a pas de moments sans production de vapeur dans la cabine), et (3) le processus de vapeur est uniforme.<\/li>\n<\/ul>\n<ul>\n<li><em>Esth\u00e9tique.\u00a0<\/em>Le Cleo Steam Smart est command\u00e9 par l'\u00e9l\u00e9gante commande Cleo Touch, une commande en verre plat avec des symboles \u00e9clair\u00e9s en blanc. Le contr\u00f4leur peut \u00eatre plac\u00e9 \u00e0 l'int\u00e9rieur ou \u00e0 l'ext\u00e9rieur du bain de vapeur. Il permet de contr\u00f4ler les fonctions suivantes : (1) marche\/arr\u00eat de la vapeur, (2) marche\/arr\u00eat de la lumi\u00e8re blanche ou color\u00e9e, (3) marche\/arr\u00eat du parfum et r\u00e9glage en trois \u00e9tapes, et (4) temp\u00e9rature r\u00e9glable en trois \u00e9tapes.<\/li>\n<\/ul>\n<ul>\n<li><em>Luminoth\u00e9rapie en option<\/em>. Avec le Cleo Steam Smart, vous pouvez contr\u00f4ler les lumi\u00e8res color\u00e9es optionnelles. Vous pouvez faire changer les couleurs ou les mettre en pause, ou encore choisir une couleur en particulier. Vous pouvez ainsi profiter chez vous des nombreux effets physiques et psychologiques prouv\u00e9s des diff\u00e9rentes couleurs de lumi\u00e8re....<\/li>\n<\/ul>\n<ul>\n<li><em>S\u00e9curit\u00e9 suppl\u00e9mentaire<\/em> par le biais du capteur de s\u00e9curit\u00e9 (conforme aux normes les plus r\u00e9centes) ; si le capteur de temp\u00e9rature de la cabine est d\u00e9fectueux, le capteur de s\u00e9curit\u00e9 arr\u00eate la technologie de la vapeur.<\/li>\n<\/ul>\n<p>&nbsp;<\/p>\n<h4><b>SP\u00c9CIFICATIONS DE LA TECHNOLOGIE DE LA VAPEUR<\/b><\/h4>\n<p>La technologie vapeur Cleo Steam Smart est disponible dans les puissances indiqu\u00e9es ci-dessous :<\/p>\n<ul>\n<li>3,0 kW 230V<\/li>\n<li>4,5 kW 400 V (\u00e9ventuellement disponible en 2 x 230 V)<\/li>\n<li>6,0 kW 400 V (en option 2 x 230 V)<\/li>\n<li>7,5 kW 400 V<\/li>\n<li>9,0 kW 400V<\/li>\n<\/ul>\n<h4><strong><br \/>\nNOTES<\/strong><\/h4>\n<ul>\n<li>La puissance requise est calcul\u00e9e comme suit : Longueur de la cabine X largeur x hauteur x 1,25 = kW (puissance) n\u00e9cessaire.<\/li>\n<li>Nous supposons ici que la cabine est isol\u00e9e conform\u00e9ment \u00e0 la r\u00e9glementation et que sa hauteur int\u00e9rieure est de 220 cm maximum.<\/li>\n<li>A partir de 4,5 kW, un courant de puissance (3 x 400V) est n\u00e9cessaire.<\/li>\n<li>Les dimensions du g\u00e9n\u00e9rateur sont les suivantes : sans mesure des odeurs : 591 (H) x 470 (L) x 209 (P) mm.<\/li>\n<\/ul>\n<p>&nbsp;<\/p>\n<h4><strong>OPTIONS DU G\u00c9N\u00c9RATEUR DE VAPEUR<\/strong><\/h4>\n<p>Les options suivantes peuvent \u00eatre command\u00e9es avec le Cleo Steam Smart :<\/p>\n<ul>\n<li><em>Entr\u00e9e de la vapeur :\u00a0<\/em>Chaque g\u00e9n\u00e9rateur de vapeur dispose d'une entr\u00e9e de vapeur.<\/li>\n<li><em>D\u00e9tartrant<\/em>: Il est recommand\u00e9 de prolonger la dur\u00e9e de vie du g\u00e9n\u00e9rateur dans les zones o\u00f9 l'eau a une forte concentration de calcaire.<\/li>\n<li><em>Dosage unique du parfum<\/em>: Vous activez le dosage automatique du parfum et r\u00e9glez l'intensit\u00e9 de la senteur. Cela rendra vos cours de bain de vapeur encore plus agr\u00e9ables et vous permettra de profiter pleinement de l'aromath\u00e9rapie !<\/li>\n<li><em>Parfums<\/em>si vous achetez le diffuseur de parfum. Choix de d\u00e9licieux parfums !<\/li>\n<\/ul>\n<h4><strong><br \/>\nMANUEL<\/strong><\/h4>\n<p>Dans le manuel, vous trouverez toutes les informations importantes concernant ce produit. Vous pouvez trouver le manuel d'installation :<\/p>\n<p>Cliquez ici : <a href=\"https:\/\/cleopatra.nl\/wp-content\/uploads\/90187003-STEAM-SMART-MHL-2021-07-R02.pdf\">Manuel d'installation Steam Smart<\/a><\/p>\n<p>Cliquez ici : <a href=\"https:\/\/cleopatra.nl\/wp-content\/uploads\/90187001-STEAM-SMART-GHL-2021-07-R01.pdf\">Manuel d'utilisation Steam Smart<\/a><\/p>\n<p>&nbsp;<\/p>\n<h4><strong>LISTE DE CONTR\u00d4LE POUR L'INSTALLATION (lire le manuel)<\/strong><\/h4>\n<p>ESPACE AU-DESSUS DE LA CABINE<br \/>\nPour le raccordement de la ventilation et de l'\u00e9clairage, ajouter au moins 150 mm \u00e0 la dimension de la hauteur nette.<\/p>\n<p>SOL ET DRAINAGE<br \/>\nUne petite ouverture est m\u00e9nag\u00e9e sous la porte du hammam pour permettre \u00e0 l'air d'\u00eatre aspir\u00e9. Soins<br \/>\nque le plancher s'\u00e9coule suffisamment pour \u00e9vacuer l'eau de la douche. Conseil : faire un petit quelque chose sous la porte vitr\u00e9e<br \/>\nDe cette mani\u00e8re, l'eau de condensation de la porte retourne dans la cabine. Pour les<br \/>\nEn cas de protection par carrelage, le canal de drainage est de pr\u00e9f\u00e9rence plac\u00e9 au fond de l'orifice d'entr\u00e9e de la vapeur.<\/p>\n<p>VENTILATION NATURELLE<br \/>\nPr\u00e9voir une ventilation dans le toit ou en hauteur dans le mur de la cabine. Ou ventilation naturelle ou m\u00e9canique dans une<br \/>\nposition. Ne pas placer l'\u00e9vent au-dessus de l'entr\u00e9e de vapeur.<\/p>\n<p>L'\u00c9LECTRICIT\u00c9 ET L'EAU<br \/>\nCalcul de la puissance du g\u00e9n\u00e9rateur de vapeur : longueur de la cabine x largeur x hauteur (max 220 cm) x 1,25, ce qui donne<br \/>\njusqu'\u00e0 un volume de cabine de 7,2 m3. Au-del\u00e0 de ce volume, il est possible de commander un g\u00e9n\u00e9rateur esclave.<br \/>\n(3 ou 6 kW). Lors du choix de la puissance en cas de fa\u00e7ade en verre, veillez \u00e0 ne pas arrondir \u00e0 l'unit\u00e9 inf\u00e9rieure.<br \/>\nPour un g\u00e9n\u00e9rateur de vapeur de 3 kW, une connexion de 230 V est suffisante, \u00e0 partir de 4,5 kW, 400 V ou 2x 230 V est n\u00e9cessaire.<br \/>\nn\u00e9cessaire. En fonction du g\u00e9n\u00e9rateur et des lampes choisis, il faut d\u00e9terminer si la lumi\u00e8re passera \u00e0 travers le g\u00e9n\u00e9rateur<br \/>\nou s'il est n\u00e9cessaire d'avoir une deuxi\u00e8me alimentation pour les lampes. Nous recommandons<br \/>\nVeuillez noter que les dimensions des g\u00e9n\u00e9rateurs s'appliquent \u00e0 toutes les puissances. Les dimensions des g\u00e9n\u00e9rateurs s'appliquent \u00e0 toutes les sorties ; le tuyau de vapeur et les pi\u00e8ces int\u00e9gr\u00e9es.<br \/>\nsont de 28 mm. Les \u00e9l\u00e9ments suivants sont n\u00e9cessaires sur le site du g\u00e9n\u00e9rateur : eau, siphon r\u00e9sistant \u00e0 la chaleur, interrupteur de fonctionnement et alimentation \u00e9lectrique.<br \/>\nl'alimentation \u00e9lectrique. La pression de l'eau doit \u00eatre normale. En cas d'eau dure, il est recommand\u00e9 d'utiliser un adoucisseur d'eau pour l'appareil.<br \/>\nle g\u00e9n\u00e9rateur de vapeur \u00e0 placer.<\/p>\n<p>DU G\u00c9N\u00c9RATEUR<br \/>\nSi un g\u00e9n\u00e9rateur de vapeur externe est utilis\u00e9, la conduite de vapeur entre le g\u00e9n\u00e9rateur et l'entr\u00e9e de vapeur peut \u00eatre<br \/>\nmax. 3,5 m. A partir du g\u00e9n\u00e9rateur de vapeur, la conduite doit d'abord monter (45 cm) puis s'incliner vers<br \/>\nvers le bas en direction de l'entr\u00e9e de vapeur. La conduite de vapeur doit \u00eatre isol\u00e9e, coud\u00e9e - ne pas utiliser d'isolant.<br \/>\ngenoux et prendre des virages larges.<\/p>\n<p>PARFUM DE LA PI\u00c8CE DE LIAISON<br \/>\nSi le dosage de parfum a \u00e9t\u00e9 choisi : le raccord doit rester accessible et dans la section<br \/>\nde la conduite de vapeur \u00e0 monter qui descend en pente. Cela permet \u00e0 l'odeur<br \/>\nne jamais p\u00e9n\u00e9trer dans le g\u00e9n\u00e9rateur de vapeur.<\/p>\n<p>GARANTIE<br \/>\nTous les g\u00e9n\u00e9rateurs Cleopatra b\u00e9n\u00e9ficient en standard d'une garantie fabricant de 2 ans.<\/p>\n<p>B\u00c2TIMENTS<\/p>\n<p>Cleopatra fournit des pi\u00e8ces int\u00e9gr\u00e9es pour les capteurs, les commandes et l'arriv\u00e9e de vapeur que les tiers doivent traiter dans les murs et les carreaux. Pour plus d'informations sur les dimensions et la mani\u00e8re dont elles doivent \u00eatre trait\u00e9es, lisez le manuel.<\/p>","protected":false},"excerpt":{"rendered":"<p>Le site\u00a0<b>g\u00e9n\u00e9rateur de vapeur<\/b>\u00a0Cleo Steam Smart est un g\u00e9n\u00e9rateur de vapeur moderne et fiable qui peut \u00eatre utilis\u00e9 \u00e0 la maison ou dans un bain de vapeur semi-professionnel.<\/p>","protected":false},"featured_media":3205,"template":"","format":"standard","meta":{"_acf_changed":false},"product_brand":[],"product_cat":[98,71,80],"product_tag":[],"class_list":{"0":"post-3209","1":"product","2":"type-product","3":"status-publish","4":"format-standard","5":"has-post-thumbnail","7":"product_cat-stoomtechniek-stoomtechniel-prive-shop","8":"product_cat-shop","9":"product_cat-stoomtechniek-prive","11":"first","12":"instock","13":"taxable","14":"shipping-taxable","15":"purchasable","16":"product-type-simple"},"acf":[],"_links":{"self":[{"href":"https:\/\/cleopatra.nl\/fr\/wp-json\/wp\/v2\/product\/3209","targetHints":{"allow":["GET"]}}],"collection":[{"href":"https:\/\/cleopatra.nl\/fr\/wp-json\/wp\/v2\/product"}],"about":[{"href":"https:\/\/cleopatra.nl\/fr\/wp-json\/wp\/v2\/types\/product"}],"wp:featuredmedia":[{"embeddable":true,"href":"https:\/\/cleopatra.nl\/fr\/wp-json\/wp\/v2\/media\/3205"}],"wp:attachment":[{"href":"https:\/\/cleopatra.nl\/fr\/wp-json\/wp\/v2\/media?parent=3209"}],"wp:term":[{"taxonomy":"product_brand","embeddable":true,"href":"https:\/\/cleopatra.nl\/fr\/wp-json\/wp\/v2\/product_brand?post=3209"},{"taxonomy":"product_cat","embeddable":true,"href":"https:\/\/cleopatra.nl\/fr\/wp-json\/wp\/v2\/product_cat?post=3209"},{"taxonomy":"product_tag","embeddable":true,"href":"https:\/\/cleopatra.nl\/fr\/wp-json\/wp\/v2\/product_tag?post=3209"}],"curies":[{"name":"wp","href":"https:\/\/api.w.org\/{rel}","templated":true}]}}