{"id":3213,"date":"2022-04-25T16:46:22","date_gmt":"2022-04-25T14:46:22","guid":{"rendered":"https:\/\/cleopatra.medialoods.com\/?post_type=product&#038;p=3213"},"modified":"2026-04-26T21:18:51","modified_gmt":"2026-04-26T19:18:51","slug":"acryl-bank-hoek-1500x1225mm","status":"publish","type":"product","link":"https:\/\/cleopatra.nl\/fr\/shop\/modulair-stoom\/acryl-betegelbare-banken\/acryl-bank-hoek\/","title":{"rendered":"Coin de banc en acrylique - 1500x1225mm"},"content":{"rendered":"<p>Cette banquette d'angle en acrylique pour 2 personnes est facile \u00e0 nettoyer et convient parfaitement pour un bain de vapeur.<\/p>\n<ul>\n<li><span data-contrast=\"auto\">Qualit\u00e9 sup\u00e9rieure<\/span><b><span data-contrast=\"auto\">banc d'angle de hammam<\/span><\/b><span data-contrast=\"auto\">en acrylique. <\/span><\/li>\n<li><span data-contrast=\"auto\">Facile \u00e0 nettoyer.<\/span><\/li>\n<li><span data-contrast=\"auto\">Le canap\u00e9 d'angle a les dimensions suivantes et est disponible avec l'angle \u00e0 gauche (comme sur la photo) ou \u00e0 droite.<\/span><\/li>\n<li>Comprend des fixations pour un montage mural direct.<\/li>\n<li>Disponible pour le coin droit ou gauche<\/li>\n<\/ul>\n<h4><strong><\/p>\n<p>DIMENSIONS<\/strong><\/h4>\n<ul>\n<li><span data-contrast=\"auto\">1500 mm (c\u00f4t\u00e9 long) x 1125 mm (c\u00f4t\u00e9 court)<\/span><span data-ccp-props=\"{&quot;201341983&quot;:0,&quot;335559738&quot;:100,&quot;335559739&quot;:200,&quot;335559740&quot;:276}\">\u00a0<\/span><\/li>\n<li><span data-contrast=\"auto\">Hauteur : 905 mm<\/span><span data-ccp-props=\"{&quot;201341983&quot;:0,&quot;335559738&quot;:100,&quot;335559739&quot;:200,&quot;335559740&quot;:276}\">\u00a0<\/span><\/li>\n<li><span data-contrast=\"auto\">Profondeur : 480 mm<\/span><span data-ccp-props=\"{&quot;201341983&quot;:0,&quot;335559738&quot;:100,&quot;335559739&quot;:200,&quot;335559740&quot;:276}\">\u00a0<\/span><\/li>\n<\/ul>\n<h4>\nMANUEL<\/h4>\n<p>T\u00e9l\u00e9charger le <a href=\"https:\/\/cleopatra.nl\/wp-content\/uploads\/Montage-handleiding-Acryl-banken-DE-ENG-NL-90156901.pdf\">manuel ici.<\/a><\/p>","protected":false},"excerpt":{"rendered":"<p>Cette banquette d'angle en acrylique pour 2 personnes est facile \u00e0 nettoyer et convient parfaitement pour un bain de vapeur.<\/p>","protected":false},"featured_media":3217,"template":"","format":"standard","meta":{"_acf_changed":false},"product_brand":[347],"product_cat":[88,78,71],"product_tag":[],"class_list":{"0":"post-3213","1":"product","2":"type-product","3":"status-publish","4":"format-standard","5":"has-post-thumbnail","7":"product_brand-cleopatra","8":"product_cat-acryl-betegelbare-banken","9":"product_cat-modulair-stoom","10":"product_cat-shop","12":"first","13":"instock","14":"taxable","15":"shipping-taxable","16":"purchasable","17":"product-type-simple"},"acf":[],"_links":{"self":[{"href":"https:\/\/cleopatra.nl\/fr\/wp-json\/wp\/v2\/product\/3213","targetHints":{"allow":["GET"]}}],"collection":[{"href":"https:\/\/cleopatra.nl\/fr\/wp-json\/wp\/v2\/product"}],"about":[{"href":"https:\/\/cleopatra.nl\/fr\/wp-json\/wp\/v2\/types\/product"}],"wp:featuredmedia":[{"embeddable":true,"href":"https:\/\/cleopatra.nl\/fr\/wp-json\/wp\/v2\/media\/3217"}],"wp:attachment":[{"href":"https:\/\/cleopatra.nl\/fr\/wp-json\/wp\/v2\/media?parent=3213"}],"wp:term":[{"taxonomy":"product_brand","embeddable":true,"href":"https:\/\/cleopatra.nl\/fr\/wp-json\/wp\/v2\/product_brand?post=3213"},{"taxonomy":"product_cat","embeddable":true,"href":"https:\/\/cleopatra.nl\/fr\/wp-json\/wp\/v2\/product_cat?post=3213"},{"taxonomy":"product_tag","embeddable":true,"href":"https:\/\/cleopatra.nl\/fr\/wp-json\/wp\/v2\/product_tag?post=3213"}],"curies":[{"name":"wp","href":"https:\/\/api.w.org\/{rel}","templated":true}]}}