{"id":3214,"date":"2022-04-27T19:01:57","date_gmt":"2022-04-27T17:01:57","guid":{"rendered":"https:\/\/cleopatra.medialoods.com\/?post_type=product&#038;p=3214"},"modified":"2026-04-27T13:09:28","modified_gmt":"2026-04-27T11:09:28","slug":"ultrasteam-2","status":"publish","type":"product","link":"https:\/\/cleopatra.nl\/fr\/shop\/stoomtechniek-prive\/stoomtechniek-stoomtechniel-prive-shop\/ultrasteam\/","title":{"rendered":"Ultrasteam"},"content":{"rendered":"<h4><strong>DESCRIPTION<\/strong><\/h4>\n<p>L'Ultrateam<sup>\u00ae<\/sup>\u00a0 a \u00e9t\u00e9 con\u00e7u pour offrir l'exp\u00e9rience ultime de la vapeur : d'\u00e9pais nuages de vapeur et une temp\u00e9rature merveilleuse d'environ 48 degr\u00e9s Celsius. L'Ultrasteam<sup>\u00ae<\/sup> peut fonctionner avec diff\u00e9rents g\u00e9n\u00e9rateurs de vapeur Cleopatra, ce qui permet \u00e9galement d'utiliser l'Ultrasteam<sup>\u00ae<\/sup> aux installations existantes. Le processus id\u00e9al de production de vapeur comprend deux facteurs : la temp\u00e9rature et l'humidit\u00e9. Si l'humidit\u00e9 est insuffisante, en raison d'une mauvaise ventilation ou d'un climat trop chaud, aucune vapeur n'est visible. L'Ultrasteam<sup>\u00ae<\/sup> comble le manque d'humidit\u00e9 et cr\u00e9e ainsi un merveilleux bain de vapeur comme vous n'en avez jamais vu auparavant. Cette solution brevet\u00e9e a d\u00e9j\u00e0 fait ses preuves dans diverses institutions de bien-\u00eatre renomm\u00e9es en Allemagne et \u00e0 l'\u00e9tranger.<\/p>\n<p>&nbsp;<\/p>\n<p><strong>S\u00dbRET\u00c9 \u00c9NERG\u00c9TIQUE<\/strong><\/p>\n<p>Pour les h\u00f4tels, les piscines publiques et les lieux publics, il est possible d'\u00e9conomiser consid\u00e9rablement sur les co\u00fbts d'\u00e9nergie gr\u00e2ce \u00e0 la commande de veille avec t\u00eate de pression. L'Ultrasteam<sup>\u00ae<\/sup> et les g\u00e9n\u00e9rateurs de vapeur Cleopatra peuvent \u00eatre r\u00e9gl\u00e9s pour produire un temps de chauffe court et des nuages de vapeur complets. Il n'est donc pas n\u00e9cessaire de faire fonctionner l'installation toute la journ\u00e9e. Cela permet d'\u00e9conomiser sur les co\u00fbts d'entretien et d'\u00e9nergie.<\/p>\n<p>&nbsp;<\/p>\n<p><strong>OPERATION<\/strong><\/p>\n<p>L'Ultrateam<sup>\u00ae<\/sup> produit de tr\u00e8s fines gouttelettes d'eau froide, qui sont souffl\u00e9es dans la cabine par un ventilateur. D\u00e8s que ces gouttelettes d'eau entrent en contact avec de la vapeur d'eau chaude, un processus de condensation acc\u00e9l\u00e9r\u00e9 se met imm\u00e9diatement en place : cela provoque<br \/>\nd'\u00e9pais nuages de vapeur sont cr\u00e9\u00e9s. En fonction de la commande et du g\u00e9n\u00e9rateur de vapeur choisis, il est possible d'utiliser l'Ultrasteam<sup>\u00ae<\/sup> en continu ou en partie avec le processus de vapeur. L'Ultrasteam utilise des filtres \u00e0 eau pour garantir une hygi\u00e8ne optimale de l'eau. Apr\u00e8s utilisation, l'Ultrasteam se vide<sup>\u00ae<\/sup> de mani\u00e8re \u00e0 ce qu'il ne reste plus d'eau r\u00e9siduelle.<\/p>\n<p>&nbsp;<\/p>\n<p><strong>CONNECTIONS<\/strong><\/p>\n<p>Pour connecter l'Ultrasteam<sup>\u00ae<\/sup> Il suffit d'un branchement d'eau froide, d'une \u00e9vacuation et d'un branchement \u00e9lectrique (230 V - 1N). L'Ultrasteam<sup>\u00ae<\/sup> est en option avec le Steam Deluxe et les g\u00e9n\u00e9rateurs professionnels Vital et Elite pro. Voici un aper\u00e7u du fonctionnement de l'Ultrasteam<sup>\u00ae<\/sup>.<\/p>\n<p>&nbsp;<\/p>\n<p><strong>MANUEL<\/strong><\/p>\n<p>Dans le manuel, vous trouverez toutes les informations importantes concernant ce produit. Vous pouvez trouver le manuel d'installation :<\/p>\n<p>Cliquez ici : Ultrasteam<a href=\"https:\/\/cleopatra.nl\/wp-content\/uploads\/ULTRASTEAM-MHL-2023-90179007.pdf\">\u00a0manuel d'installation<\/a><\/p>\n<p>&nbsp;<\/p>","protected":false},"excerpt":{"rendered":"<p>OMSCHRIJVING De Ultrasteam\u00ae\u00a0 generator is bedacht en ontworpen om de ultieme stoombeleving te realiseren: dikke wolken stoom en een heerlijke temperatuur van rond de 48 graden Celsius. De Ultrasteam\u00ae generator kan met diverse Cleopatra stoom generatoren samenwerken waardoor het ook mogelijk is om de Ultrasteam\u00ae op bestaande installaties aan te sluiten. Het ideale stoomproces bestaat [&hellip;]<\/p>\n","protected":false},"featured_media":3215,"template":"","format":"standard","meta":{"_acf_changed":false},"product_brand":[347],"product_cat":[98,71,80,81],"product_tag":[],"class_list":{"0":"post-3214","1":"product","2":"type-product","3":"status-publish","4":"format-standard","5":"has-post-thumbnail","7":"product_brand-cleopatra","8":"product_cat-stoomtechniek-stoomtechniel-prive-shop","9":"product_cat-shop","10":"product_cat-stoomtechniek-prive","11":"product_cat-stoomtechniek-professioneel","13":"first","14":"instock","15":"taxable","16":"shipping-taxable","17":"purchasable","18":"product-type-simple"},"acf":[],"_links":{"self":[{"href":"https:\/\/cleopatra.nl\/fr\/wp-json\/wp\/v2\/product\/3214","targetHints":{"allow":["GET"]}}],"collection":[{"href":"https:\/\/cleopatra.nl\/fr\/wp-json\/wp\/v2\/product"}],"about":[{"href":"https:\/\/cleopatra.nl\/fr\/wp-json\/wp\/v2\/types\/product"}],"wp:featuredmedia":[{"embeddable":true,"href":"https:\/\/cleopatra.nl\/fr\/wp-json\/wp\/v2\/media\/3215"}],"wp:attachment":[{"href":"https:\/\/cleopatra.nl\/fr\/wp-json\/wp\/v2\/media?parent=3214"}],"wp:term":[{"taxonomy":"product_brand","embeddable":true,"href":"https:\/\/cleopatra.nl\/fr\/wp-json\/wp\/v2\/product_brand?post=3214"},{"taxonomy":"product_cat","embeddable":true,"href":"https:\/\/cleopatra.nl\/fr\/wp-json\/wp\/v2\/product_cat?post=3214"},{"taxonomy":"product_tag","embeddable":true,"href":"https:\/\/cleopatra.nl\/fr\/wp-json\/wp\/v2\/product_tag?post=3214"}],"curies":[{"name":"wp","href":"https:\/\/api.w.org\/{rel}","templated":true}]}}