{"id":3218,"date":"2022-04-25T16:52:15","date_gmt":"2022-04-25T14:52:15","guid":{"rendered":"https:\/\/cleopatra.medialoods.com\/?post_type=product&#038;p=3218"},"modified":"2026-04-27T17:24:36","modified_gmt":"2026-04-27T15:24:36","slug":"betegelbare-bank-model-11","status":"publish","type":"product","link":"https:\/\/cleopatra.nl\/fr\/shop\/modulair-stoom\/acryl-betegelbare-banken\/betegelbare-bank-model-1\/","title":{"rendered":"Banc \u00e0 carreaux Mod\u00e8le 1"},"content":{"rendered":"<ul>\n<li><span data-contrast=\"auto\">Les bancs du hammam Cleopatra sont \u00e9tanches et pr\u00eats \u00e0 \u00eatre carrel\u00e9s imm\u00e9diatement.<\/span><span data-ccp-props=\"{&quot;201341983&quot;:0,&quot;335559738&quot;:100,&quot;335559739&quot;:200,&quot;335559740&quot;:276}\">\u00a0<\/span><\/li>\n<li><span data-contrast=\"auto\">Ce site<\/span><b><span data-contrast=\"auto\">Banc de bain de vapeur<\/span><\/b><span data-contrast=\"auto\">peuvent \u00eatre finis non seulement avec de la mosa\u00efque mais aussi avec des carreaux de format.<\/span><span data-ccp-props=\"{&quot;201341983&quot;:0,&quot;335559738&quot;:100,&quot;335559739&quot;:200,&quot;335559740&quot;:276}\">\u00a0<\/span><\/li>\n<li><span data-contrast=\"auto\">Le banc est fabriqu\u00e9 sur mesure ; vous d\u00e9terminez et commandez la taille en m\u00e8tres du banc.Le prix indiqu\u00e9 est au m\u00e8tre.<\/span><span data-ccp-props=\"{&quot;201341983&quot;:0,&quot;335559738&quot;:100,&quot;335559739&quot;:200,&quot;335559740&quot;:276}\">\u00a0<\/span><\/li>\n<li><span data-contrast=\"auto\">La premi\u00e8re photo montre le banc avec le rail \u00e0 LED en option.<\/span><span data-ccp-props=\"{&quot;201341983&quot;:0,&quot;335559738&quot;:100,&quot;335559739&quot;:200,&quot;335559740&quot;:276}\">\u00a0<\/span><\/li>\n<li><span data-contrast=\"auto\">Les coins du banc sont livr\u00e9s avec un onglet.<\/span><span data-ccp-props=\"{&quot;201341983&quot;:0,&quot;335559738&quot;:100,&quot;335559739&quot;:200,&quot;335559740&quot;:276}\">\u00a0<\/span><\/li>\n<\/ul>\n<p>&nbsp;<\/p>\n<h4><strong>OPTIONNEL<\/strong><\/h4>\n<p><span data-contrast=\"auto\">Il est \u00e9galement possible d'obtenir ce canap\u00e9 avec des si\u00e8ges souples et \u00e9l\u00e9gants. Les si\u00e8ges sont disponibles dans les couleurs suivantes :<\/span><span data-ccp-props=\"{&quot;201341983&quot;:0,&quot;335559738&quot;:100,&quot;335559739&quot;:200,&quot;335559740&quot;:276}\">\u00a0<\/span><\/p>\n<p><span data-contrast=\"auto\">Noir RAL 7021<\/span><span data-ccp-props=\"{&quot;201341983&quot;:0,&quot;335559738&quot;:100,&quot;335559739&quot;:200,&quot;335559740&quot;:276}\">\u00a0<\/span><\/p>\n<p><span data-contrast=\"auto\">Gris RAL 7042<\/span><span data-ccp-props=\"{&quot;201341983&quot;:0,&quot;335559738&quot;:100,&quot;335559739&quot;:200,&quot;335559740&quot;:276}\">\u00a0<\/span><\/p>\n<p><span data-contrast=\"auto\">Blanc RAL 9016<\/span><span data-ccp-props=\"{&quot;201341983&quot;:0,&quot;335559738&quot;:100,&quot;335559739&quot;:200,&quot;335559740&quot;:276}\">\u00a0<\/span><\/p>\n<p>&nbsp;<\/p>\n<h4><strong>DIMENSIONS<\/strong><\/h4>\n<p>450 x 500 mm<\/p>\n<h4><strong>MANUEL<\/strong><\/h4>\n<p>T\u00e9l\u00e9charger le <a href=\"https:\/\/cleopatra.nl\/wp-content\/uploads\/Handleiding-betegelbare-banken-90212305-R02.pdf\">instructions pour le banc \u00e0 carreler<\/a><\/p>","protected":false},"excerpt":{"rendered":"<p><span data-contrast=\"auto\">Les bancs du hammam Cleopatra sont \u00e9tanches et pr\u00eats \u00e0 \u00eatre carrel\u00e9s imm\u00e9diatement.<\/span><\/p>","protected":false},"featured_media":3219,"template":"","format":"standard","meta":{"_acf_changed":false},"product_brand":[347],"product_cat":[276,78,71],"product_tag":[],"class_list":{"0":"post-3218","1":"product","2":"type-product","3":"status-publish","4":"format-standard","5":"has-post-thumbnail","7":"product_brand-cleopatra","8":"product_cat-betegelbare-banken","9":"product_cat-modulair-stoom","10":"product_cat-shop","12":"first","13":"instock","14":"taxable","15":"shipping-taxable","16":"purchasable","17":"product-type-simple"},"acf":[],"_links":{"self":[{"href":"https:\/\/cleopatra.nl\/fr\/wp-json\/wp\/v2\/product\/3218","targetHints":{"allow":["GET"]}}],"collection":[{"href":"https:\/\/cleopatra.nl\/fr\/wp-json\/wp\/v2\/product"}],"about":[{"href":"https:\/\/cleopatra.nl\/fr\/wp-json\/wp\/v2\/types\/product"}],"wp:featuredmedia":[{"embeddable":true,"href":"https:\/\/cleopatra.nl\/fr\/wp-json\/wp\/v2\/media\/3219"}],"wp:attachment":[{"href":"https:\/\/cleopatra.nl\/fr\/wp-json\/wp\/v2\/media?parent=3218"}],"wp:term":[{"taxonomy":"product_brand","embeddable":true,"href":"https:\/\/cleopatra.nl\/fr\/wp-json\/wp\/v2\/product_brand?post=3218"},{"taxonomy":"product_cat","embeddable":true,"href":"https:\/\/cleopatra.nl\/fr\/wp-json\/wp\/v2\/product_cat?post=3218"},{"taxonomy":"product_tag","embeddable":true,"href":"https:\/\/cleopatra.nl\/fr\/wp-json\/wp\/v2\/product_tag?post=3218"}],"curies":[{"name":"wp","href":"https:\/\/api.w.org\/{rel}","templated":true}]}}