{"id":3220,"date":"2022-04-25T16:59:19","date_gmt":"2022-04-25T14:59:19","guid":{"rendered":"https:\/\/cleopatra.medialoods.com\/?post_type=product&#038;p=3220"},"modified":"2025-01-02T11:30:44","modified_gmt":"2025-01-02T10:30:44","slug":"betegelbare-bank-model-10","status":"publish","type":"product","link":"https:\/\/cleopatra.nl\/fr\/shop\/modulair-stoom\/acryl-betegelbare-banken\/betegelbare-bank-model-2\/","title":{"rendered":"Banc \u00e0 carreaux Mod\u00e8le 2"},"content":{"rendered":"<ul>\n<li><span data-contrast=\"auto\">Les bancs du bain de vapeur Cleopatra sont imperm\u00e9ables et pr\u00eats \u00e0 \u00eatre directement carrel\u00e9s.<\/span><span data-ccp-props=\"{&quot;201341983&quot;:0,&quot;335559738&quot;:100,&quot;335559739&quot;:200,&quot;335559740&quot;:276}\">\u00a0<\/span><\/li>\n<li><span data-contrast=\"auto\">Ce site<\/span><b><span data-contrast=\"auto\">Banc de bain de vapeur<\/span><\/b><span data-contrast=\"auto\">peuvent \u00eatre finis non seulement avec de la mosa\u00efque mais aussi avec des carreaux de format. Id\u00e9al pour choisir la finition qui convient le mieux au hammam !<\/span><span data-ccp-props=\"{&quot;201341983&quot;:0,&quot;335559738&quot;:100,&quot;335559739&quot;:200,&quot;335559740&quot;:276}\">\u00a0<\/span><\/li>\n<li><span data-contrast=\"auto\">Le canap\u00e9 est fabriqu\u00e9 sur mesure ; vous d\u00e9terminez et commandez la taille en m\u00e8tres du canap\u00e9.<\/span><span data-ccp-props=\"{&quot;201341983&quot;:0,&quot;335559738&quot;:100,&quot;335559739&quot;:200,&quot;335559740&quot;:276}\">\u00a0<\/span><\/li>\n<li><span data-contrast=\"auto\">Montr\u00e9 avec le rail \u00e0 LED en option.<\/span><span data-ccp-props=\"{&quot;201341983&quot;:0,&quot;335559738&quot;:100,&quot;335559739&quot;:200,&quot;335559740&quot;:276}\">\u00a0<\/span><\/li>\n<li><span data-contrast=\"auto\">Les coins du banc sont livr\u00e9s avec un onglet.<\/span><span data-ccp-props=\"{&quot;201341983&quot;:0,&quot;335559738&quot;:100,&quot;335559739&quot;:200,&quot;335559740&quot;:276}\">\u00a0<\/span><\/li>\n<\/ul>\n<p>&nbsp;<\/p>\n<h4><strong>DIMENSIONS<\/strong><\/h4>\n<p>500 x 1000 mm<\/p>\n<h4><strong>MANUEL<\/strong><\/h4>\n<p>T\u00e9l\u00e9charger le <a href=\"https:\/\/cleopatra.nl\/wp-content\/uploads\/Handleiding-betegelbare-banken-90212305-R02.pdf\">instructions pour le banc \u00e0 carreler<\/a><\/p>","protected":false},"excerpt":{"rendered":"<p><span data-contrast=\"auto\">Les bancs du bain de vapeur Cleopatra sont imperm\u00e9ables et pr\u00eats \u00e0 \u00eatre directement carrel\u00e9s.<\/span><span data-ccp-props=\"{&quot;201341983&quot;:0,&quot;335559738&quot;:100,&quot;335559739&quot;:200,&quot;335559740&quot;:276}\">\u00a0<\/span><\/p>","protected":false},"featured_media":3221,"template":"","format":"standard","meta":{"_acf_changed":false},"product_brand":[],"product_cat":[276,78,71],"product_tag":[],"class_list":{"0":"post-3220","1":"product","2":"type-product","3":"status-publish","4":"format-standard","5":"has-post-thumbnail","7":"product_cat-betegelbare-banken","8":"product_cat-modulair-stoom","9":"product_cat-shop","11":"first","12":"instock","13":"taxable","14":"shipping-taxable","15":"purchasable","16":"product-type-simple"},"acf":[],"_links":{"self":[{"href":"https:\/\/cleopatra.nl\/fr\/wp-json\/wp\/v2\/product\/3220","targetHints":{"allow":["GET"]}}],"collection":[{"href":"https:\/\/cleopatra.nl\/fr\/wp-json\/wp\/v2\/product"}],"about":[{"href":"https:\/\/cleopatra.nl\/fr\/wp-json\/wp\/v2\/types\/product"}],"wp:featuredmedia":[{"embeddable":true,"href":"https:\/\/cleopatra.nl\/fr\/wp-json\/wp\/v2\/media\/3221"}],"wp:attachment":[{"href":"https:\/\/cleopatra.nl\/fr\/wp-json\/wp\/v2\/media?parent=3220"}],"wp:term":[{"taxonomy":"product_brand","embeddable":true,"href":"https:\/\/cleopatra.nl\/fr\/wp-json\/wp\/v2\/product_brand?post=3220"},{"taxonomy":"product_cat","embeddable":true,"href":"https:\/\/cleopatra.nl\/fr\/wp-json\/wp\/v2\/product_cat?post=3220"},{"taxonomy":"product_tag","embeddable":true,"href":"https:\/\/cleopatra.nl\/fr\/wp-json\/wp\/v2\/product_tag?post=3220"}],"curies":[{"name":"wp","href":"https:\/\/api.w.org\/{rel}","templated":true}]}}