{"id":3239,"date":"2022-04-27T19:02:06","date_gmt":"2022-04-27T17:02:06","guid":{"rendered":"https:\/\/cleopatra.medialoods.com\/?post_type=product&#038;p=3239"},"modified":"2026-04-27T17:49:47","modified_gmt":"2026-04-27T15:49:47","slug":"luidsprekers-2-stuks","status":"publish","type":"product","link":"https:\/\/cleopatra.nl\/fr\/shop\/modulair-stoom\/opties-specificaties\/luidspreker\/","title":{"rendered":"Haut-parleurs | 2 pi\u00e8ces"},"content":{"rendered":"<p>Deux produits de haute qualit\u00e9\u00a0<strong>enceintes de hammam<\/strong>\u00a0sp\u00e9cialement d\u00e9velopp\u00e9 pour \u00eatre install\u00e9 dans les toits des bains de vapeur de Cl\u00e9op\u00e2tre.<\/p>\n<p>A connecter \u00e0 un syst\u00e8me de sonorisation de son choix. 8 ohms.<\/p>\n<p>Ils s'adaptent parfaitement \u00e0 tous les toits et sont disponibles en deux couleurs diff\u00e9rentes :<\/p>\n<ul>\n<li>Blanc<\/li>\n<li>Gris<\/li>\n<\/ul>\n<p>Belangrijke eigenschap is dat deze speaker waterdicht en tegen warmte kan.<\/p>","protected":false},"excerpt":{"rendered":"<p>Twee hoogwaardige\u00a0stoombad speakers\u00a0speciaal ontwikkeld voor plaatsing in de Cleopatra stoombad daken. Te verbinden aan een geluidsinstallatie naar keuze. 8 ohms. Passen perfect in alle daken en zijn verkrijgbaar in twee verschillende kleuren: Wit Grijs Belangrijke eigenschap is dat deze speaker waterdicht en tegen warmte kan.<\/p>","protected":false},"featured_media":3240,"template":"","format":"standard","meta":{"_acf_changed":false},"product_brand":[347],"product_cat":[90,78,71],"product_tag":[],"class_list":{"0":"post-3239","1":"product","2":"type-product","3":"status-publish","4":"format-standard","5":"has-post-thumbnail","7":"product_brand-cleopatra","8":"product_cat-opties-specificaties","9":"product_cat-modulair-stoom","10":"product_cat-shop","12":"first","13":"instock","14":"taxable","15":"shipping-taxable","16":"purchasable","17":"product-type-simple"},"acf":[],"_links":{"self":[{"href":"https:\/\/cleopatra.nl\/fr\/wp-json\/wp\/v2\/product\/3239","targetHints":{"allow":["GET"]}}],"collection":[{"href":"https:\/\/cleopatra.nl\/fr\/wp-json\/wp\/v2\/product"}],"about":[{"href":"https:\/\/cleopatra.nl\/fr\/wp-json\/wp\/v2\/types\/product"}],"wp:featuredmedia":[{"embeddable":true,"href":"https:\/\/cleopatra.nl\/fr\/wp-json\/wp\/v2\/media\/3240"}],"wp:attachment":[{"href":"https:\/\/cleopatra.nl\/fr\/wp-json\/wp\/v2\/media?parent=3239"}],"wp:term":[{"taxonomy":"product_brand","embeddable":true,"href":"https:\/\/cleopatra.nl\/fr\/wp-json\/wp\/v2\/product_brand?post=3239"},{"taxonomy":"product_cat","embeddable":true,"href":"https:\/\/cleopatra.nl\/fr\/wp-json\/wp\/v2\/product_cat?post=3239"},{"taxonomy":"product_tag","embeddable":true,"href":"https:\/\/cleopatra.nl\/fr\/wp-json\/wp\/v2\/product_tag?post=3239"}],"curies":[{"name":"wp","href":"https:\/\/api.w.org\/{rel}","templated":true}]}}